{"id":600,"date":"2018-06-06T09:32:32","date_gmt":"2018-06-06T07:32:32","guid":{"rendered":"https:\/\/perigordbeers.com\/?page_id=600"},"modified":"2018-06-06T09:35:37","modified_gmt":"2018-06-06T07:35:37","slug":"mentions-legales","status":"publish","type":"page","link":"https:\/\/perigordbeers.com\/fr\/mentions-legales\/","title":{"rendered":"Mentions L\u00e9gales"},"content":{"rendered":"<p><strong>Si\u00e8ge social :<\/strong><br \/>\nLa Brasserie Artisanale de Saint-Saud<br \/>\nMoulin de Mazieras<br \/>\n24470 Saint-saud-Lacoussi\u00e8re.<br \/>\nTel :  0033 (0) 5 53 60 73 87<\/p>\n<p>Soci\u00e9t\u00e9 a responsabilit\u00e9 limit\u00e9e<br \/>\nCapital social : 1000 \u20ac<br \/>\nSiret : 817 873 144 00015<br \/>\nCode NAF : 1105Z<br \/>\nNo de TVA intracommunautaire :  FR79 817 873 144<br \/>\nG\u00e9rant POVEY Michael<br \/>\nPOVEY Valerie<br \/>\nWHITEAR Lorraine<\/p>\n<p>Site internet cr\u00e9ation et h\u00e9berg\u00e9ment : <a href=\"https:\/\/port80.services\/\" target=\"_blank\">Port 80 Services<\/a><br \/>\nPort 80 Mazeroux<br \/>\n24470 Milhac-de-Nontron<br \/>\nCr\u00e9ation de logo : Louise Curtis <\/p>\n","protected":false},"excerpt":{"rendered":"<p>Si\u00e8ge social : La Brasserie Artisanale de Saint-Saud Moulin de Mazieras 24470 Saint-saud-Lacoussi\u00e8re. Tel : 0033 (0) 5 53 60 73 87 Soci\u00e9t\u00e9 a responsabilit\u00e9 limit\u00e9e Capital social : 1000 \u20ac Siret : 817 873 144 00015 Code NAF : 1105Z No de TVA intracommunautaire : FR79 817 873 144 [&hellip;]<\/p>\n","protected":false},"author":1,"featured_media":0,"parent":0,"menu_order":0,"comment_status":"closed","ping_status":"closed","template":"","meta":{"footnotes":""},"class_list":["post-600","page","type-page","status-publish","hentry"],"yoast_head":"<!-- This site is optimized with the Yoast SEO plugin v27.3 - https:\/\/yoast.com\/product\/yoast-seo-wordpress\/ -->\n<title>Les Mentions L\u00e9gales de P\u00e9rigord Beers<\/title>\n<meta name=\"description\" content=\"Des informations l\u00e9gales importantes concernant l&#039;entreprise La Brasserie Artisanale de Saint Saud, et notre site internet, P\u00e9rigord Beers.\" \/>\n<meta name=\"robots\" content=\"index, follow, max-snippet:-1, max-image-preview:large, max-video-preview:-1\" \/>\n<link rel=\"canonical\" href=\"https:\/\/perigordbeers.com\/fr\/mentions-legales\/\" \/>\n<meta property=\"og:locale\" content=\"fr_FR\" \/>\n<meta property=\"og:type\" content=\"article\" \/>\n<meta property=\"og:title\" content=\"Les Mentions L\u00e9gales de P\u00e9rigord Beers\" \/>\n<meta property=\"og:description\" content=\"Des informations l\u00e9gales importantes concernant l&#039;entreprise La Brasserie Artisanale de Saint Saud, et notre site internet, P\u00e9rigord Beers.\" \/>\n<meta property=\"og:url\" content=\"https:\/\/perigordbeers.com\/fr\/mentions-legales\/\" \/>\n<meta property=\"og:site_name\" content=\"P\u00e9rigord Beers\" \/>\n<meta property=\"article:modified_time\" content=\"2018-06-06T07:35:37+00:00\" \/>\n<meta name=\"twitter:card\" content=\"summary_large_image\" \/>\n<script type=\"application\/ld+json\" class=\"yoast-schema-graph\">{\"@context\":\"https:\\\/\\\/schema.org\",\"@graph\":[{\"@type\":\"WebPage\",\"@id\":\"https:\\\/\\\/perigordbeers.com\\\/fr\\\/mentions-legales\\\/\",\"url\":\"https:\\\/\\\/perigordbeers.com\\\/fr\\\/mentions-legales\\\/\",\"name\":\"Les Mentions L\u00e9gales de P\u00e9rigord Beers\",\"isPartOf\":{\"@id\":\"https:\\\/\\\/perigordbeers.com\\\/#website\"},\"datePublished\":\"2018-06-06T07:32:32+00:00\",\"dateModified\":\"2018-06-06T07:35:37+00:00\",\"description\":\"Des informations l\u00e9gales importantes concernant l'entreprise La Brasserie Artisanale de Saint Saud, et notre site internet, P\u00e9rigord Beers.\",\"breadcrumb\":{\"@id\":\"https:\\\/\\\/perigordbeers.com\\\/fr\\\/mentions-legales\\\/#breadcrumb\"},\"inLanguage\":\"fr-FR\",\"potentialAction\":[{\"@type\":\"ReadAction\",\"target\":[\"https:\\\/\\\/perigordbeers.com\\\/fr\\\/mentions-legales\\\/\"]}]},{\"@type\":\"BreadcrumbList\",\"@id\":\"https:\\\/\\\/perigordbeers.com\\\/fr\\\/mentions-legales\\\/#breadcrumb\",\"itemListElement\":[{\"@type\":\"ListItem\",\"position\":1,\"name\":\"Home\",\"item\":\"https:\\\/\\\/perigordbeers.com\\\/fr\\\/\"},{\"@type\":\"ListItem\",\"position\":2,\"name\":\"Mentions L\u00e9gales\"}]},{\"@type\":\"WebSite\",\"@id\":\"https:\\\/\\\/perigordbeers.com\\\/#website\",\"url\":\"https:\\\/\\\/perigordbeers.com\\\/\",\"name\":\"P\u00e9rigord Beers\",\"description\":\"Des bi\u00e8res artisanales britanniques, brass\u00e9es en P\u00e9igord Vert\",\"publisher\":{\"@id\":\"https:\\\/\\\/perigordbeers.com\\\/#organization\"},\"potentialAction\":[{\"@type\":\"SearchAction\",\"target\":{\"@type\":\"EntryPoint\",\"urlTemplate\":\"https:\\\/\\\/perigordbeers.com\\\/?s={search_term_string}\"},\"query-input\":{\"@type\":\"PropertyValueSpecification\",\"valueRequired\":true,\"valueName\":\"search_term_string\"}}],\"inLanguage\":\"fr-FR\"},{\"@type\":\"Organization\",\"@id\":\"https:\\\/\\\/perigordbeers.com\\\/#organization\",\"name\":\"P\u00e9rigord Beers\",\"url\":\"https:\\\/\\\/perigordbeers.com\\\/\",\"logo\":{\"@type\":\"ImageObject\",\"inLanguage\":\"fr-FR\",\"@id\":\"https:\\\/\\\/perigordbeers.com\\\/#\\\/schema\\\/logo\\\/image\\\/\",\"url\":\"https:\\\/\\\/perigordbeers.com\\\/wp-content\\\/uploads\\\/2018\\\/01\\\/perigord-beers-dordogne.png\",\"contentUrl\":\"https:\\\/\\\/perigordbeers.com\\\/wp-content\\\/uploads\\\/2018\\\/01\\\/perigord-beers-dordogne.png\",\"width\":507,\"height\":252,\"caption\":\"P\u00e9rigord Beers\"},\"image\":{\"@id\":\"https:\\\/\\\/perigordbeers.com\\\/#\\\/schema\\\/logo\\\/image\\\/\"}}]}<\/script>\n<!-- \/ Yoast SEO plugin. -->","yoast_head_json":{"title":"Les Mentions L\u00e9gales de P\u00e9rigord Beers","description":"Des informations l\u00e9gales importantes concernant l'entreprise La Brasserie Artisanale de Saint Saud, et notre site internet, P\u00e9rigord Beers.","robots":{"index":"index","follow":"follow","max-snippet":"max-snippet:-1","max-image-preview":"max-image-preview:large","max-video-preview":"max-video-preview:-1"},"canonical":"https:\/\/perigordbeers.com\/fr\/mentions-legales\/","og_locale":"fr_FR","og_type":"article","og_title":"Les Mentions L\u00e9gales de P\u00e9rigord Beers","og_description":"Des informations l\u00e9gales importantes concernant l'entreprise La Brasserie Artisanale de Saint Saud, et notre site internet, P\u00e9rigord Beers.","og_url":"https:\/\/perigordbeers.com\/fr\/mentions-legales\/","og_site_name":"P\u00e9rigord Beers","article_modified_time":"2018-06-06T07:35:37+00:00","twitter_card":"summary_large_image","schema":{"@context":"https:\/\/schema.org","@graph":[{"@type":"WebPage","@id":"https:\/\/perigordbeers.com\/fr\/mentions-legales\/","url":"https:\/\/perigordbeers.com\/fr\/mentions-legales\/","name":"Les Mentions L\u00e9gales de P\u00e9rigord Beers","isPartOf":{"@id":"https:\/\/perigordbeers.com\/#website"},"datePublished":"2018-06-06T07:32:32+00:00","dateModified":"2018-06-06T07:35:37+00:00","description":"Des informations l\u00e9gales importantes concernant l'entreprise La Brasserie Artisanale de Saint Saud, et notre site internet, P\u00e9rigord Beers.","breadcrumb":{"@id":"https:\/\/perigordbeers.com\/fr\/mentions-legales\/#breadcrumb"},"inLanguage":"fr-FR","potentialAction":[{"@type":"ReadAction","target":["https:\/\/perigordbeers.com\/fr\/mentions-legales\/"]}]},{"@type":"BreadcrumbList","@id":"https:\/\/perigordbeers.com\/fr\/mentions-legales\/#breadcrumb","itemListElement":[{"@type":"ListItem","position":1,"name":"Home","item":"https:\/\/perigordbeers.com\/fr\/"},{"@type":"ListItem","position":2,"name":"Mentions L\u00e9gales"}]},{"@type":"WebSite","@id":"https:\/\/perigordbeers.com\/#website","url":"https:\/\/perigordbeers.com\/","name":"P\u00e9rigord Beers","description":"Des bi\u00e8res artisanales britanniques, brass\u00e9es en P\u00e9igord Vert","publisher":{"@id":"https:\/\/perigordbeers.com\/#organization"},"potentialAction":[{"@type":"SearchAction","target":{"@type":"EntryPoint","urlTemplate":"https:\/\/perigordbeers.com\/?s={search_term_string}"},"query-input":{"@type":"PropertyValueSpecification","valueRequired":true,"valueName":"search_term_string"}}],"inLanguage":"fr-FR"},{"@type":"Organization","@id":"https:\/\/perigordbeers.com\/#organization","name":"P\u00e9rigord Beers","url":"https:\/\/perigordbeers.com\/","logo":{"@type":"ImageObject","inLanguage":"fr-FR","@id":"https:\/\/perigordbeers.com\/#\/schema\/logo\/image\/","url":"https:\/\/perigordbeers.com\/wp-content\/uploads\/2018\/01\/perigord-beers-dordogne.png","contentUrl":"https:\/\/perigordbeers.com\/wp-content\/uploads\/2018\/01\/perigord-beers-dordogne.png","width":507,"height":252,"caption":"P\u00e9rigord Beers"},"image":{"@id":"https:\/\/perigordbeers.com\/#\/schema\/logo\/image\/"}}]}},"_links":{"self":[{"href":"https:\/\/perigordbeers.com\/fr\/wp-json\/wp\/v2\/pages\/600","targetHints":{"allow":["GET"]}}],"collection":[{"href":"https:\/\/perigordbeers.com\/fr\/wp-json\/wp\/v2\/pages"}],"about":[{"href":"https:\/\/perigordbeers.com\/fr\/wp-json\/wp\/v2\/types\/page"}],"author":[{"embeddable":true,"href":"https:\/\/perigordbeers.com\/fr\/wp-json\/wp\/v2\/users\/1"}],"replies":[{"embeddable":true,"href":"https:\/\/perigordbeers.com\/fr\/wp-json\/wp\/v2\/comments?post=600"}],"version-history":[{"count":2,"href":"https:\/\/perigordbeers.com\/fr\/wp-json\/wp\/v2\/pages\/600\/revisions"}],"predecessor-version":[{"id":603,"href":"https:\/\/perigordbeers.com\/fr\/wp-json\/wp\/v2\/pages\/600\/revisions\/603"}],"wp:attachment":[{"href":"https:\/\/perigordbeers.com\/fr\/wp-json\/wp\/v2\/media?parent=600"}],"curies":[{"name":"wp","href":"https:\/\/api.w.org\/{rel}","templated":true}]}}