{"id":604,"date":"2018-06-06T10:05:06","date_gmt":"2018-06-06T08:05:06","guid":{"rendered":"https:\/\/perigordbeers.com\/?page_id=604"},"modified":"2018-06-07T16:06:53","modified_gmt":"2018-06-07T14:06:53","slug":"conditions-generales-de-vente","status":"publish","type":"page","link":"https:\/\/perigordbeers.com\/fr\/conditions-generales-de-vente\/","title":{"rendered":"Conditions G\u00e9n\u00e9rales de Vente"},"content":{"rendered":"<p>Les conditions g\u00e9n\u00e9rales ci-apr\u00e8s r\u00e9gissent les contrats de vente de produits mis en vente sur le site perigordbeers.com entre la soci\u00e9t\u00e9 La Brasserie Artisanale de St Saud, Moulin de Mazieras, 24470, immatricul\u00e9e en France, et ses clients particuliers.<\/p>\n<p>Ces conditions g\u00e9n\u00e9rales de vente sont applicables au moment de la commande. Elles pourront \u00eatre modifi\u00e9es sans pr\u00e9avis et seront celles applicables \u00e0 toute nouvelle commande.<\/p>\n<p>La soci\u00e9t\u00e9 La Brasserie Artisanale de St Saud est propri\u00e9taire de tous les droits aff\u00e9rents au site web www.perigordbeers.com.<\/p>\n<ol class=\"terms\">\n<li>G\u00c9N\u00c9RAL\n<ol>\n<li class=\"notbold\">Bienvenue sur notre site www.perigordbeers.com (the \u2018Website\u2019). Le site web vous est propos\u00e9 par La Brasserie Artisanale de St Saud. Ces Conditions G\u00e9n\u00e9rales (\u2018Terms\u2019) sont appliqu\u00e9s \u00e0 votre utilisation du site. Nous nous conformons uniquement \u00e0 nos Conditions G\u00e9n\u00e9rales.<\/li>\n<\/ol>\n<\/li>\n<li>CONDITION DE VENTE\n<ol>\n<li>MINIMUM POUR LA CONSOMATION D&rsquo;ALCOOL\n<ol>\n<li>Nous vendons des bi\u00e8res artisanales via notre site web.<\/li>\n<li>Nous vendons et livrons nos produits pour les personnes ayant atteint l\u2019\u00e2ge minimum de 18 ans.<\/li>\n<li>Nous avons incorpor\u00e9 diff\u00e9rents contr\u00f4les d\u2019\u00e2ge dans le processus de commande de fa\u00e7on \u00e0 nous conformer \u00e0 nos exigences statutaires.<\/li>\n<\/ol>\n<\/li>\n<li>NOS PRODUITS\n<ol>\n<li>Notre site est pr\u00e9vu exclusivement pour la promotion de nos produits en France.<\/li>\n<li>Nos produits sont adapt\u00e9s \u00e0 la consommation. Nous garantissons que les produits que nous fournissons sont en accordance avec leurs descriptions sur le site web et leurs \u00e9tiquettes, qu\u2019ils sont de bonne qualit\u00e9 et qu\u2019ils se conforment aux exigences statutaires.<\/li>\n<li>Nous recommandons que les produits soient stock\u00e9s debout et dans un endroit sec, ne soient pas expos\u00e9 \u00e0 la lumi\u00e8re directe du soleil ou de la pluie et ne soient pas stock\u00e9s \u00e0 des temp\u00e9ratures sous 0 degr\u00e9s ou plus de 12 degr\u00e9s ou \u00e0 l\u2019air libre.<\/li>\n<li>Pour les particuliers, les produits sont destin\u00e9s aux consommateurs finaux et ne vous n\u2019\u00eates pas sens\u00e9 les revendre.<\/li>\n<\/ol>\n<\/li>\n<li>COMMANDE ET CONFIRMATION DE COMMANDE\n<ol>\n<li>Vous pouvez passer commande en choisissant les produits que vous d\u00e9sirez, compl\u00e9ter les informations requises et suivre les instructions sur votre \u00e9cran. Vous pouvez v\u00e9rifier les d\u00e9tails lors de votre passage de commande et corriger les erreurs avant de passer commande.  Prenez le temps de lire et v\u00e9rifier les d\u00e9tails de votre commande pendant votre processus de commande.<\/li>\n<li>Avant de passer une commande, il vous sera demand\u00e9 de confirmer que vous acceptez les termes. Si vous avez une question concernant les termes, prenez soin de nous contacter avant de passer commande.<\/li>\n<li>Quand vous \u00eates pr\u00eat \u00e0 commander, vous pouvez suivre le processus de commande et la passer en clique sur le bouton \u00ab Paiement \u00bb sur la page de commande. Une fois que vous aurez cliqu\u00e9 sur \u00ab Paiement \u00bb, vous n\u2019aurez plus la possibilit\u00e9 de modifier votre commande. Vous serez dirig\u00e9 vers la page pour conclure le paiement.<\/li>\n<li>Une fois le paiement effectu\u00e9 via la page de paiement, vous recevrez un email vous confirmant que votre commande a \u00e9t\u00e9 pass\u00e9e (\u00ab email de Confirmation \u00bb). Cet email contient des informations par rapport \u00e0 votre commande, comme la liste des produits et prix (incluant la livraison et les taxes), et des informations additionnelles en rapport \u00e0 la commande. Conservez ce mail de confirmation. Si vous n\u2019avez pas re\u00e7u d\u2019email de confirmation le jour suivant votre commande, prenez soin de nous contacter.<\/li>\n<li>L\u2019accord sera conclu entre La Brasserie Artisanale de St Saud et vous au moment o\u00f9 vous recevrez le mail de confirmation.<\/li>\n<li>Nous nous r\u00e9servons le droit d\u2019annuler votre commande si les produits ne sont plus disponibles ou si le paiement complet n\u2019a pas \u00e9t\u00e9 re\u00e7u. Nous nous r\u00e9servons aussi le droit de refuser ou d\u2019annuler votre commande \u00e0 n\u2019importe quel moment si nous avons une raison de suspecter que l\u2019acheteur ou le receveur n\u2019a pas l\u2019\u00e2ge minimum pour l\u2019achat de boissons alcoolis\u00e9es.<\/li>\n<li>Si votre commande a \u00e9t\u00e9 supprim\u00e9e, nous vous en informons et vous remboursons le plus rapidement possible (pas plus tard que 14 jours apr\u00e8s annulation).<\/li>\n<li>Si nous ne pouvons pas terminer votre commande car les produits ne sont pas disponibles, nous vous contacterons par mail ou par t\u00e9l\u00e9phone pour vous offrir une alternative raisonnable de produits, ou nous vous informerons quand les produits seront \u00e0 nouveau disponibles. La d\u00e9cision vous appartient quant aux alternatives que nous vous proposons. Votre d\u00e9cision n\u2019affectera en rien vos droits d\u2019annulation.<\/li>\n<\/ol>\n<\/li>\n<li>PRIX ET PAIEMENT\n<ol>\n<li>Tous les prix et charges sur le site sont en euros, incluant la TVA \u00e0 20% et les droits d\u2019accises. La r\u00e9glementation de TVA est fix\u00e9e par l\u2019Union Europ\u00e9enne \u00e0 20%. Pour les pays en dehors de l&rsquo;union europ\u00e9enne, les prix indiqu\u00e9s sont hors taxes, les taxes seront acquit\u00e9es lors de la livraison.<\/li>\n<li>Les prix des produits sont les prix indiqu\u00e9s sur la page de commande du site au moment o\u00f9 vous passez votre commande. Les prix peuvent \u00eatre ajust\u00e9s de temps en temps sans pour autant pr\u00e9venir. Cependant, les changements de prix ne sont plus valides une fois que votre commande a \u00e9t\u00e9 accept\u00e9e, sauf pour des erreurs techniques particuli\u00e8res, auxquelles nous ne sommes pas li\u00e9es. Si nous acceptons votre commande et commen\u00e7ons \u00e0 la pr\u00e9parer, en faisant une erreur dans le prix, nous avons le droit de supprimer votre commande, de vous rembourser toute somme d\u00e9j\u00e0 touch\u00e9e et de demander le retour des produits vous ayant \u00e9t\u00e9 d\u00e9livr\u00e9s.<\/li>\n<li>Vous payez vos produits en utilisant seulement les m\u00e9thodes de paiements list\u00e9es sur le site web. Nous n\u2019acceptons pas d\u2019autres moyens de paiement.<\/li>\n<li>Tous les paiements sont proc\u00e9d\u00e9s par le biais d\u2019un service de paiement externe. Ils sont sujets aux termes et conditions de ce dernier.<\/li>\n<li>En payant une commande par le biais d\u2019une carte de cr\u00e9dit ou de d\u00e9bit, vous d\u00e9clarez qu\u2019elle est votre propri\u00e9t\u00e9.<\/li>\n<li>Tous les titulaires de cartes sont v\u00e9rifi\u00e9s, et les \u00e9metteurs sont requis pour l\u2019autorisation. Si votre \u00e9metteur de carte ne nous autorise pas le paiement, nous ne pouvons pas accepter la commande. Dans ce cas pr\u00e9cis, nous ne pouvons pas \u00eatre consid\u00e9r\u00e9 comme responsable pour des \u00e9ventuels d\u00e9lais ou non livraison.<\/li>\n<\/ol>\n<\/li>\n<li>INFORMATION SUR LA LIVRAISON\n<ol>\n<li>Pour le moment, nous ne prenons que des commandes pour la collecte de la Brasserie Artisanale de St Saud (ne pas \u00eatre livr\u00e9).<\/li>\n<\/ol>\n<\/li>\n<li>ANNULATION et GARANTIE SATISFAIT OU REMBOURS\u00c9\n<ol>\n<li>Si vous souhaitez annuler votre commande, pr\u00e9venez-nous dans les 7 jours apr\u00e8s avoir re\u00e7u votre colis.<\/li>\n<li>Nous pr\u00e9f\u00e9rons que vous contactiez notre service client au 0033 (0) 781 16 59 59, ou alors envoyez-nous un mail via info@perigordbeers.com. Vous pouvez nous l\u2019envoyer par mail. Nous vous demandons de renseigner votre num\u00e9ro de commande (signal\u00e9 dans le mail de confirmation).<\/li>\n<li>En vertu de l\u2019article L121-16 du Code de la Consommation, le client dispose d\u2019un d\u00e9lai de 7 jours ouvrables \u00e0 compter du jour de r\u00e9ception de sa commande pour faire retour des produits \u00e0 La Brasserie Artisanale de St Saud pour \u00e9change ou remboursement.<\/li>\n<li>Pour retourner les produits, nous vous demandons de le ramener directement \u00e0 la Brasserie Artisanale de St Saud. Si vous avez des questions, ou besoin d\u2019aide, contactez notre service client au 0033 (0) 781 16 59 59 (du lundi au vendredi, de 10h00 \u00e0 17h30), ou alors envoyez-nous un mail via info@perigordbeers.com. Les bi\u00e8res doivent nous \u00eatre retourn\u00e9es dans les 7 jours apr\u00e8s r\u00e9ception.<\/li>\n<li>Si le colis et\/ou les produits sont retourn\u00e9s, sans avoir \u00e9t\u00e9 ouverts et toujours dans leur emballage d\u2019origine, parce que vous n\u2019\u00eates pas satisfait : remboursement des produits, les frais de retour \u00e9tant \u00e0 votre charge.\n<ol>\n<li>Si le colis et\/ou les produits sont retourn\u00e9s parce qu\u2019un ou des produits sont d\u00e9fectueux : remboursement des produits.<\/li>\n<li>Les remboursements sont effectu\u00e9s dans un d\u00e9lai de 2 mois suivant la r\u00e9ception des produits retourn\u00e9s.<\/li>\n<li>Nous vous rembourserons le prix des produits. <\/li>\n<\/ol>\n<\/li>\n<li>Nous vous rembourserons le plus vite que possible, mais pas plus tard que 14 jours apr\u00e8s l\u2019achat, avec la m\u00eame m\u00e9thode de paiement par laquelle vous avez pass\u00e9 commande. Cependant, nous ne pouvons pas proc\u00e9der au remboursement avant que nous ayons re\u00e7u les produits ou (s\u2019il n\u2019y en a pas) une preuve du retour.<\/li>\n<li>Chaque produit retourn\u00e9 doit \u00eatre en parfait \u00e9tat de revente, \u00e0 l&rsquo;exception des produits d\u00e9fectueux. Nous nous r\u00e9servons le droit de d\u00e9duire une partie du remboursement pour toute perte de valeur de produit vous ayant \u00e9t\u00e9 d\u00e9livr\u00e9, si cette perte est due \u00e0 une manipulation non n\u00e9cessaire ou un dommage de votre part.<\/li>\n<\/ol>\n<\/li>\n<\/ol>\n<\/li>\n<li id=\"cookies\">TERMES D\u2019UTILISATION DU SITE WEB\n<ol>\n<li>POLITIQUE DE CONFIDENTIALIT\u00c9 &amp; POLITIQUE DE COOKIES\n<ol>\n<li>Nous collectons les informations des visiteurs sur notre site web, et des personnes qui concluent un accord avec nous. Pour plus d&rsquo;informations sur les donn\u00e9es que nous d\u00e9tenons, voir notre <a href=\"https:\/\/perigordbeers.com\/fr\/politique-de-confidentialite\/\">Politique de Confidentialit\u00e9<\/a>.<\/li>\n<li>Les seuls cookies que nous utilisons sur ce site web sont pour Google Analytics. Google Analytics est un outil d\u2019analyse qui nous permet de comprendre comment nos visiteurs s\u2019engagent avec ce site.<\/li>\n<li>Les Cookies contiennent des informations qui sont transf\u00e9r\u00e9s au disque dur de votre ordinateur. Ils stockent des informations tels que l\u2019heure \u00e0 laquelle la visite a eu lieu, si le visiteur a d\u00e9j\u00e0 visit\u00e9 le site, et quel site l\u2019avait redirig\u00e9 vers le site en question.<\/li>\n<li>Google Analytics recueille ces informations de mani\u00e8re compl\u00e8tement anonyme. Il d\u00e9crit des tendances sans jamais identifier les individuels concern\u00e9s.<\/li>\n<li>Vous avez la possibilit\u00e9 de vous retirer de Google Analytics sans nuire \u00e0 votre exp\u00e9rience sur ce site. Pour plus d\u2019informations, voir <a href=\"https:\/\/tools.google.com\/dlpage\/gaoptout?hl=fr\" target=\"_blank\">D\u00e9sactivation de Google Analytics<\/a>.<\/li>\n<\/ol>\n<\/li>\n<li>DROITS DE PROPRI\u00c9T\u00c9 INTELECTUELLE\n<ol>\n<li>Le site web et son contenu dans son ensemble, ses caract\u00e9ristiques et fonctionnalit\u00e9s (incluant, mais pas seulement toutes les informations, logiciels, textes, images, vid\u00e9os et audio\u2026) sont notre propri\u00e9t\u00e9, celles des entreprises de notre groupe et des propri\u00e9taires, prot\u00e9g\u00e9s par copyright et d\u2019autres droits intellectuels.<\/li>\n<li>Vous pouvez utiliser le site web \u00e0 des fins uniquement sujettes aux termes. Il est autoris\u00e9 de faire des copies de (certaines parties) de notre site web \u00e0 des fins personnelles. Sans notre permission \u00e9crite, vous ne serez pas autoris\u00e9 \u00e0 utiliser la base de notre site web pour vous en servir.<\/li>\n<\/ol>\n<\/li>\n<li>AVERTISSEMENT\n<ol>\n<li>Nous ne pouvons pas garantir que le site web fonctionnera fluidement et sans interruption. Nous ne sommes pas li\u00e9s pour d\u2019\u00e9ventuels dommages cr\u00e9\u00e9s par l\u2019utilisation de moyens \u00e9lectroniques de communication, incluant des soucis tels que la non transmission ou la lente transmission de moyens \u00e9lectroniques de communication ou \u00e0 cause d\u2019interception ou de manipulation de moyens \u00e9lectroniques de communication ou de transfert de virus.<\/li>\n<li>M\u00eame si ce site web a \u00e9t\u00e9 confectionn\u00e9 avec le plus grand soin, les caract\u00e9ristiques des produits (apparences ou informations), peuvent ne pas \u00eatre affich\u00e9s, ou du moins pas correctement. Dans ce cas, les caract\u00e9ristiques affich\u00e9s sur le packaging du produit sont l\u00e9gitimes. Si ce n\u2019est pas le cas, vous pouvez retourner les produits en accordance avec les proc\u00e9dures d\u00e9velopp\u00e9es sous le point 2.6 RETOUR ET ANNULATION.<\/li>\n<li>Le site web contient des liens dirigeant vers les sites des parties tiers. Nous ne pouvons pas garantir le contenu et le fonctionnement de ces sites. Nous faisons tous nos efforts pour assurer que les sites web soient sans virus, mais nous ne pouvons pas le certifier.<\/li>\n<li>Nous assumons la responsabilit\u00e9 de la valeur de votre commande seulement.<\/li>\n<\/ol>\n<\/li>\n<\/ol>\n<\/li>\n<li>DIVERS\n<ol>\n<li>CONTACT\n<ol>\n<li>Nos contacts :<br \/>\nLa Brasserie Artisanale de St Saud<br \/>\nMoulin de Mazieras, 24470 St Saud Lacoussiere, France<br \/>\nTel : 0033 (0) 7 81 16 59 59<br \/>\nEmail :info@perigordbeers.com<br \/>\nWeb : www.perigordbeers.com<br \/>\nTVA : FR79 817 873 144\n<\/li>\n<li>Si les produits ne respectent pas les normes de qualit\u00e9 requises sur le produit concern\u00e9, prenez soin de nous en informer d\u00e8s que possible dans les 14 jours. Nous pr\u00e9f\u00e9rons que vous contactiez notre service client au 003 (0) 781  16 59 59 (du lundi au vendredi, de 10h00 \u00e0 17h30), ou alors envoyez-nous un mail via info@perigordbeers.com.<\/li>\n<li>Si vous rencontrez un souci avec un produit achet\u00e9 sur notre site web, vous pouvez remplir un formulaire de complainte pour le r\u00e9soudre via la Plateforme de r\u00e9solution de conflits en ligne de la Commission Europ\u00e9enne: http:\/\/ec.europa.eu\/odr.<\/li>\n<\/ol>\n<li>AMENDEMENTS DE CES TERMES ET CONDITIONS\n<ol>\n<li>Nous vous conseillons d\u2019imprimer ces termes, ou de les sauvegarder sur votre ordinateur pour une utilisation future. Cependant, \u00e0 chaque fois que vous utilisez le site web, vous devez relire les Termes et Conditions avant d\u2019accepter les Termes, de fa\u00e7on \u00e0 toujours \u00eatre au courant ces derniers.<\/li>\n<li>Chaque articles dans ces termes est valide s\u00e9par\u00e9ment. Si un tribunal ou une autorit\u00e9 comp\u00e9tente d\u00e9cide qu\u2019un ou plusieurs articles sont invalides, les autres articles peuvent demeurer.<\/li>\n<\/ol>\n<\/li>\n<li>LOI APPLICABLE ET JURIDICTION\n<ol>\n<li>L\u2019interpr\u00e9tation de ces Termes et Conditions et accords est soumise \u00e0 la loi fran\u00e7aise. Les proc\u00e9dures judiciaires relatives aux produits peuvent \u00eatre amen\u00e9s devant le tribunal de commerce.<\/li>\n<\/ol>\n<\/li>\n<\/ol>\n<\/li>\n<\/li>\n<\/ol>\n","protected":false},"excerpt":{"rendered":"<p>Les conditions g\u00e9n\u00e9rales ci-apr\u00e8s r\u00e9gissent les contrats de vente de produits mis en vente sur le site perigordbeers.com entre la soci\u00e9t\u00e9 La Brasserie Artisanale de St Saud, Moulin de Mazieras, 24470, immatricul\u00e9e en France, et ses clients particuliers. Ces conditions g\u00e9n\u00e9rales de vente sont applicables au moment de la commande. [&hellip;]<\/p>\n","protected":false},"author":1,"featured_media":0,"parent":0,"menu_order":0,"comment_status":"closed","ping_status":"closed","template":"page-templates\/template-fullwidth.php","meta":{"footnotes":""},"class_list":["post-604","page","type-page","status-publish","hentry"],"yoast_head":"<!-- This site is optimized with the Yoast SEO plugin v27.3 - https:\/\/yoast.com\/product\/yoast-seo-wordpress\/ -->\n<title>P\u00e9rigord Beers : nos conditions g\u00e9n\u00e9rales de vente (CDV)<\/title>\n<meta name=\"description\" content=\"Les conditions g\u00e9n\u00e9rales ci-apr\u00e8s r\u00e9gissent les contrats de vente de produits mis en vente sur le site perigordbeers.com entre la soci\u00e9t\u00e9 La Brasserie Artisanale de St Saud, Moulin de Mazieras, 24470, immatricul\u00e9e en France, et ses clients particuliers.\" \/>\n<meta name=\"robots\" content=\"index, follow, max-snippet:-1, max-image-preview:large, max-video-preview:-1\" \/>\n<link rel=\"canonical\" href=\"https:\/\/perigordbeers.com\/fr\/conditions-generales-de-vente\/\" \/>\n<meta property=\"og:locale\" content=\"fr_FR\" \/>\n<meta property=\"og:type\" content=\"article\" \/>\n<meta property=\"og:title\" content=\"P\u00e9rigord Beers : nos conditions g\u00e9n\u00e9rales de vente (CDV)\" \/>\n<meta property=\"og:description\" content=\"Les conditions g\u00e9n\u00e9rales ci-apr\u00e8s r\u00e9gissent les contrats de vente de produits mis en vente sur le site perigordbeers.com entre la soci\u00e9t\u00e9 La Brasserie Artisanale de St Saud, Moulin de Mazieras, 24470, immatricul\u00e9e en France, et ses clients particuliers.\" \/>\n<meta property=\"og:url\" content=\"https:\/\/perigordbeers.com\/fr\/conditions-generales-de-vente\/\" \/>\n<meta property=\"og:site_name\" content=\"P\u00e9rigord Beers\" \/>\n<meta property=\"article:modified_time\" content=\"2018-06-07T14:06:53+00:00\" \/>\n<meta name=\"twitter:card\" content=\"summary_large_image\" \/>\n<meta name=\"twitter:label1\" content=\"Dur\u00e9e de lecture estim\u00e9e\" \/>\n\t<meta name=\"twitter:data1\" content=\"11 minutes\" \/>\n<script type=\"application\/ld+json\" class=\"yoast-schema-graph\">{\"@context\":\"https:\\\/\\\/schema.org\",\"@graph\":[{\"@type\":\"WebPage\",\"@id\":\"https:\\\/\\\/perigordbeers.com\\\/fr\\\/conditions-generales-de-vente\\\/\",\"url\":\"https:\\\/\\\/perigordbeers.com\\\/fr\\\/conditions-generales-de-vente\\\/\",\"name\":\"P\u00e9rigord Beers : nos conditions g\u00e9n\u00e9rales de vente (CDV)\",\"isPartOf\":{\"@id\":\"https:\\\/\\\/perigordbeers.com\\\/#website\"},\"datePublished\":\"2018-06-06T08:05:06+00:00\",\"dateModified\":\"2018-06-07T14:06:53+00:00\",\"description\":\"Les conditions g\u00e9n\u00e9rales ci-apr\u00e8s r\u00e9gissent les contrats de vente de produits mis en vente sur le site perigordbeers.com entre la soci\u00e9t\u00e9 La Brasserie Artisanale de St Saud, Moulin de Mazieras, 24470, immatricul\u00e9e en France, et ses clients particuliers.\",\"breadcrumb\":{\"@id\":\"https:\\\/\\\/perigordbeers.com\\\/fr\\\/conditions-generales-de-vente\\\/#breadcrumb\"},\"inLanguage\":\"fr-FR\",\"potentialAction\":[{\"@type\":\"ReadAction\",\"target\":[\"https:\\\/\\\/perigordbeers.com\\\/fr\\\/conditions-generales-de-vente\\\/\"]}]},{\"@type\":\"BreadcrumbList\",\"@id\":\"https:\\\/\\\/perigordbeers.com\\\/fr\\\/conditions-generales-de-vente\\\/#breadcrumb\",\"itemListElement\":[{\"@type\":\"ListItem\",\"position\":1,\"name\":\"Home\",\"item\":\"https:\\\/\\\/perigordbeers.com\\\/fr\\\/\"},{\"@type\":\"ListItem\",\"position\":2,\"name\":\"Conditions G\u00e9n\u00e9rales de Vente\"}]},{\"@type\":\"WebSite\",\"@id\":\"https:\\\/\\\/perigordbeers.com\\\/#website\",\"url\":\"https:\\\/\\\/perigordbeers.com\\\/\",\"name\":\"P\u00e9rigord Beers\",\"description\":\"Des bi\u00e8res artisanales britanniques, brass\u00e9es en P\u00e9igord Vert\",\"publisher\":{\"@id\":\"https:\\\/\\\/perigordbeers.com\\\/#organization\"},\"potentialAction\":[{\"@type\":\"SearchAction\",\"target\":{\"@type\":\"EntryPoint\",\"urlTemplate\":\"https:\\\/\\\/perigordbeers.com\\\/?s={search_term_string}\"},\"query-input\":{\"@type\":\"PropertyValueSpecification\",\"valueRequired\":true,\"valueName\":\"search_term_string\"}}],\"inLanguage\":\"fr-FR\"},{\"@type\":\"Organization\",\"@id\":\"https:\\\/\\\/perigordbeers.com\\\/#organization\",\"name\":\"P\u00e9rigord Beers\",\"url\":\"https:\\\/\\\/perigordbeers.com\\\/\",\"logo\":{\"@type\":\"ImageObject\",\"inLanguage\":\"fr-FR\",\"@id\":\"https:\\\/\\\/perigordbeers.com\\\/#\\\/schema\\\/logo\\\/image\\\/\",\"url\":\"https:\\\/\\\/perigordbeers.com\\\/wp-content\\\/uploads\\\/2018\\\/01\\\/perigord-beers-dordogne.png\",\"contentUrl\":\"https:\\\/\\\/perigordbeers.com\\\/wp-content\\\/uploads\\\/2018\\\/01\\\/perigord-beers-dordogne.png\",\"width\":507,\"height\":252,\"caption\":\"P\u00e9rigord Beers\"},\"image\":{\"@id\":\"https:\\\/\\\/perigordbeers.com\\\/#\\\/schema\\\/logo\\\/image\\\/\"}}]}<\/script>\n<!-- \/ Yoast SEO plugin. -->","yoast_head_json":{"title":"P\u00e9rigord Beers : nos conditions g\u00e9n\u00e9rales de vente (CDV)","description":"Les conditions g\u00e9n\u00e9rales ci-apr\u00e8s r\u00e9gissent les contrats de vente de produits mis en vente sur le site perigordbeers.com entre la soci\u00e9t\u00e9 La Brasserie Artisanale de St Saud, Moulin de Mazieras, 24470, immatricul\u00e9e en France, et ses clients particuliers.","robots":{"index":"index","follow":"follow","max-snippet":"max-snippet:-1","max-image-preview":"max-image-preview:large","max-video-preview":"max-video-preview:-1"},"canonical":"https:\/\/perigordbeers.com\/fr\/conditions-generales-de-vente\/","og_locale":"fr_FR","og_type":"article","og_title":"P\u00e9rigord Beers : nos conditions g\u00e9n\u00e9rales de vente (CDV)","og_description":"Les conditions g\u00e9n\u00e9rales ci-apr\u00e8s r\u00e9gissent les contrats de vente de produits mis en vente sur le site perigordbeers.com entre la soci\u00e9t\u00e9 La Brasserie Artisanale de St Saud, Moulin de Mazieras, 24470, immatricul\u00e9e en France, et ses clients particuliers.","og_url":"https:\/\/perigordbeers.com\/fr\/conditions-generales-de-vente\/","og_site_name":"P\u00e9rigord Beers","article_modified_time":"2018-06-07T14:06:53+00:00","twitter_card":"summary_large_image","twitter_misc":{"Dur\u00e9e de lecture estim\u00e9e":"11 minutes"},"schema":{"@context":"https:\/\/schema.org","@graph":[{"@type":"WebPage","@id":"https:\/\/perigordbeers.com\/fr\/conditions-generales-de-vente\/","url":"https:\/\/perigordbeers.com\/fr\/conditions-generales-de-vente\/","name":"P\u00e9rigord Beers : nos conditions g\u00e9n\u00e9rales de vente (CDV)","isPartOf":{"@id":"https:\/\/perigordbeers.com\/#website"},"datePublished":"2018-06-06T08:05:06+00:00","dateModified":"2018-06-07T14:06:53+00:00","description":"Les conditions g\u00e9n\u00e9rales ci-apr\u00e8s r\u00e9gissent les contrats de vente de produits mis en vente sur le site perigordbeers.com entre la soci\u00e9t\u00e9 La Brasserie Artisanale de St Saud, Moulin de Mazieras, 24470, immatricul\u00e9e en France, et ses clients particuliers.","breadcrumb":{"@id":"https:\/\/perigordbeers.com\/fr\/conditions-generales-de-vente\/#breadcrumb"},"inLanguage":"fr-FR","potentialAction":[{"@type":"ReadAction","target":["https:\/\/perigordbeers.com\/fr\/conditions-generales-de-vente\/"]}]},{"@type":"BreadcrumbList","@id":"https:\/\/perigordbeers.com\/fr\/conditions-generales-de-vente\/#breadcrumb","itemListElement":[{"@type":"ListItem","position":1,"name":"Home","item":"https:\/\/perigordbeers.com\/fr\/"},{"@type":"ListItem","position":2,"name":"Conditions G\u00e9n\u00e9rales de Vente"}]},{"@type":"WebSite","@id":"https:\/\/perigordbeers.com\/#website","url":"https:\/\/perigordbeers.com\/","name":"P\u00e9rigord Beers","description":"Des bi\u00e8res artisanales britanniques, brass\u00e9es en P\u00e9igord Vert","publisher":{"@id":"https:\/\/perigordbeers.com\/#organization"},"potentialAction":[{"@type":"SearchAction","target":{"@type":"EntryPoint","urlTemplate":"https:\/\/perigordbeers.com\/?s={search_term_string}"},"query-input":{"@type":"PropertyValueSpecification","valueRequired":true,"valueName":"search_term_string"}}],"inLanguage":"fr-FR"},{"@type":"Organization","@id":"https:\/\/perigordbeers.com\/#organization","name":"P\u00e9rigord Beers","url":"https:\/\/perigordbeers.com\/","logo":{"@type":"ImageObject","inLanguage":"fr-FR","@id":"https:\/\/perigordbeers.com\/#\/schema\/logo\/image\/","url":"https:\/\/perigordbeers.com\/wp-content\/uploads\/2018\/01\/perigord-beers-dordogne.png","contentUrl":"https:\/\/perigordbeers.com\/wp-content\/uploads\/2018\/01\/perigord-beers-dordogne.png","width":507,"height":252,"caption":"P\u00e9rigord Beers"},"image":{"@id":"https:\/\/perigordbeers.com\/#\/schema\/logo\/image\/"}}]}},"_links":{"self":[{"href":"https:\/\/perigordbeers.com\/fr\/wp-json\/wp\/v2\/pages\/604","targetHints":{"allow":["GET"]}}],"collection":[{"href":"https:\/\/perigordbeers.com\/fr\/wp-json\/wp\/v2\/pages"}],"about":[{"href":"https:\/\/perigordbeers.com\/fr\/wp-json\/wp\/v2\/types\/page"}],"author":[{"embeddable":true,"href":"https:\/\/perigordbeers.com\/fr\/wp-json\/wp\/v2\/users\/1"}],"replies":[{"embeddable":true,"href":"https:\/\/perigordbeers.com\/fr\/wp-json\/wp\/v2\/comments?post=604"}],"version-history":[{"count":24,"href":"https:\/\/perigordbeers.com\/fr\/wp-json\/wp\/v2\/pages\/604\/revisions"}],"predecessor-version":[{"id":818,"href":"https:\/\/perigordbeers.com\/fr\/wp-json\/wp\/v2\/pages\/604\/revisions\/818"}],"wp:attachment":[{"href":"https:\/\/perigordbeers.com\/fr\/wp-json\/wp\/v2\/media?parent=604"}],"curies":[{"name":"wp","href":"https:\/\/api.w.org\/{rel}","templated":true}]}}