{"id":627,"date":"2018-06-06T10:56:26","date_gmt":"2018-06-06T08:56:26","guid":{"rendered":"https:\/\/perigordbeers.com\/?page_id=627"},"modified":"2025-08-06T16:19:55","modified_gmt":"2025-08-06T14:19:55","slug":"notre-brasserie","status":"publish","type":"page","link":"https:\/\/perigordbeers.com\/fr\/notre-brasserie\/","title":{"rendered":"\u00c0 Propos de Notre Brasserie Artisanale"},"content":{"rendered":"<p><img decoding=\"async\" src=\"https:\/\/perigordbeers.com\/wp-content\/uploads\/2018\/02\/about-our-brewery.jpg\" class=\"alignleft border med\" alt=\"a propos de notre brasserie artisanale\" \/>P\u00e9rigord Beers est en cours de devenir une microbrasserie importante et reconnue dans le monde de la bi\u00e8re artisanale locale. Notre brasserie traditionnelle est une entreprise familiale qui se trouve dans un cadre magnifique, cach\u00e9 au bord d\u2019un \u00e9tang \u00e0 c\u00f4t\u00e9 d\u2019un ancien moulin en Dordogne.<\/p>\n<p>Fond\u00e9e en 2015 par nous, Mike et Val Povey, et la cousine de Mike, Lorraine Whitear, P\u00e9rigord Beers est le r\u00e9sultat de notre r\u00eave d&rsquo;ouvrir notre propre microbrasserie 900L. Notre premi\u00e8re bi\u00e8re commerciale a \u00e9t\u00e9 mise en production en 2016.<\/p>\n<p><strong>N\u2019ayant commenc\u00e9e qu\u2019avec que deux bi\u00e8res artisanales, notre entreprise et nos produits continuent \u00e0 se d\u00e9velopper. Notre but est de devenir un contributeur important \u00e0 l&rsquo;histoire de la fabrication de la bi\u00e8re dans notre r\u00e9gion, et au-del\u00e0. Et nous avons connu un bon d\u00e9part !<\/strong><\/p>\n\n\t\t<style type=\"text\/css\">\n\t\t\t#gallery-1 {\n\t\t\t\tmargin: auto;\n\t\t\t}\n\t\t\t#gallery-1 .gallery-item {\n\t\t\t\tfloat: left;\n\t\t\t\tmargin-top: 10px;\n\t\t\t\ttext-align: center;\n\t\t\t\twidth: 25%;\n\t\t\t}\n\t\t\t#gallery-1 img {\n\t\t\t\tborder: 2px solid #cfcfcf;\n\t\t\t}\n\t\t\t#gallery-1 .gallery-caption {\n\t\t\t\tmargin-left: 0;\n\t\t\t}\n\t\t\t\/* see gallery_shortcode() in wp-includes\/media.php *\/\n\t\t<\/style>\n\t\t<div id='gallery-1' class='gallery galleryid-627 gallery-columns-4 gallery-size-thumbnail'><dl class='gallery-item'>\n\t\t\t<dt class='gallery-icon landscape'>\n\t\t\t\t<a href='https:\/\/perigordbeers.com\/wp-content\/uploads\/2018\/02\/brasserie-de-saint-saud.jpg'><img loading=\"lazy\" decoding=\"async\" width=\"200\" height=\"133\" src=\"https:\/\/perigordbeers.com\/wp-content\/uploads\/2018\/02\/brasserie-de-saint-saud.jpg\" class=\"attachment-thumbnail size-thumbnail\" alt=\"\" \/><\/a>\n\t\t\t<\/dt><\/dl><dl class='gallery-item'>\n\t\t\t<dt class='gallery-icon landscape'>\n\t\t\t\t<a href='https:\/\/perigordbeers.com\/wp-content\/uploads\/2020\/03\/G34A6947-scaled.jpg'><img loading=\"lazy\" decoding=\"async\" width=\"200\" height=\"133\" src=\"https:\/\/perigordbeers.com\/wp-content\/uploads\/2020\/03\/G34A6947-200x133.jpg\" class=\"attachment-thumbnail size-thumbnail\" alt=\"\" srcset=\"https:\/\/perigordbeers.com\/wp-content\/uploads\/2020\/03\/G34A6947-200x133.jpg 200w, https:\/\/perigordbeers.com\/wp-content\/uploads\/2020\/03\/G34A6947-scaled-600x400.jpg 600w, https:\/\/perigordbeers.com\/wp-content\/uploads\/2020\/03\/G34A6947-300x200.jpg 300w, https:\/\/perigordbeers.com\/wp-content\/uploads\/2020\/03\/G34A6947-1024x682.jpg 1024w, https:\/\/perigordbeers.com\/wp-content\/uploads\/2020\/03\/G34A6947-768x512.jpg 768w, https:\/\/perigordbeers.com\/wp-content\/uploads\/2020\/03\/G34A6947-1536x1024.jpg 1536w, https:\/\/perigordbeers.com\/wp-content\/uploads\/2020\/03\/G34A6947-2048x1365.jpg 2048w, https:\/\/perigordbeers.com\/wp-content\/uploads\/2020\/03\/G34A6947-360x240.jpg 360w\" sizes=\"auto, (max-width: 200px) 100vw, 200px\" \/><\/a>\n\t\t\t<\/dt><\/dl><dl class='gallery-item'>\n\t\t\t<dt class='gallery-icon landscape'>\n\t\t\t\t<a href='https:\/\/perigordbeers.com\/wp-content\/uploads\/2020\/03\/G34A6994-scaled.jpg'><img loading=\"lazy\" decoding=\"async\" width=\"200\" height=\"133\" src=\"https:\/\/perigordbeers.com\/wp-content\/uploads\/2020\/03\/G34A6994-200x133.jpg\" class=\"attachment-thumbnail size-thumbnail\" alt=\"\" srcset=\"https:\/\/perigordbeers.com\/wp-content\/uploads\/2020\/03\/G34A6994-200x133.jpg 200w, https:\/\/perigordbeers.com\/wp-content\/uploads\/2020\/03\/G34A6994-scaled-600x400.jpg 600w, https:\/\/perigordbeers.com\/wp-content\/uploads\/2020\/03\/G34A6994-300x200.jpg 300w, https:\/\/perigordbeers.com\/wp-content\/uploads\/2020\/03\/G34A6994-1024x682.jpg 1024w, https:\/\/perigordbeers.com\/wp-content\/uploads\/2020\/03\/G34A6994-768x512.jpg 768w, https:\/\/perigordbeers.com\/wp-content\/uploads\/2020\/03\/G34A6994-1536x1024.jpg 1536w, https:\/\/perigordbeers.com\/wp-content\/uploads\/2020\/03\/G34A6994-2048x1365.jpg 2048w, https:\/\/perigordbeers.com\/wp-content\/uploads\/2020\/03\/G34A6994-360x240.jpg 360w\" sizes=\"auto, (max-width: 200px) 100vw, 200px\" \/><\/a>\n\t\t\t<\/dt><\/dl><dl class='gallery-item'>\n\t\t\t<dt class='gallery-icon portrait'>\n\t\t\t\t<a href='https:\/\/perigordbeers.com\/wp-content\/uploads\/2020\/03\/G34A7264-scaled.jpg'><img loading=\"lazy\" decoding=\"async\" width=\"200\" height=\"133\" src=\"https:\/\/perigordbeers.com\/wp-content\/uploads\/2020\/03\/G34A7264-200x133.jpg\" class=\"attachment-thumbnail size-thumbnail\" alt=\"\" srcset=\"https:\/\/perigordbeers.com\/wp-content\/uploads\/2020\/03\/G34A7264-200x133.jpg 200w, https:\/\/perigordbeers.com\/wp-content\/uploads\/2020\/03\/G34A7264-360x240.jpg 360w\" sizes=\"auto, (max-width: 200px) 100vw, 200px\" \/><\/a>\n\t\t\t<\/dt><\/dl><br style=\"clear: both\" \/><dl class='gallery-item'>\n\t\t\t<dt class='gallery-icon portrait'>\n\t\t\t\t<a href='https:\/\/perigordbeers.com\/wp-content\/uploads\/2020\/03\/G34A7241-scaled.jpg'><img loading=\"lazy\" decoding=\"async\" width=\"200\" height=\"133\" src=\"https:\/\/perigordbeers.com\/wp-content\/uploads\/2020\/03\/G34A7241-200x133.jpg\" class=\"attachment-thumbnail size-thumbnail\" alt=\"\" srcset=\"https:\/\/perigordbeers.com\/wp-content\/uploads\/2020\/03\/G34A7241-200x133.jpg 200w, https:\/\/perigordbeers.com\/wp-content\/uploads\/2020\/03\/G34A7241-360x240.jpg 360w\" sizes=\"auto, (max-width: 200px) 100vw, 200px\" \/><\/a>\n\t\t\t<\/dt><\/dl><dl class='gallery-item'>\n\t\t\t<dt class='gallery-icon landscape'>\n\t\t\t\t<a href='https:\/\/perigordbeers.com\/wp-content\/uploads\/2020\/03\/G34A7227-scaled.jpg'><img loading=\"lazy\" decoding=\"async\" width=\"200\" height=\"133\" src=\"https:\/\/perigordbeers.com\/wp-content\/uploads\/2020\/03\/G34A7227-200x133.jpg\" class=\"attachment-thumbnail size-thumbnail\" alt=\"\" srcset=\"https:\/\/perigordbeers.com\/wp-content\/uploads\/2020\/03\/G34A7227-200x133.jpg 200w, https:\/\/perigordbeers.com\/wp-content\/uploads\/2020\/03\/G34A7227-scaled-600x400.jpg 600w, https:\/\/perigordbeers.com\/wp-content\/uploads\/2020\/03\/G34A7227-300x200.jpg 300w, https:\/\/perigordbeers.com\/wp-content\/uploads\/2020\/03\/G34A7227-1024x682.jpg 1024w, https:\/\/perigordbeers.com\/wp-content\/uploads\/2020\/03\/G34A7227-768x512.jpg 768w, https:\/\/perigordbeers.com\/wp-content\/uploads\/2020\/03\/G34A7227-1536x1024.jpg 1536w, https:\/\/perigordbeers.com\/wp-content\/uploads\/2020\/03\/G34A7227-2048x1365.jpg 2048w, https:\/\/perigordbeers.com\/wp-content\/uploads\/2020\/03\/G34A7227-360x240.jpg 360w\" sizes=\"auto, (max-width: 200px) 100vw, 200px\" \/><\/a>\n\t\t\t<\/dt><\/dl><dl class='gallery-item'>\n\t\t\t<dt class='gallery-icon portrait'>\n\t\t\t\t<a href='https:\/\/perigordbeers.com\/wp-content\/uploads\/2020\/03\/G34A6972-scaled.jpg'><img loading=\"lazy\" decoding=\"async\" width=\"200\" height=\"133\" src=\"https:\/\/perigordbeers.com\/wp-content\/uploads\/2020\/03\/G34A6972-200x133.jpg\" class=\"attachment-thumbnail size-thumbnail\" alt=\"\" srcset=\"https:\/\/perigordbeers.com\/wp-content\/uploads\/2020\/03\/G34A6972-200x133.jpg 200w, https:\/\/perigordbeers.com\/wp-content\/uploads\/2020\/03\/G34A6972-360x240.jpg 360w\" sizes=\"auto, (max-width: 200px) 100vw, 200px\" \/><\/a>\n\t\t\t<\/dt><\/dl><dl class='gallery-item'>\n\t\t\t<dt class='gallery-icon portrait'>\n\t\t\t\t<a href='https:\/\/perigordbeers.com\/wp-content\/uploads\/2020\/03\/G34A7283-scaled.jpg'><img loading=\"lazy\" decoding=\"async\" width=\"200\" height=\"133\" src=\"https:\/\/perigordbeers.com\/wp-content\/uploads\/2020\/03\/G34A7283-200x133.jpg\" class=\"attachment-thumbnail size-thumbnail\" alt=\"\" srcset=\"https:\/\/perigordbeers.com\/wp-content\/uploads\/2020\/03\/G34A7283-200x133.jpg 200w, https:\/\/perigordbeers.com\/wp-content\/uploads\/2020\/03\/G34A7283-360x240.jpg 360w\" sizes=\"auto, (max-width: 200px) 100vw, 200px\" \/><\/a>\n\t\t\t<\/dt><\/dl><br style=\"clear: both\" \/>\n\t\t<\/div>\n\n<p>Nos bi\u00e8res ont \u00e9t\u00e9 inspir\u00e9es par nos <strong>racines britanniques<\/strong>. Mais il faut plus que seulement de l&rsquo;inspiration et de la passion. Chacune de nos bi\u00e8res est le r\u00e9sultat d\u2019une recette unique et affin\u00e9e, et chacune est fabriqu\u00e9e selon nos m\u00e9thodes de brassage traditionnelles.<\/p>\n<p>Nous n\u2019utilisons que les <strong>meilleures mati\u00e8res premi\u00e8res<\/strong> que nous approvisionons nous-m\u00eames. Nous s\u00e9lectionnions que des ingr\u00e9dients capables de cr\u00e9er des bi\u00e8res regorgeantes de saveurs. C\u2019est le m\u00e9lange de l&rsquo;orge de <span>Charente-Maritime qui dispose d\u2019un terroir parfaite-ment adapt\u00e9 \u00e0 la culture d\u2019orge brassicole, en particulier l\u2019orge de printemps \u00e0 2 rangs reconnue pour sa qualit\u00e9<\/span> et les fleurs de sureau de nos arbres qui se trouvent dans notre jardin qui font le caract\u00e8re riche de toutes nos bi\u00e8res.<\/p>\n<p>Ensuite, il y a l&rsquo;eau, qui est le d\u00e9but de tout processus de brassage. Le n\u00f4tre provient d&rsquo;une source locale qui est ensuite filtr\u00e9e deux fois \u00e0 la brasserie.<\/p>\n<p>Outre les ingr\u00e9dients, ce sont nos <strong>m\u00e9thodes traditionnelles de brassage<\/strong> qui font de nos bi\u00e8res un v\u00e9ritable r\u00e9gal. C&rsquo;est un processus soigneusement \u00e9tudi\u00e9, et c&rsquo;est pourquoi nous ne pasteurisons pas et nous produisons seulement du <strong>CO<sup>2<\/sup> naturel<\/strong> pendant la fermentation secondaire, en bouteille au lieu de la carbonisation forc\u00e9e. Dans un souci de respect de l&rsquo;environnement, nous n&rsquo;utilisons que des produits \u00e9cologiques pour nettoyer notre \u00e9quipement.<\/p>\n<p>Si vous partagez notre amour de la bonne bi\u00e8re et vous voulez en savoir plus sur comment \u00e7a se fait, pourquoi pas <a href=\"\/pb\/fr\/nous-contacter\">nous rendre visite<\/a>\u00a0? Vous nous y trouverez l\u00e0 en plein travail, en train de v\u00e9rifier la temp\u00e9rature de la bi\u00e8re, de remplir les bouteilles &#8211; ou peut-\u00eatre juste en train de go\u00fbter l\u2019une de nos cr\u00e9ations&#8230;<\/p>\n<p>Notre brasserie \u00e9tant tr\u00e8s petite, nous ne proposons pas de visites guid\u00e9es, mais nous pouvons vous faire visiter les lieux, r\u00e9pondre \u00e0 vos questions et vous installer ensuite dans notre salle de d\u00e9gustation confortable pour voir ce qu&rsquo;il en est de toute cette agitation. Veuillez comprendre que pendant les mois d&rsquo;\u00e9t\u00e9, il est plus difficile de proposer des visites formelles, mais contactez-nous pour organiser une visite afin d&rsquo;acheter directement chez nous et de jeter un coup d&rsquo;\u0153il rapide \u00e0 la brasserie.<\/p>\n\n\n<p><\/p>\n","protected":false},"excerpt":{"rendered":"<p>P\u00e9rigord Beers est en cours de devenir une microbrasserie importante et reconnue dans le monde de la bi\u00e8re artisanale locale. Notre brasserie traditionnelle est une entreprise familiale qui se trouve dans un cadre magnifique, cach\u00e9 au bord d\u2019un \u00e9tang \u00e0 c\u00f4t\u00e9 d\u2019un ancien moulin en Dordogne. Fond\u00e9e en 2015 par [&hellip;]<\/p>\n","protected":false},"author":1,"featured_media":1426,"parent":0,"menu_order":0,"comment_status":"closed","ping_status":"closed","template":"","meta":{"footnotes":""},"class_list":["post-627","page","type-page","status-publish","has-post-thumbnail","hentry"],"yoast_head":"<!-- This site is optimized with the Yoast SEO plugin v27.4 - https:\/\/yoast.com\/product\/yoast-seo-wordpress\/ -->\n<title>\u00c0 Propos de la Brasserie Artisanale de Saint Saud | P\u00e9rigord Beers<\/title>\n<meta name=\"description\" content=\"P\u00e9rigord Beers est en cours de devenir une microbrasserie importante et reconnue dans le monde de la bi\u00e8re artisanale locale. Notre brasserie traditionnelle est une entreprise familiale qui se trouve dans un cadre magnifique, cach\u00e9 au bord d\u2019un \u00e9tang \u00e0 c\u00f4t\u00e9 d\u2019un ancien moulin en Dordogne.\" \/>\n<meta name=\"robots\" content=\"index, follow, max-snippet:-1, max-image-preview:large, max-video-preview:-1\" \/>\n<link rel=\"canonical\" href=\"https:\/\/perigordbeers.com\/fr\/notre-brasserie\/\" \/>\n<meta property=\"og:locale\" content=\"fr_FR\" \/>\n<meta property=\"og:type\" content=\"article\" \/>\n<meta property=\"og:title\" content=\"\u00c0 Propos de la Brasserie Artisanale de Saint Saud | P\u00e9rigord Beers\" \/>\n<meta property=\"og:description\" content=\"P\u00e9rigord Beers est en cours de devenir une microbrasserie importante et reconnue dans le monde de la bi\u00e8re artisanale locale. Notre brasserie traditionnelle est une entreprise familiale qui se trouve dans un cadre magnifique, cach\u00e9 au bord d\u2019un \u00e9tang \u00e0 c\u00f4t\u00e9 d\u2019un ancien moulin en Dordogne.\" \/>\n<meta property=\"og:url\" content=\"https:\/\/perigordbeers.com\/fr\/notre-brasserie\/\" \/>\n<meta property=\"og:site_name\" content=\"P\u00e9rigord Beers\" \/>\n<meta property=\"article:modified_time\" content=\"2025-08-06T14:19:55+00:00\" \/>\n<meta property=\"og:image\" content=\"https:\/\/perigordbeers.com\/wp-content\/uploads\/2020\/03\/G34A6987-scaled.jpg\" \/>\n\t<meta property=\"og:image:width\" content=\"2560\" \/>\n\t<meta property=\"og:image:height\" content=\"1707\" \/>\n\t<meta property=\"og:image:type\" content=\"image\/jpeg\" \/>\n<meta name=\"twitter:card\" content=\"summary_large_image\" \/>\n<meta name=\"twitter:label1\" content=\"Dur\u00e9e de lecture estim\u00e9e\" \/>\n\t<meta name=\"twitter:data1\" content=\"3 minutes\" \/>\n<script type=\"application\/ld+json\" class=\"yoast-schema-graph\">{\"@context\":\"https:\\\/\\\/schema.org\",\"@graph\":[{\"@type\":\"WebPage\",\"@id\":\"https:\\\/\\\/perigordbeers.com\\\/fr\\\/notre-brasserie\\\/\",\"url\":\"https:\\\/\\\/perigordbeers.com\\\/fr\\\/notre-brasserie\\\/\",\"name\":\"\u00c0 Propos de la Brasserie Artisanale de Saint Saud | P\u00e9rigord Beers\",\"isPartOf\":{\"@id\":\"https:\\\/\\\/perigordbeers.com\\\/#website\"},\"primaryImageOfPage\":{\"@id\":\"https:\\\/\\\/perigordbeers.com\\\/fr\\\/notre-brasserie\\\/#primaryimage\"},\"image\":{\"@id\":\"https:\\\/\\\/perigordbeers.com\\\/fr\\\/notre-brasserie\\\/#primaryimage\"},\"thumbnailUrl\":\"https:\\\/\\\/perigordbeers.com\\\/wp-content\\\/uploads\\\/2020\\\/03\\\/G34A6987-scaled.jpg\",\"datePublished\":\"2018-06-06T08:56:26+00:00\",\"dateModified\":\"2025-08-06T14:19:55+00:00\",\"description\":\"P\u00e9rigord Beers est en cours de devenir une microbrasserie importante et reconnue dans le monde de la bi\u00e8re artisanale locale. Notre brasserie traditionnelle est une entreprise familiale qui se trouve dans un cadre magnifique, cach\u00e9 au bord d\u2019un \u00e9tang \u00e0 c\u00f4t\u00e9 d\u2019un ancien moulin en Dordogne.\",\"breadcrumb\":{\"@id\":\"https:\\\/\\\/perigordbeers.com\\\/fr\\\/notre-brasserie\\\/#breadcrumb\"},\"inLanguage\":\"fr-FR\",\"potentialAction\":[{\"@type\":\"ReadAction\",\"target\":[\"https:\\\/\\\/perigordbeers.com\\\/fr\\\/notre-brasserie\\\/\"]}]},{\"@type\":\"ImageObject\",\"inLanguage\":\"fr-FR\",\"@id\":\"https:\\\/\\\/perigordbeers.com\\\/fr\\\/notre-brasserie\\\/#primaryimage\",\"url\":\"https:\\\/\\\/perigordbeers.com\\\/wp-content\\\/uploads\\\/2020\\\/03\\\/G34A6987-scaled.jpg\",\"contentUrl\":\"https:\\\/\\\/perigordbeers.com\\\/wp-content\\\/uploads\\\/2020\\\/03\\\/G34A6987-scaled.jpg\",\"width\":2560,\"height\":1707},{\"@type\":\"BreadcrumbList\",\"@id\":\"https:\\\/\\\/perigordbeers.com\\\/fr\\\/notre-brasserie\\\/#breadcrumb\",\"itemListElement\":[{\"@type\":\"ListItem\",\"position\":1,\"name\":\"Home\",\"item\":\"https:\\\/\\\/perigordbeers.com\\\/fr\\\/\"},{\"@type\":\"ListItem\",\"position\":2,\"name\":\"\u00c0 Propos de Notre Brasserie Artisanale\"}]},{\"@type\":\"WebSite\",\"@id\":\"https:\\\/\\\/perigordbeers.com\\\/#website\",\"url\":\"https:\\\/\\\/perigordbeers.com\\\/\",\"name\":\"P\u00e9rigord Beers\",\"description\":\"Des bi\u00e8res artisanales britanniques, brass\u00e9es en P\u00e9igord Vert\",\"publisher\":{\"@id\":\"https:\\\/\\\/perigordbeers.com\\\/#organization\"},\"potentialAction\":[{\"@type\":\"SearchAction\",\"target\":{\"@type\":\"EntryPoint\",\"urlTemplate\":\"https:\\\/\\\/perigordbeers.com\\\/?s={search_term_string}\"},\"query-input\":{\"@type\":\"PropertyValueSpecification\",\"valueRequired\":true,\"valueName\":\"search_term_string\"}}],\"inLanguage\":\"fr-FR\"},{\"@type\":\"Organization\",\"@id\":\"https:\\\/\\\/perigordbeers.com\\\/#organization\",\"name\":\"P\u00e9rigord Beers\",\"url\":\"https:\\\/\\\/perigordbeers.com\\\/\",\"logo\":{\"@type\":\"ImageObject\",\"inLanguage\":\"fr-FR\",\"@id\":\"https:\\\/\\\/perigordbeers.com\\\/#\\\/schema\\\/logo\\\/image\\\/\",\"url\":\"https:\\\/\\\/perigordbeers.com\\\/wp-content\\\/uploads\\\/2018\\\/01\\\/perigord-beers-dordogne.png\",\"contentUrl\":\"https:\\\/\\\/perigordbeers.com\\\/wp-content\\\/uploads\\\/2018\\\/01\\\/perigord-beers-dordogne.png\",\"width\":507,\"height\":252,\"caption\":\"P\u00e9rigord Beers\"},\"image\":{\"@id\":\"https:\\\/\\\/perigordbeers.com\\\/#\\\/schema\\\/logo\\\/image\\\/\"}}]}<\/script>\n<!-- \/ Yoast SEO plugin. -->","yoast_head_json":{"title":"\u00c0 Propos de la Brasserie Artisanale de Saint Saud | P\u00e9rigord Beers","description":"P\u00e9rigord Beers est en cours de devenir une microbrasserie importante et reconnue dans le monde de la bi\u00e8re artisanale locale. Notre brasserie traditionnelle est une entreprise familiale qui se trouve dans un cadre magnifique, cach\u00e9 au bord d\u2019un \u00e9tang \u00e0 c\u00f4t\u00e9 d\u2019un ancien moulin en Dordogne.","robots":{"index":"index","follow":"follow","max-snippet":"max-snippet:-1","max-image-preview":"max-image-preview:large","max-video-preview":"max-video-preview:-1"},"canonical":"https:\/\/perigordbeers.com\/fr\/notre-brasserie\/","og_locale":"fr_FR","og_type":"article","og_title":"\u00c0 Propos de la Brasserie Artisanale de Saint Saud | P\u00e9rigord Beers","og_description":"P\u00e9rigord Beers est en cours de devenir une microbrasserie importante et reconnue dans le monde de la bi\u00e8re artisanale locale. Notre brasserie traditionnelle est une entreprise familiale qui se trouve dans un cadre magnifique, cach\u00e9 au bord d\u2019un \u00e9tang \u00e0 c\u00f4t\u00e9 d\u2019un ancien moulin en Dordogne.","og_url":"https:\/\/perigordbeers.com\/fr\/notre-brasserie\/","og_site_name":"P\u00e9rigord Beers","article_modified_time":"2025-08-06T14:19:55+00:00","og_image":[{"width":2560,"height":1707,"url":"https:\/\/perigordbeers.com\/wp-content\/uploads\/2020\/03\/G34A6987-scaled.jpg","type":"image\/jpeg"}],"twitter_card":"summary_large_image","twitter_misc":{"Dur\u00e9e de lecture estim\u00e9e":"3 minutes"},"schema":{"@context":"https:\/\/schema.org","@graph":[{"@type":"WebPage","@id":"https:\/\/perigordbeers.com\/fr\/notre-brasserie\/","url":"https:\/\/perigordbeers.com\/fr\/notre-brasserie\/","name":"\u00c0 Propos de la Brasserie Artisanale de Saint Saud | P\u00e9rigord Beers","isPartOf":{"@id":"https:\/\/perigordbeers.com\/#website"},"primaryImageOfPage":{"@id":"https:\/\/perigordbeers.com\/fr\/notre-brasserie\/#primaryimage"},"image":{"@id":"https:\/\/perigordbeers.com\/fr\/notre-brasserie\/#primaryimage"},"thumbnailUrl":"https:\/\/perigordbeers.com\/wp-content\/uploads\/2020\/03\/G34A6987-scaled.jpg","datePublished":"2018-06-06T08:56:26+00:00","dateModified":"2025-08-06T14:19:55+00:00","description":"P\u00e9rigord Beers est en cours de devenir une microbrasserie importante et reconnue dans le monde de la bi\u00e8re artisanale locale. Notre brasserie traditionnelle est une entreprise familiale qui se trouve dans un cadre magnifique, cach\u00e9 au bord d\u2019un \u00e9tang \u00e0 c\u00f4t\u00e9 d\u2019un ancien moulin en Dordogne.","breadcrumb":{"@id":"https:\/\/perigordbeers.com\/fr\/notre-brasserie\/#breadcrumb"},"inLanguage":"fr-FR","potentialAction":[{"@type":"ReadAction","target":["https:\/\/perigordbeers.com\/fr\/notre-brasserie\/"]}]},{"@type":"ImageObject","inLanguage":"fr-FR","@id":"https:\/\/perigordbeers.com\/fr\/notre-brasserie\/#primaryimage","url":"https:\/\/perigordbeers.com\/wp-content\/uploads\/2020\/03\/G34A6987-scaled.jpg","contentUrl":"https:\/\/perigordbeers.com\/wp-content\/uploads\/2020\/03\/G34A6987-scaled.jpg","width":2560,"height":1707},{"@type":"BreadcrumbList","@id":"https:\/\/perigordbeers.com\/fr\/notre-brasserie\/#breadcrumb","itemListElement":[{"@type":"ListItem","position":1,"name":"Home","item":"https:\/\/perigordbeers.com\/fr\/"},{"@type":"ListItem","position":2,"name":"\u00c0 Propos de Notre Brasserie Artisanale"}]},{"@type":"WebSite","@id":"https:\/\/perigordbeers.com\/#website","url":"https:\/\/perigordbeers.com\/","name":"P\u00e9rigord Beers","description":"Des bi\u00e8res artisanales britanniques, brass\u00e9es en P\u00e9igord Vert","publisher":{"@id":"https:\/\/perigordbeers.com\/#organization"},"potentialAction":[{"@type":"SearchAction","target":{"@type":"EntryPoint","urlTemplate":"https:\/\/perigordbeers.com\/?s={search_term_string}"},"query-input":{"@type":"PropertyValueSpecification","valueRequired":true,"valueName":"search_term_string"}}],"inLanguage":"fr-FR"},{"@type":"Organization","@id":"https:\/\/perigordbeers.com\/#organization","name":"P\u00e9rigord Beers","url":"https:\/\/perigordbeers.com\/","logo":{"@type":"ImageObject","inLanguage":"fr-FR","@id":"https:\/\/perigordbeers.com\/#\/schema\/logo\/image\/","url":"https:\/\/perigordbeers.com\/wp-content\/uploads\/2018\/01\/perigord-beers-dordogne.png","contentUrl":"https:\/\/perigordbeers.com\/wp-content\/uploads\/2018\/01\/perigord-beers-dordogne.png","width":507,"height":252,"caption":"P\u00e9rigord Beers"},"image":{"@id":"https:\/\/perigordbeers.com\/#\/schema\/logo\/image\/"}}]}},"_links":{"self":[{"href":"https:\/\/perigordbeers.com\/fr\/wp-json\/wp\/v2\/pages\/627","targetHints":{"allow":["GET"]}}],"collection":[{"href":"https:\/\/perigordbeers.com\/fr\/wp-json\/wp\/v2\/pages"}],"about":[{"href":"https:\/\/perigordbeers.com\/fr\/wp-json\/wp\/v2\/types\/page"}],"author":[{"embeddable":true,"href":"https:\/\/perigordbeers.com\/fr\/wp-json\/wp\/v2\/users\/1"}],"replies":[{"embeddable":true,"href":"https:\/\/perigordbeers.com\/fr\/wp-json\/wp\/v2\/comments?post=627"}],"version-history":[{"count":33,"href":"https:\/\/perigordbeers.com\/fr\/wp-json\/wp\/v2\/pages\/627\/revisions"}],"predecessor-version":[{"id":2224,"href":"https:\/\/perigordbeers.com\/fr\/wp-json\/wp\/v2\/pages\/627\/revisions\/2224"}],"wp:featuredmedia":[{"embeddable":true,"href":"https:\/\/perigordbeers.com\/fr\/wp-json\/wp\/v2\/media\/1426"}],"wp:attachment":[{"href":"https:\/\/perigordbeers.com\/fr\/wp-json\/wp\/v2\/media?parent=627"}],"curies":[{"name":"wp","href":"https:\/\/api.w.org\/{rel}","templated":true}]}}