{"id":629,"date":"2018-06-06T10:57:48","date_gmt":"2018-06-06T08:57:48","guid":{"rendered":"https:\/\/perigordbeers.com\/?page_id=629"},"modified":"2018-07-03T13:50:50","modified_gmt":"2018-07-03T11:50:50","slug":"gite-de-brasserie","status":"publish","type":"page","link":"https:\/\/perigordbeers.com\/fr\/gite-de-brasserie\/","title":{"rendered":"G\u00eete de la Brasserie"},"content":{"rendered":"<p>The <strong>G\u00eete de la Brasserie<\/strong> est un est un beau petit g\u00eete avec une chambre qui se trouve sur le terrain de notre moulin et brasserie. C\u2019est l\u2019endroit id\u00e9al pour tous ceux qui cherchent \u00e0 s&rsquo;\u00e9vader tout en profitant des conforts d&rsquo;une location de vacances moderne.<\/p>\n<p>La paix et la tranquillit\u00e9 vont seront assur\u00e9es, o\u00f9 autour de vous, la plupart du temps tout ce que vous pouvez entendre c\u2019est la nature; les oiseaux, le ruisseau et parfois les cloches de l&rsquo;\u00e9glise. Nous sommes entour\u00e9s de bois et on aurait l&rsquo;impression d&rsquo;\u00eatre au bout du monde, mais nous ne sommes en fait qu\u2019\u00e0 quelques minutes de la ville.<\/p>\n\n\t\t<style type=\"text\/css\">\n\t\t\t#gallery-1 {\n\t\t\t\tmargin: auto;\n\t\t\t}\n\t\t\t#gallery-1 .gallery-item {\n\t\t\t\tfloat: left;\n\t\t\t\tmargin-top: 10px;\n\t\t\t\ttext-align: center;\n\t\t\t\twidth: 25%;\n\t\t\t}\n\t\t\t#gallery-1 img {\n\t\t\t\tborder: 2px solid #cfcfcf;\n\t\t\t}\n\t\t\t#gallery-1 .gallery-caption {\n\t\t\t\tmargin-left: 0;\n\t\t\t}\n\t\t\t\/* see gallery_shortcode() in wp-includes\/media.php *\/\n\t\t<\/style>\n\t\t<div id='gallery-1' class='gallery galleryid-629 gallery-columns-4 gallery-size-thumbnail'><dl class='gallery-item'>\n\t\t\t<dt class='gallery-icon landscape'>\n\t\t\t\t<a href='https:\/\/perigordbeers.com\/wp-content\/uploads\/2018\/02\/house-exterior.jpg'><img loading=\"lazy\" decoding=\"async\" width=\"200\" height=\"133\" src=\"https:\/\/perigordbeers.com\/wp-content\/uploads\/2018\/02\/house-exterior.jpg\" class=\"attachment-thumbnail size-thumbnail\" alt=\"\" \/><\/a>\n\t\t\t<\/dt><\/dl><dl class='gallery-item'>\n\t\t\t<dt class='gallery-icon landscape'>\n\t\t\t\t<a href='https:\/\/perigordbeers.com\/wp-content\/uploads\/2018\/02\/gite-exterior.jpg'><img loading=\"lazy\" decoding=\"async\" width=\"200\" height=\"133\" src=\"https:\/\/perigordbeers.com\/wp-content\/uploads\/2018\/02\/gite-exterior.jpg\" class=\"attachment-thumbnail size-thumbnail\" alt=\"\" \/><\/a>\n\t\t\t<\/dt><\/dl><dl class='gallery-item'>\n\t\t\t<dt class='gallery-icon landscape'>\n\t\t\t\t<a href='https:\/\/perigordbeers.com\/wp-content\/uploads\/2018\/02\/gite-garden.jpg'><img loading=\"lazy\" decoding=\"async\" width=\"200\" height=\"133\" src=\"https:\/\/perigordbeers.com\/wp-content\/uploads\/2018\/02\/gite-garden.jpg\" class=\"attachment-thumbnail size-thumbnail\" alt=\"\" \/><\/a>\n\t\t\t<\/dt><\/dl><dl class='gallery-item'>\n\t\t\t<dt class='gallery-icon landscape'>\n\t\t\t\t<a href='https:\/\/perigordbeers.com\/wp-content\/uploads\/2018\/02\/gite-lounge.jpg'><img loading=\"lazy\" decoding=\"async\" width=\"200\" height=\"133\" src=\"https:\/\/perigordbeers.com\/wp-content\/uploads\/2018\/02\/gite-lounge.jpg\" class=\"attachment-thumbnail size-thumbnail\" alt=\"\" \/><\/a>\n\t\t\t<\/dt><\/dl><br style=\"clear: both\" \/><dl class='gallery-item'>\n\t\t\t<dt class='gallery-icon landscape'>\n\t\t\t\t<a href='https:\/\/perigordbeers.com\/wp-content\/uploads\/2018\/02\/gite-interior.jpg'><img loading=\"lazy\" decoding=\"async\" width=\"200\" height=\"133\" src=\"https:\/\/perigordbeers.com\/wp-content\/uploads\/2018\/02\/gite-interior.jpg\" class=\"attachment-thumbnail size-thumbnail\" alt=\"\" \/><\/a>\n\t\t\t<\/dt><\/dl><dl class='gallery-item'>\n\t\t\t<dt class='gallery-icon landscape'>\n\t\t\t\t<a href='https:\/\/perigordbeers.com\/wp-content\/uploads\/2018\/02\/gite-interior2.jpg'><img loading=\"lazy\" decoding=\"async\" width=\"200\" height=\"133\" src=\"https:\/\/perigordbeers.com\/wp-content\/uploads\/2018\/02\/gite-interior2.jpg\" class=\"attachment-thumbnail size-thumbnail\" alt=\"\" \/><\/a>\n\t\t\t<\/dt><\/dl><dl class='gallery-item'>\n\t\t\t<dt class='gallery-icon landscape'>\n\t\t\t\t<a href='https:\/\/perigordbeers.com\/wp-content\/uploads\/2018\/02\/gite-interior3.jpg'><img loading=\"lazy\" decoding=\"async\" width=\"200\" height=\"133\" src=\"https:\/\/perigordbeers.com\/wp-content\/uploads\/2018\/02\/gite-interior3.jpg\" class=\"attachment-thumbnail size-thumbnail\" alt=\"\" \/><\/a>\n\t\t\t<\/dt><\/dl><dl class='gallery-item'>\n\t\t\t<dt class='gallery-icon landscape'>\n\t\t\t\t<a href='https:\/\/perigordbeers.com\/wp-content\/uploads\/2018\/02\/gite-bedroom.jpg'><img loading=\"lazy\" decoding=\"async\" width=\"200\" height=\"133\" src=\"https:\/\/perigordbeers.com\/wp-content\/uploads\/2018\/02\/gite-bedroom.jpg\" class=\"attachment-thumbnail size-thumbnail\" alt=\"\" \/><\/a>\n\t\t\t<\/dt><\/dl><br style=\"clear: both\" \/><dl class='gallery-item'>\n\t\t\t<dt class='gallery-icon landscape'>\n\t\t\t\t<a href='https:\/\/perigordbeers.com\/wp-content\/uploads\/2018\/02\/mill-house.jpg'><img loading=\"lazy\" decoding=\"async\" width=\"200\" height=\"133\" src=\"https:\/\/perigordbeers.com\/wp-content\/uploads\/2018\/02\/mill-house.jpg\" class=\"attachment-thumbnail size-thumbnail\" alt=\"\" \/><\/a>\n\t\t\t<\/dt><\/dl><dl class='gallery-item'>\n\t\t\t<dt class='gallery-icon landscape'>\n\t\t\t\t<a href='https:\/\/perigordbeers.com\/wp-content\/uploads\/2018\/02\/gite-garden2.jpg'><img loading=\"lazy\" decoding=\"async\" width=\"200\" height=\"133\" src=\"https:\/\/perigordbeers.com\/wp-content\/uploads\/2018\/02\/gite-garden2.jpg\" class=\"attachment-thumbnail size-thumbnail\" alt=\"\" \/><\/a>\n\t\t\t<\/dt><\/dl><dl class='gallery-item'>\n\t\t\t<dt class='gallery-icon landscape'>\n\t\t\t\t<a href='https:\/\/perigordbeers.com\/wp-content\/uploads\/2018\/02\/lake.jpg'><img loading=\"lazy\" decoding=\"async\" width=\"200\" height=\"133\" src=\"https:\/\/perigordbeers.com\/wp-content\/uploads\/2018\/02\/lake.jpg\" class=\"attachment-thumbnail size-thumbnail\" alt=\"\" \/><\/a>\n\t\t\t<\/dt><\/dl><dl class='gallery-item'>\n\t\t\t<dt class='gallery-icon landscape'>\n\t\t\t\t<a href='https:\/\/perigordbeers.com\/wp-content\/uploads\/2018\/02\/woodland.jpg'><img loading=\"lazy\" decoding=\"async\" width=\"200\" height=\"133\" src=\"https:\/\/perigordbeers.com\/wp-content\/uploads\/2018\/02\/woodland.jpg\" class=\"attachment-thumbnail size-thumbnail\" alt=\"\" \/><\/a>\n\t\t\t<\/dt><\/dl><br style=\"clear: both\" \/>\n\t\t<\/div>\n\n<h3>Informations sur la location<\/h3>\n<p>Veuillez nous appeler ou nous envoyer un mail pour confirmer la disponibilit\u00e9 de vos dates souhait\u00e9es. Un d\u00e9p\u00f4t de 25% (non remboursable) vous sera exig\u00e9 lors de la r\u00e9servation, avec le solde d\u00fb 8 semaines avant votre arriv\u00e9e.<\/p>\n<p><strong>Jour d\u2019arriv\u00e9e : <\/strong>nous pr\u00e9f\u00e9rons le samedi, mais d&rsquo;autres jours sont possible avec pr\u00e9avis. De courts s\u00e9jours sont \u00e9galement possibles avec pr\u00e9avis. Le g\u00eete sera disponible \u00e0 partir de 16 heures et nous demandons que les invit\u00e9s partent \u00e0 10 heures le jour de d\u00e9part.<\/p>\n<p><strong>Informations sur les tarifs :<\/strong> nos tarifs comprennent serviettes de bain, draps, torchons, gaz, eau, \u00e9lectricit\u00e9 et WiFi. Nos prix sont par semaine du samedi au samedi, et il y a la possibilit\u00e9 de n\u00e9gocier des s\u00e9jours \u00e0 court ou \u00e0 long terme avec les propri\u00e9taires.<\/p>\n<p>Pendant les mois d&rsquo;hiver (novembre &#8211; avril), il y a un suppl\u00e9ment de \u00a3 20\/25 \u20ac par semaine pour couvrir le co\u00fbt du chauffage. Pendant les mois d&rsquo;octobre &#8211; mai, un chauffage suppl\u00e9mentaire est disponible si n\u00e9cessaire. Ceci co\u00fbte \u00a3 20\/25 \u20ac de plus par semaine. Les animaux sont les bienvenus pour un suppl\u00e9ment de \u00a3 25\/30 \u20ac par animal.<\/p>\n<p><strong>D\u00e9p\u00f4t de garantie :<\/strong> Un d\u00e9p\u00f4t de garantie de \u00a3 150\/175 \u20ac vous sera demand\u00e9 lors de votre arriv\u00e9e. (Ceci est remboursable au d\u00e9part).<\/p>\n<h3>Notre Philosophie<\/h3>\n<p>Nous sommes arriv\u00e9s en France il y a plus de 12 ans, \u00e0 la recherche d&rsquo;un nouveau mode de vie. Nous essayons de cultiver tous nos propres l\u00e9gumes dans notre potager, et avons des \u0153ufs frais tous les jours gr\u00e2ce \u00e0 nos poules. Nous croyons aussi dans l\u2019utilisation de l&rsquo;\u00e9nergie renouvelable\u00a0: notre eau chaude est chauff\u00e9e au solaire, et l&rsquo;hiver, nous nous chauffons au bois. Nous n\u2019utilisons l\u2019\u00e9lectricit\u00e9 qu\u2019en dernier recours, lorsque le soleil ne brille pas &#8211; il n&rsquo;y aura donc jamais de p\u00e9nurie d&rsquo;eau chaude !<\/p>\n<p>Nous avons mis longtemps \u00e0 trouver notre maison de r\u00eave, et sommes tomb\u00e9s amoureux du charme du Moulin de Mazieras et de ses environs. Le paysage intacte du P\u00e9rigord est si belle et nous avons le bonheur de d\u00e9couvrir ici de la flore et la faune qui sont devenues rares, voir presque disparu, au Royaume-Uni.<\/p>\n<h4>Commentaires<\/h4>\n<p><strong>Juilley 2016:<\/strong> <em>Le g\u00eete \u00e9tait absolument charmant, vraiment de la classe. Bellement d\u00e9cor\u00e9 et tr\u00e8s confortable et accueillant. Eh bien nous sommes rest\u00e9s 3 semaines! Nous recommandons vivement cet h\u00e9bergement \u00e0 d&rsquo;autres personnes. C&rsquo;est bien meilleur en r\u00e9alit\u00e9 que les photos ne nous laissent croire.<\/em><\/p>\n<p><strong>Ao\u00fbt 2016:<\/strong> <em>La propri\u00e9t\u00e9 \u00e9tait parfaite pour un couple et un chien, beaucoup de place et de bons installations. L&rsquo;accueil \u00e9tait chaleureux et authentique, il y de bonnes promenades a faire dans la r\u00e9gion, qui est aussi bien situ\u00e9 pour les visites de ch\u00e2teaux, des march\u00e9s et des villes historiques. Hors des sentiers battus, pas de bruit de la route, a a juste quelques minutes a pied des restaurants et des bars.<\/em><\/p>\n<p><strong>Ao\u00fbt 2015:<\/strong> <em>C&rsquo;\u00e9tait un r\u00eave vraiment fran\u00e7ais. Une charmante petite maison entour\u00e9e de bois, un petit ruisseau et un \u00e9tang aussi ! Le tout est trop parfait\u00a0! La premi\u00e8re question que vous vous poserez lorsque vous y arriverez sera : \u00abmais comment l&rsquo;ont-ils m\u00eame pu trouver cette maison\u00a0: des lieux comme celui-ci n&rsquo;existent m\u00eame pas\u00bb! Mais en fait ils existent bien et vous d\u00e9couvrirez tout \u00e7a en s\u00e9jour chez Val, Mike et Claudia.<\/em><\/p>\n<p><em>Nos h\u00f4tes \u00e9taient si amicaux et accommodants que j&rsquo;aurais besoin d&rsquo;\u00e9crire un livre pour tout mettre en mots. Certains h\u00f4tels devraient envoyer leur personnel l\u00e0-bas pour une petite formation\u00a0! Je suis s\u00fbr que Claudia pourrait leur apprendre beaucoup ! Ce fut un grand plaisir de rester avec vous et nous esp\u00e9rons vous revoir bient\u00f4t.<\/em><\/p>\n","protected":false},"excerpt":{"rendered":"<p>The G\u00eete de la Brasserie est un est un beau petit g\u00eete avec une chambre qui se trouve sur le terrain de notre moulin et brasserie. C\u2019est l\u2019endroit id\u00e9al pour tous ceux qui cherchent \u00e0 s&rsquo;\u00e9vader tout en profitant des conforts d&rsquo;une location de vacances moderne. La paix et la [&hellip;]<\/p>\n","protected":false},"author":1,"featured_media":546,"parent":0,"menu_order":0,"comment_status":"closed","ping_status":"closed","template":"","meta":{"footnotes":""},"class_list":["post-629","page","type-page","status-publish","has-post-thumbnail","hentry"],"yoast_head":"<!-- This site is optimized with the Yoast SEO plugin v27.3 - https:\/\/yoast.com\/product\/yoast-seo-wordpress\/ -->\n<title>G\u00eete rural \u00e0 louer, Saint-Saud. P\u00e9rigord Beers<\/title>\n<meta name=\"description\" content=\"The G\u00eete de la Brasserie est un est un beau petit g\u00eete avec une chambre qui se trouve sur le terrain de notre moulin et brasserie. C\u2019est l\u2019endroit id\u00e9al pour tous ceux qui cherchent \u00e0 s\u2019\u00e9vader tout en profitant des conforts d\u2019une location de vacances moderne.\" \/>\n<meta name=\"robots\" content=\"index, follow, max-snippet:-1, max-image-preview:large, max-video-preview:-1\" \/>\n<link rel=\"canonical\" href=\"https:\/\/perigordbeers.com\/fr\/gite-de-brasserie\/\" \/>\n<meta property=\"og:locale\" content=\"fr_FR\" \/>\n<meta property=\"og:type\" content=\"article\" \/>\n<meta property=\"og:title\" content=\"G\u00eete rural \u00e0 louer, Saint-Saud. P\u00e9rigord Beers\" \/>\n<meta property=\"og:description\" content=\"The G\u00eete de la Brasserie est un est un beau petit g\u00eete avec une chambre qui se trouve sur le terrain de notre moulin et brasserie. C\u2019est l\u2019endroit id\u00e9al pour tous ceux qui cherchent \u00e0 s\u2019\u00e9vader tout en profitant des conforts d\u2019une location de vacances moderne.\" \/>\n<meta property=\"og:url\" content=\"https:\/\/perigordbeers.com\/fr\/gite-de-brasserie\/\" \/>\n<meta property=\"og:site_name\" content=\"P\u00e9rigord Beers\" \/>\n<meta property=\"article:modified_time\" content=\"2018-07-03T11:50:50+00:00\" \/>\n<meta property=\"og:image\" content=\"https:\/\/perigordbeers.com\/wp-content\/uploads\/2018\/02\/brewery-gite-dordogne.jpg\" \/>\n\t<meta property=\"og:image:width\" content=\"1500\" \/>\n\t<meta property=\"og:image:height\" content=\"600\" \/>\n\t<meta property=\"og:image:type\" content=\"image\/jpeg\" \/>\n<meta name=\"twitter:card\" content=\"summary_large_image\" \/>\n<meta name=\"twitter:label1\" content=\"Dur\u00e9e de lecture estim\u00e9e\" \/>\n\t<meta name=\"twitter:data1\" content=\"4 minutes\" \/>\n<script type=\"application\/ld+json\" class=\"yoast-schema-graph\">{\"@context\":\"https:\\\/\\\/schema.org\",\"@graph\":[{\"@type\":\"WebPage\",\"@id\":\"https:\\\/\\\/perigordbeers.com\\\/fr\\\/gite-de-brasserie\\\/\",\"url\":\"https:\\\/\\\/perigordbeers.com\\\/fr\\\/gite-de-brasserie\\\/\",\"name\":\"G\u00eete rural \u00e0 louer, Saint-Saud. P\u00e9rigord Beers\",\"isPartOf\":{\"@id\":\"https:\\\/\\\/perigordbeers.com\\\/#website\"},\"primaryImageOfPage\":{\"@id\":\"https:\\\/\\\/perigordbeers.com\\\/fr\\\/gite-de-brasserie\\\/#primaryimage\"},\"image\":{\"@id\":\"https:\\\/\\\/perigordbeers.com\\\/fr\\\/gite-de-brasserie\\\/#primaryimage\"},\"thumbnailUrl\":\"https:\\\/\\\/perigordbeers.com\\\/wp-content\\\/uploads\\\/2018\\\/02\\\/brewery-gite-dordogne.jpg\",\"datePublished\":\"2018-06-06T08:57:48+00:00\",\"dateModified\":\"2018-07-03T11:50:50+00:00\",\"description\":\"The G\u00eete de la Brasserie est un est un beau petit g\u00eete avec une chambre qui se trouve sur le terrain de notre moulin et brasserie. C\u2019est l\u2019endroit id\u00e9al pour tous ceux qui cherchent \u00e0 s\u2019\u00e9vader tout en profitant des conforts d\u2019une location de vacances moderne.\",\"breadcrumb\":{\"@id\":\"https:\\\/\\\/perigordbeers.com\\\/fr\\\/gite-de-brasserie\\\/#breadcrumb\"},\"inLanguage\":\"fr-FR\",\"potentialAction\":[{\"@type\":\"ReadAction\",\"target\":[\"https:\\\/\\\/perigordbeers.com\\\/fr\\\/gite-de-brasserie\\\/\"]}]},{\"@type\":\"ImageObject\",\"inLanguage\":\"fr-FR\",\"@id\":\"https:\\\/\\\/perigordbeers.com\\\/fr\\\/gite-de-brasserie\\\/#primaryimage\",\"url\":\"https:\\\/\\\/perigordbeers.com\\\/wp-content\\\/uploads\\\/2018\\\/02\\\/brewery-gite-dordogne.jpg\",\"contentUrl\":\"https:\\\/\\\/perigordbeers.com\\\/wp-content\\\/uploads\\\/2018\\\/02\\\/brewery-gite-dordogne.jpg\",\"width\":1500,\"height\":600},{\"@type\":\"BreadcrumbList\",\"@id\":\"https:\\\/\\\/perigordbeers.com\\\/fr\\\/gite-de-brasserie\\\/#breadcrumb\",\"itemListElement\":[{\"@type\":\"ListItem\",\"position\":1,\"name\":\"Home\",\"item\":\"https:\\\/\\\/perigordbeers.com\\\/fr\\\/\"},{\"@type\":\"ListItem\",\"position\":2,\"name\":\"G\u00eete de la Brasserie\"}]},{\"@type\":\"WebSite\",\"@id\":\"https:\\\/\\\/perigordbeers.com\\\/#website\",\"url\":\"https:\\\/\\\/perigordbeers.com\\\/\",\"name\":\"P\u00e9rigord Beers\",\"description\":\"Des bi\u00e8res artisanales britanniques, brass\u00e9es en P\u00e9igord Vert\",\"publisher\":{\"@id\":\"https:\\\/\\\/perigordbeers.com\\\/#organization\"},\"potentialAction\":[{\"@type\":\"SearchAction\",\"target\":{\"@type\":\"EntryPoint\",\"urlTemplate\":\"https:\\\/\\\/perigordbeers.com\\\/?s={search_term_string}\"},\"query-input\":{\"@type\":\"PropertyValueSpecification\",\"valueRequired\":true,\"valueName\":\"search_term_string\"}}],\"inLanguage\":\"fr-FR\"},{\"@type\":\"Organization\",\"@id\":\"https:\\\/\\\/perigordbeers.com\\\/#organization\",\"name\":\"P\u00e9rigord Beers\",\"url\":\"https:\\\/\\\/perigordbeers.com\\\/\",\"logo\":{\"@type\":\"ImageObject\",\"inLanguage\":\"fr-FR\",\"@id\":\"https:\\\/\\\/perigordbeers.com\\\/#\\\/schema\\\/logo\\\/image\\\/\",\"url\":\"https:\\\/\\\/perigordbeers.com\\\/wp-content\\\/uploads\\\/2018\\\/01\\\/perigord-beers-dordogne.png\",\"contentUrl\":\"https:\\\/\\\/perigordbeers.com\\\/wp-content\\\/uploads\\\/2018\\\/01\\\/perigord-beers-dordogne.png\",\"width\":507,\"height\":252,\"caption\":\"P\u00e9rigord Beers\"},\"image\":{\"@id\":\"https:\\\/\\\/perigordbeers.com\\\/#\\\/schema\\\/logo\\\/image\\\/\"}}]}<\/script>\n<!-- \/ Yoast SEO plugin. -->","yoast_head_json":{"title":"G\u00eete rural \u00e0 louer, Saint-Saud. P\u00e9rigord Beers","description":"The G\u00eete de la Brasserie est un est un beau petit g\u00eete avec une chambre qui se trouve sur le terrain de notre moulin et brasserie. C\u2019est l\u2019endroit id\u00e9al pour tous ceux qui cherchent \u00e0 s\u2019\u00e9vader tout en profitant des conforts d\u2019une location de vacances moderne.","robots":{"index":"index","follow":"follow","max-snippet":"max-snippet:-1","max-image-preview":"max-image-preview:large","max-video-preview":"max-video-preview:-1"},"canonical":"https:\/\/perigordbeers.com\/fr\/gite-de-brasserie\/","og_locale":"fr_FR","og_type":"article","og_title":"G\u00eete rural \u00e0 louer, Saint-Saud. P\u00e9rigord Beers","og_description":"The G\u00eete de la Brasserie est un est un beau petit g\u00eete avec une chambre qui se trouve sur le terrain de notre moulin et brasserie. C\u2019est l\u2019endroit id\u00e9al pour tous ceux qui cherchent \u00e0 s\u2019\u00e9vader tout en profitant des conforts d\u2019une location de vacances moderne.","og_url":"https:\/\/perigordbeers.com\/fr\/gite-de-brasserie\/","og_site_name":"P\u00e9rigord Beers","article_modified_time":"2018-07-03T11:50:50+00:00","og_image":[{"width":1500,"height":600,"url":"https:\/\/perigordbeers.com\/wp-content\/uploads\/2018\/02\/brewery-gite-dordogne.jpg","type":"image\/jpeg"}],"twitter_card":"summary_large_image","twitter_misc":{"Dur\u00e9e de lecture estim\u00e9e":"4 minutes"},"schema":{"@context":"https:\/\/schema.org","@graph":[{"@type":"WebPage","@id":"https:\/\/perigordbeers.com\/fr\/gite-de-brasserie\/","url":"https:\/\/perigordbeers.com\/fr\/gite-de-brasserie\/","name":"G\u00eete rural \u00e0 louer, Saint-Saud. P\u00e9rigord Beers","isPartOf":{"@id":"https:\/\/perigordbeers.com\/#website"},"primaryImageOfPage":{"@id":"https:\/\/perigordbeers.com\/fr\/gite-de-brasserie\/#primaryimage"},"image":{"@id":"https:\/\/perigordbeers.com\/fr\/gite-de-brasserie\/#primaryimage"},"thumbnailUrl":"https:\/\/perigordbeers.com\/wp-content\/uploads\/2018\/02\/brewery-gite-dordogne.jpg","datePublished":"2018-06-06T08:57:48+00:00","dateModified":"2018-07-03T11:50:50+00:00","description":"The G\u00eete de la Brasserie est un est un beau petit g\u00eete avec une chambre qui se trouve sur le terrain de notre moulin et brasserie. C\u2019est l\u2019endroit id\u00e9al pour tous ceux qui cherchent \u00e0 s\u2019\u00e9vader tout en profitant des conforts d\u2019une location de vacances moderne.","breadcrumb":{"@id":"https:\/\/perigordbeers.com\/fr\/gite-de-brasserie\/#breadcrumb"},"inLanguage":"fr-FR","potentialAction":[{"@type":"ReadAction","target":["https:\/\/perigordbeers.com\/fr\/gite-de-brasserie\/"]}]},{"@type":"ImageObject","inLanguage":"fr-FR","@id":"https:\/\/perigordbeers.com\/fr\/gite-de-brasserie\/#primaryimage","url":"https:\/\/perigordbeers.com\/wp-content\/uploads\/2018\/02\/brewery-gite-dordogne.jpg","contentUrl":"https:\/\/perigordbeers.com\/wp-content\/uploads\/2018\/02\/brewery-gite-dordogne.jpg","width":1500,"height":600},{"@type":"BreadcrumbList","@id":"https:\/\/perigordbeers.com\/fr\/gite-de-brasserie\/#breadcrumb","itemListElement":[{"@type":"ListItem","position":1,"name":"Home","item":"https:\/\/perigordbeers.com\/fr\/"},{"@type":"ListItem","position":2,"name":"G\u00eete de la Brasserie"}]},{"@type":"WebSite","@id":"https:\/\/perigordbeers.com\/#website","url":"https:\/\/perigordbeers.com\/","name":"P\u00e9rigord Beers","description":"Des bi\u00e8res artisanales britanniques, brass\u00e9es en P\u00e9igord Vert","publisher":{"@id":"https:\/\/perigordbeers.com\/#organization"},"potentialAction":[{"@type":"SearchAction","target":{"@type":"EntryPoint","urlTemplate":"https:\/\/perigordbeers.com\/?s={search_term_string}"},"query-input":{"@type":"PropertyValueSpecification","valueRequired":true,"valueName":"search_term_string"}}],"inLanguage":"fr-FR"},{"@type":"Organization","@id":"https:\/\/perigordbeers.com\/#organization","name":"P\u00e9rigord Beers","url":"https:\/\/perigordbeers.com\/","logo":{"@type":"ImageObject","inLanguage":"fr-FR","@id":"https:\/\/perigordbeers.com\/#\/schema\/logo\/image\/","url":"https:\/\/perigordbeers.com\/wp-content\/uploads\/2018\/01\/perigord-beers-dordogne.png","contentUrl":"https:\/\/perigordbeers.com\/wp-content\/uploads\/2018\/01\/perigord-beers-dordogne.png","width":507,"height":252,"caption":"P\u00e9rigord Beers"},"image":{"@id":"https:\/\/perigordbeers.com\/#\/schema\/logo\/image\/"}}]}},"_links":{"self":[{"href":"https:\/\/perigordbeers.com\/fr\/wp-json\/wp\/v2\/pages\/629","targetHints":{"allow":["GET"]}}],"collection":[{"href":"https:\/\/perigordbeers.com\/fr\/wp-json\/wp\/v2\/pages"}],"about":[{"href":"https:\/\/perigordbeers.com\/fr\/wp-json\/wp\/v2\/types\/page"}],"author":[{"embeddable":true,"href":"https:\/\/perigordbeers.com\/fr\/wp-json\/wp\/v2\/users\/1"}],"replies":[{"embeddable":true,"href":"https:\/\/perigordbeers.com\/fr\/wp-json\/wp\/v2\/comments?post=629"}],"version-history":[{"count":7,"href":"https:\/\/perigordbeers.com\/fr\/wp-json\/wp\/v2\/pages\/629\/revisions"}],"predecessor-version":[{"id":943,"href":"https:\/\/perigordbeers.com\/fr\/wp-json\/wp\/v2\/pages\/629\/revisions\/943"}],"wp:featuredmedia":[{"embeddable":true,"href":"https:\/\/perigordbeers.com\/fr\/wp-json\/wp\/v2\/media\/546"}],"wp:attachment":[{"href":"https:\/\/perigordbeers.com\/fr\/wp-json\/wp\/v2\/media?parent=629"}],"curies":[{"name":"wp","href":"https:\/\/api.w.org\/{rel}","templated":true}]}}