{"id":633,"date":"2018-06-06T10:58:50","date_gmt":"2018-06-06T08:58:50","guid":{"rendered":"https:\/\/perigordbeers.com\/?page_id=633"},"modified":"2025-11-22T13:47:08","modified_gmt":"2025-11-22T12:47:08","slug":"nous-contacter","status":"publish","type":"page","link":"https:\/\/perigordbeers.com\/fr\/nous-contacter\/","title":{"rendered":"Contacter P\u00e9rigord Beers"},"content":{"rendered":"<p>Si vous souhaitez en savoir plus sur nos bi\u00e8res artisanales, prendre rendez-vous, ou nous en parler d&rsquo;un \u00e9v\u00e9nment ou f\u00eate que vous organisez, n&rsquo;h\u00e9sitez pas \u00e0 prendre contact avec nous. Veuillez remplir le petit formulaire ci-dessous.<\/p>\n\n<div class=\"wpcf7 no-js\" id=\"wpcf7-f780-o1\" lang=\"en-GB\" dir=\"ltr\" data-wpcf7-id=\"780\">\n<div class=\"screen-reader-response\"><p role=\"status\" aria-live=\"polite\" aria-atomic=\"true\"><\/p> <ul><\/ul><\/div>\n<form action=\"\/fr\/wp-json\/wp\/v2\/pages\/633#wpcf7-f780-o1\" method=\"post\" class=\"wpcf7-form init\" aria-label=\"Contact form\" novalidate=\"novalidate\" data-status=\"init\">\n<fieldset class=\"hidden-fields-container\"><input type=\"hidden\" name=\"_wpcf7\" value=\"780\" \/><input type=\"hidden\" name=\"_wpcf7_version\" value=\"6.1.5\" \/><input type=\"hidden\" name=\"_wpcf7_locale\" value=\"en_GB\" \/><input type=\"hidden\" name=\"_wpcf7_unit_tag\" value=\"wpcf7-f780-o1\" \/><input type=\"hidden\" name=\"_wpcf7_container_post\" value=\"0\" \/><input type=\"hidden\" name=\"_wpcf7_posted_data_hash\" value=\"\" \/><input type=\"hidden\" name=\"_wpcf7_recaptcha_response\" value=\"\" \/>\n<\/fieldset>\n<p><label> Votre nom (obligatoire)<br \/>\n<span class=\"wpcf7-form-control-wrap\" data-name=\"your-name\"><input size=\"40\" maxlength=\"400\" class=\"wpcf7-form-control wpcf7-text wpcf7-validates-as-required\" aria-required=\"true\" aria-invalid=\"false\" value=\"\" type=\"text\" name=\"your-name\" \/><\/span> <\/label>\n<\/p>\n<p><label> Votre adresse mail (obligatoire)<br \/>\n<span class=\"wpcf7-form-control-wrap\" data-name=\"your-email\"><input size=\"40\" maxlength=\"400\" class=\"wpcf7-form-control wpcf7-email wpcf7-validates-as-required wpcf7-text wpcf7-validates-as-email\" aria-required=\"true\" aria-invalid=\"false\" value=\"\" type=\"email\" name=\"your-email\" \/><\/span> <\/label>\n<\/p>\n<p><label> Votre Message<br \/>\n<span class=\"wpcf7-form-control-wrap\" data-name=\"your-message\"><textarea cols=\"40\" rows=\"10\" maxlength=\"2000\" class=\"wpcf7-form-control wpcf7-textarea\" aria-invalid=\"false\" name=\"your-message\"><\/textarea><\/span> <\/label>\n<\/p>\n<p><input class=\"wpcf7-form-control wpcf7-submit has-spinner\" type=\"submit\" value=\"Envoyer\" \/>\n<\/p><div class=\"wpcf7-response-output\" aria-hidden=\"true\"><\/div>\n<\/form>\n<\/div>\n\n<h2>Nous localiser<\/h2>\n<p>Voici notre adresse : 668 Route de la Brasserie, Moulin de Mazieras, 24470, Saint-Saud-Lacoussi\u00e8re. Veuillez nous pr\u00e9venir \u00e0 l&rsquo;avance si vous souhaitez venir nous rendre visite ou retirer une commande.<\/p>\n<p>Coodonn\u00e9ees GPS : N 45.54688, E 0.80762.<\/p>\n<div class=\"framewrap\"><iframe allowfullscreen=\"allowfullscreen\" src=\"https:\/\/www.google.com\/maps\/embed?pb=!1m18!1m12!1m3!1d11176.690522683746!2d0.7986112858853067!3d45.54685270858518!2m3!1f0!2f0!3f0!3m2!1i1024!2i768!4f13.1!3m3!1m2!1s0x0%3A0x0!2zNDXCsDMyJzQ4LjciTiAwwrA0OCcyNi4xIkU!5e0!3m2!1sen!2suk!4v1469188046492\"><\/iframe><\/div>\n","protected":false},"excerpt":{"rendered":"<p>Si vous souhaitez en savoir plus sur nos bi\u00e8res artisanales, prendre rendez-vous, ou nous en parler d&rsquo;un \u00e9v\u00e9nment ou f\u00eate que vous organisez, n&rsquo;h\u00e9sitez pas \u00e0 prendre contact avec nous. Veuillez remplir le petit formulaire ci-dessous. Nous localiser Voici notre adresse : 668 Route de la Brasserie, Moulin de Mazieras, [&hellip;]<\/p>\n","protected":false},"author":1,"featured_media":1368,"parent":0,"menu_order":0,"comment_status":"closed","ping_status":"closed","template":"","meta":{"footnotes":""},"class_list":["post-633","page","type-page","status-publish","has-post-thumbnail","hentry"],"yoast_head":"<!-- This site is optimized with the Yoast SEO plugin v27.3 - https:\/\/yoast.com\/product\/yoast-seo-wordpress\/ -->\n<title>Contacter P\u00e9rigord Beers pour conna\u00eetre nos bi\u00e8res artisanales<\/title>\n<meta name=\"description\" content=\"Si vous souhaitez en savoir plus sur nos bi\u00e8res artisanales, prendre rendez-vous, ou nous en parler d\u2019un \u00e9v\u00e9nment ou f\u00eate que vous organisez, n\u2019h\u00e9sitez pas \u00e0 prendre contact avec nous !\" \/>\n<meta name=\"robots\" content=\"index, follow, max-snippet:-1, max-image-preview:large, max-video-preview:-1\" \/>\n<link rel=\"canonical\" href=\"https:\/\/perigordbeers.com\/fr\/nous-contacter\/\" \/>\n<meta property=\"og:locale\" content=\"fr_FR\" \/>\n<meta property=\"og:type\" content=\"article\" \/>\n<meta property=\"og:title\" content=\"Contacter P\u00e9rigord Beers pour conna\u00eetre nos bi\u00e8res artisanales\" \/>\n<meta property=\"og:description\" content=\"Si vous souhaitez en savoir plus sur nos bi\u00e8res artisanales, prendre rendez-vous, ou nous en parler d\u2019un \u00e9v\u00e9nment ou f\u00eate que vous organisez, n\u2019h\u00e9sitez pas \u00e0 prendre contact avec nous !\" \/>\n<meta property=\"og:url\" content=\"https:\/\/perigordbeers.com\/fr\/nous-contacter\/\" \/>\n<meta property=\"og:site_name\" content=\"P\u00e9rigord Beers\" \/>\n<meta property=\"article:modified_time\" content=\"2025-11-22T12:47:08+00:00\" \/>\n<meta property=\"og:image\" content=\"https:\/\/perigordbeers.com\/wp-content\/uploads\/2020\/03\/G34A7292-scaled.jpg\" \/>\n\t<meta property=\"og:image:width\" content=\"2560\" \/>\n\t<meta property=\"og:image:height\" content=\"1706\" \/>\n\t<meta property=\"og:image:type\" content=\"image\/jpeg\" \/>\n<meta name=\"twitter:card\" content=\"summary_large_image\" \/>\n<meta name=\"twitter:label1\" content=\"Dur\u00e9e de lecture estim\u00e9e\" \/>\n\t<meta name=\"twitter:data1\" content=\"1 minute\" \/>\n<script type=\"application\/ld+json\" class=\"yoast-schema-graph\">{\"@context\":\"https:\\\/\\\/schema.org\",\"@graph\":[{\"@type\":\"WebPage\",\"@id\":\"https:\\\/\\\/perigordbeers.com\\\/fr\\\/nous-contacter\\\/\",\"url\":\"https:\\\/\\\/perigordbeers.com\\\/fr\\\/nous-contacter\\\/\",\"name\":\"Contacter P\u00e9rigord Beers pour conna\u00eetre nos bi\u00e8res artisanales\",\"isPartOf\":{\"@id\":\"https:\\\/\\\/perigordbeers.com\\\/#website\"},\"primaryImageOfPage\":{\"@id\":\"https:\\\/\\\/perigordbeers.com\\\/fr\\\/nous-contacter\\\/#primaryimage\"},\"image\":{\"@id\":\"https:\\\/\\\/perigordbeers.com\\\/fr\\\/nous-contacter\\\/#primaryimage\"},\"thumbnailUrl\":\"https:\\\/\\\/perigordbeers.com\\\/wp-content\\\/uploads\\\/2020\\\/03\\\/G34A7292-scaled.jpg\",\"datePublished\":\"2018-06-06T08:58:50+00:00\",\"dateModified\":\"2025-11-22T12:47:08+00:00\",\"description\":\"Si vous souhaitez en savoir plus sur nos bi\u00e8res artisanales, prendre rendez-vous, ou nous en parler d\u2019un \u00e9v\u00e9nment ou f\u00eate que vous organisez, n\u2019h\u00e9sitez pas \u00e0 prendre contact avec nous !\",\"breadcrumb\":{\"@id\":\"https:\\\/\\\/perigordbeers.com\\\/fr\\\/nous-contacter\\\/#breadcrumb\"},\"inLanguage\":\"fr-FR\",\"potentialAction\":[{\"@type\":\"ReadAction\",\"target\":[\"https:\\\/\\\/perigordbeers.com\\\/fr\\\/nous-contacter\\\/\"]}]},{\"@type\":\"ImageObject\",\"inLanguage\":\"fr-FR\",\"@id\":\"https:\\\/\\\/perigordbeers.com\\\/fr\\\/nous-contacter\\\/#primaryimage\",\"url\":\"https:\\\/\\\/perigordbeers.com\\\/wp-content\\\/uploads\\\/2020\\\/03\\\/G34A7292-scaled.jpg\",\"contentUrl\":\"https:\\\/\\\/perigordbeers.com\\\/wp-content\\\/uploads\\\/2020\\\/03\\\/G34A7292-scaled.jpg\",\"width\":2560,\"height\":1706},{\"@type\":\"BreadcrumbList\",\"@id\":\"https:\\\/\\\/perigordbeers.com\\\/fr\\\/nous-contacter\\\/#breadcrumb\",\"itemListElement\":[{\"@type\":\"ListItem\",\"position\":1,\"name\":\"Home\",\"item\":\"https:\\\/\\\/perigordbeers.com\\\/fr\\\/\"},{\"@type\":\"ListItem\",\"position\":2,\"name\":\"Contacter P\u00e9rigord Beers\"}]},{\"@type\":\"WebSite\",\"@id\":\"https:\\\/\\\/perigordbeers.com\\\/#website\",\"url\":\"https:\\\/\\\/perigordbeers.com\\\/\",\"name\":\"P\u00e9rigord Beers\",\"description\":\"Des bi\u00e8res artisanales britanniques, brass\u00e9es en P\u00e9igord Vert\",\"publisher\":{\"@id\":\"https:\\\/\\\/perigordbeers.com\\\/#organization\"},\"potentialAction\":[{\"@type\":\"SearchAction\",\"target\":{\"@type\":\"EntryPoint\",\"urlTemplate\":\"https:\\\/\\\/perigordbeers.com\\\/?s={search_term_string}\"},\"query-input\":{\"@type\":\"PropertyValueSpecification\",\"valueRequired\":true,\"valueName\":\"search_term_string\"}}],\"inLanguage\":\"fr-FR\"},{\"@type\":\"Organization\",\"@id\":\"https:\\\/\\\/perigordbeers.com\\\/#organization\",\"name\":\"P\u00e9rigord Beers\",\"url\":\"https:\\\/\\\/perigordbeers.com\\\/\",\"logo\":{\"@type\":\"ImageObject\",\"inLanguage\":\"fr-FR\",\"@id\":\"https:\\\/\\\/perigordbeers.com\\\/#\\\/schema\\\/logo\\\/image\\\/\",\"url\":\"https:\\\/\\\/perigordbeers.com\\\/wp-content\\\/uploads\\\/2018\\\/01\\\/perigord-beers-dordogne.png\",\"contentUrl\":\"https:\\\/\\\/perigordbeers.com\\\/wp-content\\\/uploads\\\/2018\\\/01\\\/perigord-beers-dordogne.png\",\"width\":507,\"height\":252,\"caption\":\"P\u00e9rigord Beers\"},\"image\":{\"@id\":\"https:\\\/\\\/perigordbeers.com\\\/#\\\/schema\\\/logo\\\/image\\\/\"}}]}<\/script>\n<!-- \/ Yoast SEO plugin. -->","yoast_head_json":{"title":"Contacter P\u00e9rigord Beers pour conna\u00eetre nos bi\u00e8res artisanales","description":"Si vous souhaitez en savoir plus sur nos bi\u00e8res artisanales, prendre rendez-vous, ou nous en parler d\u2019un \u00e9v\u00e9nment ou f\u00eate que vous organisez, n\u2019h\u00e9sitez pas \u00e0 prendre contact avec nous !","robots":{"index":"index","follow":"follow","max-snippet":"max-snippet:-1","max-image-preview":"max-image-preview:large","max-video-preview":"max-video-preview:-1"},"canonical":"https:\/\/perigordbeers.com\/fr\/nous-contacter\/","og_locale":"fr_FR","og_type":"article","og_title":"Contacter P\u00e9rigord Beers pour conna\u00eetre nos bi\u00e8res artisanales","og_description":"Si vous souhaitez en savoir plus sur nos bi\u00e8res artisanales, prendre rendez-vous, ou nous en parler d\u2019un \u00e9v\u00e9nment ou f\u00eate que vous organisez, n\u2019h\u00e9sitez pas \u00e0 prendre contact avec nous !","og_url":"https:\/\/perigordbeers.com\/fr\/nous-contacter\/","og_site_name":"P\u00e9rigord Beers","article_modified_time":"2025-11-22T12:47:08+00:00","og_image":[{"width":2560,"height":1706,"url":"https:\/\/perigordbeers.com\/wp-content\/uploads\/2020\/03\/G34A7292-scaled.jpg","type":"image\/jpeg"}],"twitter_card":"summary_large_image","twitter_misc":{"Dur\u00e9e de lecture estim\u00e9e":"1 minute"},"schema":{"@context":"https:\/\/schema.org","@graph":[{"@type":"WebPage","@id":"https:\/\/perigordbeers.com\/fr\/nous-contacter\/","url":"https:\/\/perigordbeers.com\/fr\/nous-contacter\/","name":"Contacter P\u00e9rigord Beers pour conna\u00eetre nos bi\u00e8res artisanales","isPartOf":{"@id":"https:\/\/perigordbeers.com\/#website"},"primaryImageOfPage":{"@id":"https:\/\/perigordbeers.com\/fr\/nous-contacter\/#primaryimage"},"image":{"@id":"https:\/\/perigordbeers.com\/fr\/nous-contacter\/#primaryimage"},"thumbnailUrl":"https:\/\/perigordbeers.com\/wp-content\/uploads\/2020\/03\/G34A7292-scaled.jpg","datePublished":"2018-06-06T08:58:50+00:00","dateModified":"2025-11-22T12:47:08+00:00","description":"Si vous souhaitez en savoir plus sur nos bi\u00e8res artisanales, prendre rendez-vous, ou nous en parler d\u2019un \u00e9v\u00e9nment ou f\u00eate que vous organisez, n\u2019h\u00e9sitez pas \u00e0 prendre contact avec nous !","breadcrumb":{"@id":"https:\/\/perigordbeers.com\/fr\/nous-contacter\/#breadcrumb"},"inLanguage":"fr-FR","potentialAction":[{"@type":"ReadAction","target":["https:\/\/perigordbeers.com\/fr\/nous-contacter\/"]}]},{"@type":"ImageObject","inLanguage":"fr-FR","@id":"https:\/\/perigordbeers.com\/fr\/nous-contacter\/#primaryimage","url":"https:\/\/perigordbeers.com\/wp-content\/uploads\/2020\/03\/G34A7292-scaled.jpg","contentUrl":"https:\/\/perigordbeers.com\/wp-content\/uploads\/2020\/03\/G34A7292-scaled.jpg","width":2560,"height":1706},{"@type":"BreadcrumbList","@id":"https:\/\/perigordbeers.com\/fr\/nous-contacter\/#breadcrumb","itemListElement":[{"@type":"ListItem","position":1,"name":"Home","item":"https:\/\/perigordbeers.com\/fr\/"},{"@type":"ListItem","position":2,"name":"Contacter P\u00e9rigord Beers"}]},{"@type":"WebSite","@id":"https:\/\/perigordbeers.com\/#website","url":"https:\/\/perigordbeers.com\/","name":"P\u00e9rigord Beers","description":"Des bi\u00e8res artisanales britanniques, brass\u00e9es en P\u00e9igord Vert","publisher":{"@id":"https:\/\/perigordbeers.com\/#organization"},"potentialAction":[{"@type":"SearchAction","target":{"@type":"EntryPoint","urlTemplate":"https:\/\/perigordbeers.com\/?s={search_term_string}"},"query-input":{"@type":"PropertyValueSpecification","valueRequired":true,"valueName":"search_term_string"}}],"inLanguage":"fr-FR"},{"@type":"Organization","@id":"https:\/\/perigordbeers.com\/#organization","name":"P\u00e9rigord Beers","url":"https:\/\/perigordbeers.com\/","logo":{"@type":"ImageObject","inLanguage":"fr-FR","@id":"https:\/\/perigordbeers.com\/#\/schema\/logo\/image\/","url":"https:\/\/perigordbeers.com\/wp-content\/uploads\/2018\/01\/perigord-beers-dordogne.png","contentUrl":"https:\/\/perigordbeers.com\/wp-content\/uploads\/2018\/01\/perigord-beers-dordogne.png","width":507,"height":252,"caption":"P\u00e9rigord Beers"},"image":{"@id":"https:\/\/perigordbeers.com\/#\/schema\/logo\/image\/"}}]}},"_links":{"self":[{"href":"https:\/\/perigordbeers.com\/fr\/wp-json\/wp\/v2\/pages\/633","targetHints":{"allow":["GET"]}}],"collection":[{"href":"https:\/\/perigordbeers.com\/fr\/wp-json\/wp\/v2\/pages"}],"about":[{"href":"https:\/\/perigordbeers.com\/fr\/wp-json\/wp\/v2\/types\/page"}],"author":[{"embeddable":true,"href":"https:\/\/perigordbeers.com\/fr\/wp-json\/wp\/v2\/users\/1"}],"replies":[{"embeddable":true,"href":"https:\/\/perigordbeers.com\/fr\/wp-json\/wp\/v2\/comments?post=633"}],"version-history":[{"count":8,"href":"https:\/\/perigordbeers.com\/fr\/wp-json\/wp\/v2\/pages\/633\/revisions"}],"predecessor-version":[{"id":2244,"href":"https:\/\/perigordbeers.com\/fr\/wp-json\/wp\/v2\/pages\/633\/revisions\/2244"}],"wp:featuredmedia":[{"embeddable":true,"href":"https:\/\/perigordbeers.com\/fr\/wp-json\/wp\/v2\/media\/1368"}],"wp:attachment":[{"href":"https:\/\/perigordbeers.com\/fr\/wp-json\/wp\/v2\/media?parent=633"}],"curies":[{"name":"wp","href":"https:\/\/api.w.org\/{rel}","templated":true}]}}