{"id":636,"date":"2018-06-06T11:00:17","date_gmt":"2018-06-06T09:00:17","guid":{"rendered":"https:\/\/perigordbeers.com\/?page_id=636"},"modified":"2025-12-19T15:24:28","modified_gmt":"2025-12-19T14:24:28","slug":"accueil","status":"publish","type":"page","link":"https:\/\/perigordbeers.com\/fr\/","title":{"rendered":"Accueil"},"content":{"rendered":"<div><img loading=\"lazy\" decoding=\"async\" src=\"https:\/\/perigordbeers.com\/wp-content\/uploads\/2021\/04\/IPABlonde-scaled.jpg\" alt=\"\" width=\"400\" height=\"600\" class=\"wp-image-1969 alignright\" srcset=\"https:\/\/perigordbeers.com\/wp-content\/uploads\/2021\/04\/IPABlonde-scaled.jpg 1706w, https:\/\/perigordbeers.com\/wp-content\/uploads\/2021\/04\/IPABlonde-200x300.jpg 200w, https:\/\/perigordbeers.com\/wp-content\/uploads\/2021\/04\/IPABlonde-682x1024.jpg 682w, https:\/\/perigordbeers.com\/wp-content\/uploads\/2021\/04\/IPABlonde-768x1152.jpg 768w, https:\/\/perigordbeers.com\/wp-content\/uploads\/2021\/04\/IPABlonde-1024x1536.jpg 1024w, https:\/\/perigordbeers.com\/wp-content\/uploads\/2021\/04\/IPABlonde-1365x2048.jpg 1365w, https:\/\/perigordbeers.com\/wp-content\/uploads\/2021\/04\/IPABlonde-600x900.jpg 600w\" sizes=\"auto, (max-width: 400px) 100vw, 400px\" \/><\/div>\n<h2>P\u00e9rigord Beers : Notre Histoire<\/h2>\n<p>Nous sommes ravis de vous accueillir sur le site de <strong>P\u00e9rigord Beers<\/strong>. Nous sommes la famille Povey, propri\u00e9taires d\u2019une microbrasserie florissante, dont nous sommes tr\u00e8s fiers.<\/p>\n<p>Situ\u00e9 en plein c\u0153ur du <strong>parc naturel r\u00e9gional P\u00e9rigord-Limousin<\/strong> au nord de la Dordogne, vous nous trouverez cach\u00e9 dans des bois sur les rives d&rsquo;un \u00e9tang paisible. <a href=\"https:\/\/perigordbeers.com\/fr\/notre-brasserie\/\">Notre brasserie<\/a> est situ\u00e9e dans un ancien moulin. Plus pr\u00e9cis\u00e9ment, c\u2019est dans une vieille grange en pierre \u00e0 c\u00f4t\u00e9 que la fabrication de bi\u00e8re se fait.<\/p>\n<p>La grange abonde de <a href=\"https:\/\/perigordbeers.com\/nos-bieres\/\">bouteilles de bi\u00e8re<\/a>, avec un coin d\u00e9gustation confortable, et, tout au c\u0153ur, elle contient la brasserie o\u00f9 nous cr\u00e9ons nos bi\u00e8res. Notre brasserie est le r\u00e9sultat de notre amour profond et passionn\u00e9 de la saveur des bi\u00e8res artisanales. C&rsquo;est gr\u00e2ce \u00e0 cette passion et au soutien de nos clients, nos amis et notre famille que notre r\u00eave se poursuit !<\/p>\n<hr \/>\n<p>Nous n\u2019utilisons que des <strong>mati\u00e8res premi\u00e8res de meilleure qualit\u00e9<\/strong>, nous cr\u00e9ons <strong>notre propre CO<sup>2<\/sup><\/strong> naturel pour la fermentation secondaire, en bouteille comme en f\u00fbt, nous respectons \u00e0 chaque \u00e9tape la nature et l&rsquo;environnement, et nous utilisons m\u00eame parfois des plantes <strong>cueillies dans notre jardin<\/strong> pour cr\u00e9er des saveurs vraiment uniques.<\/p>\n<p>Nous sommes s\u00fbrs que vous voyez maintenant un peu le tableau : en effet, nous brassons la bi\u00e8re selon des m\u00e9thodes vraiment traditionnelles. Le r\u00e9sultat est une gamme de bi\u00e8res regorgeantes de saveurs pures et naturelles. Notre passion et le d\u00e9vouement que nous portons \u00e0 la fabrication de nos bi\u00e8res font une belle recette.<\/p>\n<p>P\u00e9rigord Beers a d\u00e9but\u00e9e en 2016, avec au d\u00e9part un petit groupe de clients fid\u00e8les et sympas. Depuis lors, nous continuons \u00e0 nous d\u00e9velopper et \u00e0 co\u00eetre.<\/p>\n<p><cite>\u00c0 la v\u00f4tre ! <span><br \/>\n<span> Mike &amp; Val Povey<\/span><\/span><\/cite><\/p>\n<hr \/>\n<p><img loading=\"lazy\" decoding=\"async\" src=\"https:\/\/perigordbeers.com\/wp-content\/uploads\/2021\/05\/G34A7564-scaled.jpg\" alt=\"\" class=\"border sml alignleft wp-image-2022\" width=\"533\" height=\"800\" srcset=\"https:\/\/perigordbeers.com\/wp-content\/uploads\/2021\/05\/G34A7564-scaled.jpg 1707w, https:\/\/perigordbeers.com\/wp-content\/uploads\/2021\/05\/G34A7564-200x300.jpg 200w, https:\/\/perigordbeers.com\/wp-content\/uploads\/2021\/05\/G34A7564-683x1024.jpg 683w, https:\/\/perigordbeers.com\/wp-content\/uploads\/2021\/05\/G34A7564-768x1152.jpg 768w, https:\/\/perigordbeers.com\/wp-content\/uploads\/2021\/05\/G34A7564-1024x1536.jpg 1024w, https:\/\/perigordbeers.com\/wp-content\/uploads\/2021\/05\/G34A7564-1365x2048.jpg 1365w, https:\/\/perigordbeers.com\/wp-content\/uploads\/2021\/05\/G34A7564-600x900.jpg 600w\" sizes=\"auto, (max-width: 533px) 100vw, 533px\" \/><strong>NOUVEAU : LOCATION DE F\u00dbTS DE BI\u00c8RE pour les bars et les \u00e9v\u00e9nements<\/strong><\/p>\n<p>Si vous \u00eates propri\u00e9taire d&rsquo;un bar ou d&rsquo;une cave et vous aimeriez proposer \u00e0 vos clients le go\u00fbt authentique de la bi\u00e8re artisanale, veuillez <a href=\"https:\/\/perigordbeers.com\/fr\/nous-contacter\/\">nous contacter<\/a>.<\/p>\n<p><a class=\"button\" href=\"\/demos\/pb\/fr\/location-futs\/\">En savoir plus<\/a><\/p>\n","protected":false},"excerpt":{"rendered":"<p>P\u00e9rigord Beers : Notre Histoire Nous sommes ravis de vous accueillir sur le site de P\u00e9rigord Beers. Nous sommes la famille Povey, propri\u00e9taires d\u2019une microbrasserie florissante, dont nous sommes tr\u00e8s fiers. Situ\u00e9 en plein c\u0153ur du parc naturel r\u00e9gional P\u00e9rigord-Limousin au nord de la Dordogne, vous nous trouverez cach\u00e9 dans [&hellip;]<\/p>\n","protected":false},"author":1,"featured_media":1979,"parent":0,"menu_order":0,"comment_status":"closed","ping_status":"closed","template":"","meta":{"footnotes":""},"class_list":["post-636","page","type-page","status-publish","has-post-thumbnail","hentry"],"yoast_head":"<!-- This site is optimized with the Yoast SEO plugin v27.3 - https:\/\/yoast.com\/product\/yoast-seo-wordpress\/ -->\n<title>P\u00e9rigord Beers : des bi\u00e8res artisanales en P\u00e9rigord Vert<\/title>\n<meta name=\"description\" content=\"Nous sommes ravis de vous accueillir sur le site de P\u00e9rigord Beers. Nous sommes la famille Povey, propri\u00e9taires d\u2019une microbrasserie florissante, dont nous sommes tr\u00e8s fiers.\" \/>\n<meta name=\"robots\" content=\"index, follow, max-snippet:-1, max-image-preview:large, max-video-preview:-1\" \/>\n<link rel=\"canonical\" href=\"https:\/\/perigordbeers.com\/fr\/\" \/>\n<meta property=\"og:locale\" content=\"fr_FR\" \/>\n<meta property=\"og:type\" content=\"article\" \/>\n<meta property=\"og:title\" content=\"P\u00e9rigord Beers: Bi\u00e8res artisanales, brass\u00e9es dans le P\u00e9rigord Vert\" \/>\n<meta property=\"og:description\" content=\"Nous sommes ravis de vous accueillir sur le site de P\u00e9rigord Beers. Nous sommes la famille Povey, propri\u00e9taires d\u2019une microbrasserie florissante, dont nous sommes tr\u00e8s fiers.\" \/>\n<meta property=\"og:url\" content=\"https:\/\/perigordbeers.com\/fr\/\" \/>\n<meta property=\"og:site_name\" content=\"P\u00e9rigord Beers\" \/>\n<meta property=\"article:modified_time\" content=\"2025-12-19T14:24:28+00:00\" \/>\n<meta property=\"og:image\" content=\"https:\/\/perigordbeers.com\/wp-content\/uploads\/2021\/04\/G34A8992-scaled-e1619781254478.jpg\" \/>\n\t<meta property=\"og:image:width\" content=\"2560\" \/>\n\t<meta property=\"og:image:height\" content=\"979\" \/>\n\t<meta property=\"og:image:type\" content=\"image\/jpeg\" \/>\n<meta name=\"twitter:card\" content=\"summary_large_image\" \/>\n<meta name=\"twitter:label1\" content=\"Dur\u00e9e de lecture estim\u00e9e\" \/>\n\t<meta name=\"twitter:data1\" content=\"3 minutes\" \/>\n<script type=\"application\/ld+json\" class=\"yoast-schema-graph\">{\"@context\":\"https:\\\/\\\/schema.org\",\"@graph\":[{\"@type\":\"WebPage\",\"@id\":\"https:\\\/\\\/perigordbeers.com\\\/fr\\\/\",\"url\":\"https:\\\/\\\/perigordbeers.com\\\/fr\\\/\",\"name\":\"P\u00e9rigord Beers : des bi\u00e8res artisanales en P\u00e9rigord Vert\",\"isPartOf\":{\"@id\":\"https:\\\/\\\/perigordbeers.com\\\/#website\"},\"primaryImageOfPage\":{\"@id\":\"https:\\\/\\\/perigordbeers.com\\\/fr\\\/#primaryimage\"},\"image\":{\"@id\":\"https:\\\/\\\/perigordbeers.com\\\/fr\\\/#primaryimage\"},\"thumbnailUrl\":\"https:\\\/\\\/perigordbeers.com\\\/wp-content\\\/uploads\\\/2021\\\/04\\\/G34A8992-scaled-e1619781254478.jpg\",\"datePublished\":\"2018-06-06T09:00:17+00:00\",\"dateModified\":\"2025-12-19T14:24:28+00:00\",\"description\":\"Nous sommes ravis de vous accueillir sur le site de P\u00e9rigord Beers. Nous sommes la famille Povey, propri\u00e9taires d\u2019une microbrasserie florissante, dont nous sommes tr\u00e8s fiers.\",\"breadcrumb\":{\"@id\":\"https:\\\/\\\/perigordbeers.com\\\/fr\\\/#breadcrumb\"},\"inLanguage\":\"fr-FR\",\"potentialAction\":[{\"@type\":\"ReadAction\",\"target\":[\"https:\\\/\\\/perigordbeers.com\\\/fr\\\/\"]}]},{\"@type\":\"ImageObject\",\"inLanguage\":\"fr-FR\",\"@id\":\"https:\\\/\\\/perigordbeers.com\\\/fr\\\/#primaryimage\",\"url\":\"https:\\\/\\\/perigordbeers.com\\\/wp-content\\\/uploads\\\/2021\\\/04\\\/G34A8992-scaled-e1619781254478.jpg\",\"contentUrl\":\"https:\\\/\\\/perigordbeers.com\\\/wp-content\\\/uploads\\\/2021\\\/04\\\/G34A8992-scaled-e1619781254478.jpg\",\"width\":2560,\"height\":979},{\"@type\":\"BreadcrumbList\",\"@id\":\"https:\\\/\\\/perigordbeers.com\\\/fr\\\/#breadcrumb\",\"itemListElement\":[{\"@type\":\"ListItem\",\"position\":1,\"name\":\"Home\",\"item\":\"https:\\\/\\\/perigordbeers.com\\\/fr\\\/\"},{\"@type\":\"ListItem\",\"position\":2,\"name\":\"Accueil\"}]},{\"@type\":\"WebSite\",\"@id\":\"https:\\\/\\\/perigordbeers.com\\\/#website\",\"url\":\"https:\\\/\\\/perigordbeers.com\\\/\",\"name\":\"P\u00e9rigord Beers\",\"description\":\"Des bi\u00e8res artisanales britanniques, brass\u00e9es en P\u00e9igord Vert\",\"publisher\":{\"@id\":\"https:\\\/\\\/perigordbeers.com\\\/#organization\"},\"potentialAction\":[{\"@type\":\"SearchAction\",\"target\":{\"@type\":\"EntryPoint\",\"urlTemplate\":\"https:\\\/\\\/perigordbeers.com\\\/?s={search_term_string}\"},\"query-input\":{\"@type\":\"PropertyValueSpecification\",\"valueRequired\":true,\"valueName\":\"search_term_string\"}}],\"inLanguage\":\"fr-FR\"},{\"@type\":\"Organization\",\"@id\":\"https:\\\/\\\/perigordbeers.com\\\/#organization\",\"name\":\"P\u00e9rigord Beers\",\"url\":\"https:\\\/\\\/perigordbeers.com\\\/\",\"logo\":{\"@type\":\"ImageObject\",\"inLanguage\":\"fr-FR\",\"@id\":\"https:\\\/\\\/perigordbeers.com\\\/#\\\/schema\\\/logo\\\/image\\\/\",\"url\":\"https:\\\/\\\/perigordbeers.com\\\/wp-content\\\/uploads\\\/2018\\\/01\\\/perigord-beers-dordogne.png\",\"contentUrl\":\"https:\\\/\\\/perigordbeers.com\\\/wp-content\\\/uploads\\\/2018\\\/01\\\/perigord-beers-dordogne.png\",\"width\":507,\"height\":252,\"caption\":\"P\u00e9rigord Beers\"},\"image\":{\"@id\":\"https:\\\/\\\/perigordbeers.com\\\/#\\\/schema\\\/logo\\\/image\\\/\"}}]}<\/script>\n<!-- \/ Yoast SEO plugin. -->","yoast_head_json":{"title":"P\u00e9rigord Beers : des bi\u00e8res artisanales en P\u00e9rigord Vert","description":"Nous sommes ravis de vous accueillir sur le site de P\u00e9rigord Beers. Nous sommes la famille Povey, propri\u00e9taires d\u2019une microbrasserie florissante, dont nous sommes tr\u00e8s fiers.","robots":{"index":"index","follow":"follow","max-snippet":"max-snippet:-1","max-image-preview":"max-image-preview:large","max-video-preview":"max-video-preview:-1"},"canonical":"https:\/\/perigordbeers.com\/fr\/","og_locale":"fr_FR","og_type":"article","og_title":"P\u00e9rigord Beers: Bi\u00e8res artisanales, brass\u00e9es dans le P\u00e9rigord Vert","og_description":"Nous sommes ravis de vous accueillir sur le site de P\u00e9rigord Beers. Nous sommes la famille Povey, propri\u00e9taires d\u2019une microbrasserie florissante, dont nous sommes tr\u00e8s fiers.","og_url":"https:\/\/perigordbeers.com\/fr\/","og_site_name":"P\u00e9rigord Beers","article_modified_time":"2025-12-19T14:24:28+00:00","og_image":[{"width":2560,"height":979,"url":"https:\/\/perigordbeers.com\/wp-content\/uploads\/2021\/04\/G34A8992-scaled-e1619781254478.jpg","type":"image\/jpeg"}],"twitter_card":"summary_large_image","twitter_misc":{"Dur\u00e9e de lecture estim\u00e9e":"3 minutes"},"schema":{"@context":"https:\/\/schema.org","@graph":[{"@type":"WebPage","@id":"https:\/\/perigordbeers.com\/fr\/","url":"https:\/\/perigordbeers.com\/fr\/","name":"P\u00e9rigord Beers : des bi\u00e8res artisanales en P\u00e9rigord Vert","isPartOf":{"@id":"https:\/\/perigordbeers.com\/#website"},"primaryImageOfPage":{"@id":"https:\/\/perigordbeers.com\/fr\/#primaryimage"},"image":{"@id":"https:\/\/perigordbeers.com\/fr\/#primaryimage"},"thumbnailUrl":"https:\/\/perigordbeers.com\/wp-content\/uploads\/2021\/04\/G34A8992-scaled-e1619781254478.jpg","datePublished":"2018-06-06T09:00:17+00:00","dateModified":"2025-12-19T14:24:28+00:00","description":"Nous sommes ravis de vous accueillir sur le site de P\u00e9rigord Beers. Nous sommes la famille Povey, propri\u00e9taires d\u2019une microbrasserie florissante, dont nous sommes tr\u00e8s fiers.","breadcrumb":{"@id":"https:\/\/perigordbeers.com\/fr\/#breadcrumb"},"inLanguage":"fr-FR","potentialAction":[{"@type":"ReadAction","target":["https:\/\/perigordbeers.com\/fr\/"]}]},{"@type":"ImageObject","inLanguage":"fr-FR","@id":"https:\/\/perigordbeers.com\/fr\/#primaryimage","url":"https:\/\/perigordbeers.com\/wp-content\/uploads\/2021\/04\/G34A8992-scaled-e1619781254478.jpg","contentUrl":"https:\/\/perigordbeers.com\/wp-content\/uploads\/2021\/04\/G34A8992-scaled-e1619781254478.jpg","width":2560,"height":979},{"@type":"BreadcrumbList","@id":"https:\/\/perigordbeers.com\/fr\/#breadcrumb","itemListElement":[{"@type":"ListItem","position":1,"name":"Home","item":"https:\/\/perigordbeers.com\/fr\/"},{"@type":"ListItem","position":2,"name":"Accueil"}]},{"@type":"WebSite","@id":"https:\/\/perigordbeers.com\/#website","url":"https:\/\/perigordbeers.com\/","name":"P\u00e9rigord Beers","description":"Des bi\u00e8res artisanales britanniques, brass\u00e9es en P\u00e9igord Vert","publisher":{"@id":"https:\/\/perigordbeers.com\/#organization"},"potentialAction":[{"@type":"SearchAction","target":{"@type":"EntryPoint","urlTemplate":"https:\/\/perigordbeers.com\/?s={search_term_string}"},"query-input":{"@type":"PropertyValueSpecification","valueRequired":true,"valueName":"search_term_string"}}],"inLanguage":"fr-FR"},{"@type":"Organization","@id":"https:\/\/perigordbeers.com\/#organization","name":"P\u00e9rigord Beers","url":"https:\/\/perigordbeers.com\/","logo":{"@type":"ImageObject","inLanguage":"fr-FR","@id":"https:\/\/perigordbeers.com\/#\/schema\/logo\/image\/","url":"https:\/\/perigordbeers.com\/wp-content\/uploads\/2018\/01\/perigord-beers-dordogne.png","contentUrl":"https:\/\/perigordbeers.com\/wp-content\/uploads\/2018\/01\/perigord-beers-dordogne.png","width":507,"height":252,"caption":"P\u00e9rigord Beers"},"image":{"@id":"https:\/\/perigordbeers.com\/#\/schema\/logo\/image\/"}}]}},"_links":{"self":[{"href":"https:\/\/perigordbeers.com\/fr\/wp-json\/wp\/v2\/pages\/636","targetHints":{"allow":["GET"]}}],"collection":[{"href":"https:\/\/perigordbeers.com\/fr\/wp-json\/wp\/v2\/pages"}],"about":[{"href":"https:\/\/perigordbeers.com\/fr\/wp-json\/wp\/v2\/types\/page"}],"author":[{"embeddable":true,"href":"https:\/\/perigordbeers.com\/fr\/wp-json\/wp\/v2\/users\/1"}],"replies":[{"embeddable":true,"href":"https:\/\/perigordbeers.com\/fr\/wp-json\/wp\/v2\/comments?post=636"}],"version-history":[{"count":30,"href":"https:\/\/perigordbeers.com\/fr\/wp-json\/wp\/v2\/pages\/636\/revisions"}],"predecessor-version":[{"id":2227,"href":"https:\/\/perigordbeers.com\/fr\/wp-json\/wp\/v2\/pages\/636\/revisions\/2227"}],"wp:featuredmedia":[{"embeddable":true,"href":"https:\/\/perigordbeers.com\/fr\/wp-json\/wp\/v2\/media\/1979"}],"wp:attachment":[{"href":"https:\/\/perigordbeers.com\/fr\/wp-json\/wp\/v2\/media?parent=636"}],"curies":[{"name":"wp","href":"https:\/\/api.w.org\/{rel}","templated":true}]}}