{"id":692,"date":"2018-06-06T16:21:34","date_gmt":"2018-06-06T14:21:34","guid":{"rendered":"https:\/\/perigordbeers.com\/?page_id=692"},"modified":"2018-06-19T17:18:07","modified_gmt":"2018-06-19T15:18:07","slug":"politique-de-confidentialite","status":"publish","type":"page","link":"https:\/\/perigordbeers.com\/fr\/politique-de-confidentialite\/","title":{"rendered":"Politique de Confidentialit\u00e9"},"content":{"rendered":"<h3>Introduction<\/h3>\n<p>La Brasserie Artisanale de St Saud doit recueillir et utiliser certains informations concernant les individus.<\/p>\n<p>Ces individus comprennent nos clients, nos fournisseurs, nos contacts professionnels, nos employ\u00e9s et toute autre personne avec qui avons un rapport, ou qui nous aurions peut-\u00eatre besoin de contacter.<\/p>\n<p>Cette page sert \u00e0 d\u00e9crire comment nous recueillons, manipulons et d\u00e9tenons les donn\u00e9es conform\u00e9ment \u00e0 nos normes sur la protection des donn\u00e9es et pour respecter les dispositions du R\u00e8glement G\u00e9n\u00e9ral sur la Protection des Donn\u00e9es (RGPD). <\/p>\n<p>Le R\u00e8glement G\u00e9n\u00e9ral sur la Protection des Donn\u00e9es (RGPD) est un nouveau r\u00e8glement de l\u2019Union europ\u00e9enne qui est entr\u00e9 en vigueur le 25 mai 2018. Cette nouvelle loi renforce et unifie la protection des donn\u00e9es pour les individus au sein de l\u2019Union europ\u00e9enne.<\/p>\n<p>Son objectif est d\u2019accro\u00eetre la protection des personnes concern\u00e9es par un traitement de leurs donn\u00e9es \u00e0 caract\u00e8re personnel. La loi stipule que toute personne a le droit de consulter toutes les donn\u00e9es recueillies qui les concernent, de les corriger, de les supprimer, ou de les transf\u00e9rer. Les d\u00e9tenteurs de donn\u00e9es seront aussi oblig\u00e9es d\u2019obtenir un consentement explicite avant qu\u2019elles aient le droit de recueillir de telles donn\u00e9es, et d\u2019en garder ensuite un registre de ce consentement.<\/p>\n<h3>Le RGPD et La Brasserie Artisanale de St Saud (P\u00e9rigord Beers)<\/h3>\n<p>La Brasserie Artisanale de St Saud s\u2019engage \u00e0 respecter les dispositions du RGPD. Nous vous invitons \u00e0 nous contacter si vous avez la moindre question \u00e0 propos des donn\u00e9es que nous d\u00e9tenons.<\/p>\n<h3>Les Donn\u00e9es que nous d\u00e9tenons<\/h3>\n<p>Nous recueillions un minimum de donn\u00e9es personnelles sur nos clients, qui sont n\u00e9cessaires pour nous permettre de satisfaire \u00e0 nos obligations contractuelles. En conformit\u00e9 avec les dispositions du RGPD, nous avons le droit de d\u00e9tenir, sans obtenir un consentement explicite, toute donn\u00e9e n\u00e9cessaire pour pouvoir op\u00e9rer et de poursuivre nos int\u00e9r\u00eats commerciaux l\u00e9gitimes.<\/p>\n<p>Nous ne d\u00e9tenons aucune donn\u00e9e personnelle sensible et ne partagerons jamais vos donn\u00e9es avec des tiers. Nous n\u2019enverrons des mails promotionnels et bulletins qu\u2019aux personnes nous ayant donn\u00e9 leur consentement explicite.<\/p>\n<p>Pour chaque client, nous d\u00e9tenons les donn\u00e9es suivantes : <\/p>\n<ul>\n<li>Nom\n<li>Adresse mail\n<li>Adresse postale\n<li>Num\u00e9ro de t\u00e9l\u00e9phone\n<li>Nom et coordonnes de l\u2019entreprise (le cas \u00e9ch\u00e9ant)\n<li>Des copies des factures, dont La Brasserie Artisanale de St Saud est oblig\u00e9e de retenir conform\u00e9ment \u00e0 nos obligations l\u00e9gales\n<li>Des copies de tout mail nous envoy\u00e9\n<\/ul>\n<h3>Comment Recueillons-nous vos donn\u00e9es ?<\/h3>\n<p>Nous recueillons vos donn\u00e9s lorsque vous  :<\/p>\n<ul>\n<li>Ouvrez un compte ou effectuez une commande, lorsque vous remplissez notre formulaire de contact, et lorsque vous vous abonnez \u00e0 notre bulletin.\n<li>Nous contactez par mail\/courriel\/t\u00e9l\u00e9phone\/messagerie instantan\u00e9e ou en personne\t, et vous nous sollicitez le contact\n<\/ul>\n<li>De m\u00eame, nous recueillons toute donn\u00e9e n\u00e9cessaire pour le bon fonctionnement de notre entreprise.<br \/>\n<h3>L\u2019Utilisation des Cookies et Autres Technologies<\/h3>\n<p>Nous utilisons des cookies sur ce site internet. Veuillez consulter la section 3  <a href=\"https:\/\/perigordbeers.com\/conditions-generales-de-vente\/#cookies\">politique de cookies<\/a> de nos  Conditions G\u00e9n\u00e9rales.<\/p>\n<h3>Consulter, modifier ou supprimer ses donn\u00e9es<\/h3>\n<p>Conform\u00e9ment au RGPD, vous disposez du droit de consulter, modifier, ou demander la suppression de toute donn\u00e9e personnel sur vous que nous poss\u00e9dons. Veuillez nous contacter et nous r\u00e9pondrons sous 14 jours avec une copie de vos donn\u00e9es. Nous r\u00e9pondrons \u00e0 toute demande de suppression de donn\u00e9es, \u00e0 condition que cela ne nous emp\u00eache pas d\u2019op\u00e9rer ou de poursuivre nos int\u00e9r\u00eats commerciaux l\u00e9gitimes. Nous refuserons \u00e9galement toute demande de suppression de donn\u00e9es que la loi nous exige de d\u00e9tenir, et dans toute cas ou l\u2019acte de r\u00e9pondre \u00e0 la demande pourrait  exposer les donn\u00e9es personnelles d\u2019un tiers.<\/p>\n<p>En plus des donn\u00e9es de nos clients, nous stockons aussi les mails et les adresses mail de toute personne qui nous contact via notre adresse mail. Si vous croyez que nous avons enregistr\u00e9 vos coordonn\u00e9es et souhaitez que nous les supprimons, contactez-nous et nous serons heureux de vous assister.<\/p>\n","protected":false},"excerpt":{"rendered":"<p>Introduction La Brasserie Artisanale de St Saud doit recueillir et utiliser certains informations concernant les individus. Ces individus comprennent nos clients, nos fournisseurs, nos contacts professionnels, nos employ\u00e9s et toute autre personne avec qui avons un rapport, ou qui nous aurions peut-\u00eatre besoin de contacter. Cette page sert \u00e0 d\u00e9crire [&hellip;]<\/p>\n","protected":false},"author":1,"featured_media":0,"parent":0,"menu_order":0,"comment_status":"closed","ping_status":"closed","template":"","meta":{"footnotes":""},"class_list":["post-692","page","type-page","status-publish","hentry"],"yoast_head":"<!-- This site is optimized with the Yoast SEO plugin v27.3 - https:\/\/yoast.com\/product\/yoast-seo-wordpress\/ -->\n<title>La Politique de Confidentialit\u00e9 de P\u00e9rigord Beers<\/title>\n<meta name=\"description\" content=\"La Brasserie Artisanale de St Saud doit recueillir et utiliser certains informations concernant les individus. Ces individus comprennent nos clients, nos fournisseurs, nos contacts professionnels, nos employ\u00e9s et toute autre personne avec qui avons un rapport, ou qui nous aurions peut-\u00eatre besoin de contacter.\" \/>\n<meta name=\"robots\" content=\"index, follow, max-snippet:-1, max-image-preview:large, max-video-preview:-1\" \/>\n<link rel=\"canonical\" href=\"https:\/\/perigordbeers.com\/fr\/politique-de-confidentialite\/\" \/>\n<meta property=\"og:locale\" content=\"fr_FR\" \/>\n<meta property=\"og:type\" content=\"article\" \/>\n<meta property=\"og:title\" content=\"La Politique de Confidentialit\u00e9 de P\u00e9rigord Beers\" \/>\n<meta property=\"og:description\" content=\"La Brasserie Artisanale de St Saud doit recueillir et utiliser certains informations concernant les individus. Ces individus comprennent nos clients, nos fournisseurs, nos contacts professionnels, nos employ\u00e9s et toute autre personne avec qui avons un rapport, ou qui nous aurions peut-\u00eatre besoin de contacter.\" \/>\n<meta property=\"og:url\" content=\"https:\/\/perigordbeers.com\/fr\/politique-de-confidentialite\/\" \/>\n<meta property=\"og:site_name\" content=\"P\u00e9rigord Beers\" \/>\n<meta property=\"article:modified_time\" content=\"2018-06-19T15:18:07+00:00\" \/>\n<meta name=\"twitter:card\" content=\"summary_large_image\" \/>\n<meta name=\"twitter:label1\" content=\"Dur\u00e9e de lecture estim\u00e9e\" \/>\n\t<meta name=\"twitter:data1\" content=\"4 minutes\" \/>\n<script type=\"application\/ld+json\" class=\"yoast-schema-graph\">{\"@context\":\"https:\\\/\\\/schema.org\",\"@graph\":[{\"@type\":\"WebPage\",\"@id\":\"https:\\\/\\\/perigordbeers.com\\\/fr\\\/politique-de-confidentialite\\\/\",\"url\":\"https:\\\/\\\/perigordbeers.com\\\/fr\\\/politique-de-confidentialite\\\/\",\"name\":\"La Politique de Confidentialit\u00e9 de P\u00e9rigord Beers\",\"isPartOf\":{\"@id\":\"https:\\\/\\\/perigordbeers.com\\\/#website\"},\"datePublished\":\"2018-06-06T14:21:34+00:00\",\"dateModified\":\"2018-06-19T15:18:07+00:00\",\"description\":\"La Brasserie Artisanale de St Saud doit recueillir et utiliser certains informations concernant les individus. Ces individus comprennent nos clients, nos fournisseurs, nos contacts professionnels, nos employ\u00e9s et toute autre personne avec qui avons un rapport, ou qui nous aurions peut-\u00eatre besoin de contacter.\",\"breadcrumb\":{\"@id\":\"https:\\\/\\\/perigordbeers.com\\\/fr\\\/politique-de-confidentialite\\\/#breadcrumb\"},\"inLanguage\":\"fr-FR\",\"potentialAction\":[{\"@type\":\"ReadAction\",\"target\":[\"https:\\\/\\\/perigordbeers.com\\\/fr\\\/politique-de-confidentialite\\\/\"]}]},{\"@type\":\"BreadcrumbList\",\"@id\":\"https:\\\/\\\/perigordbeers.com\\\/fr\\\/politique-de-confidentialite\\\/#breadcrumb\",\"itemListElement\":[{\"@type\":\"ListItem\",\"position\":1,\"name\":\"Home\",\"item\":\"https:\\\/\\\/perigordbeers.com\\\/fr\\\/\"},{\"@type\":\"ListItem\",\"position\":2,\"name\":\"Politique de Confidentialit\u00e9\"}]},{\"@type\":\"WebSite\",\"@id\":\"https:\\\/\\\/perigordbeers.com\\\/#website\",\"url\":\"https:\\\/\\\/perigordbeers.com\\\/\",\"name\":\"P\u00e9rigord Beers\",\"description\":\"Des bi\u00e8res artisanales britanniques, brass\u00e9es en P\u00e9igord Vert\",\"publisher\":{\"@id\":\"https:\\\/\\\/perigordbeers.com\\\/#organization\"},\"potentialAction\":[{\"@type\":\"SearchAction\",\"target\":{\"@type\":\"EntryPoint\",\"urlTemplate\":\"https:\\\/\\\/perigordbeers.com\\\/?s={search_term_string}\"},\"query-input\":{\"@type\":\"PropertyValueSpecification\",\"valueRequired\":true,\"valueName\":\"search_term_string\"}}],\"inLanguage\":\"fr-FR\"},{\"@type\":\"Organization\",\"@id\":\"https:\\\/\\\/perigordbeers.com\\\/#organization\",\"name\":\"P\u00e9rigord Beers\",\"url\":\"https:\\\/\\\/perigordbeers.com\\\/\",\"logo\":{\"@type\":\"ImageObject\",\"inLanguage\":\"fr-FR\",\"@id\":\"https:\\\/\\\/perigordbeers.com\\\/#\\\/schema\\\/logo\\\/image\\\/\",\"url\":\"https:\\\/\\\/perigordbeers.com\\\/wp-content\\\/uploads\\\/2018\\\/01\\\/perigord-beers-dordogne.png\",\"contentUrl\":\"https:\\\/\\\/perigordbeers.com\\\/wp-content\\\/uploads\\\/2018\\\/01\\\/perigord-beers-dordogne.png\",\"width\":507,\"height\":252,\"caption\":\"P\u00e9rigord Beers\"},\"image\":{\"@id\":\"https:\\\/\\\/perigordbeers.com\\\/#\\\/schema\\\/logo\\\/image\\\/\"}}]}<\/script>\n<!-- \/ Yoast SEO plugin. -->","yoast_head_json":{"title":"La Politique de Confidentialit\u00e9 de P\u00e9rigord Beers","description":"La Brasserie Artisanale de St Saud doit recueillir et utiliser certains informations concernant les individus. Ces individus comprennent nos clients, nos fournisseurs, nos contacts professionnels, nos employ\u00e9s et toute autre personne avec qui avons un rapport, ou qui nous aurions peut-\u00eatre besoin de contacter.","robots":{"index":"index","follow":"follow","max-snippet":"max-snippet:-1","max-image-preview":"max-image-preview:large","max-video-preview":"max-video-preview:-1"},"canonical":"https:\/\/perigordbeers.com\/fr\/politique-de-confidentialite\/","og_locale":"fr_FR","og_type":"article","og_title":"La Politique de Confidentialit\u00e9 de P\u00e9rigord Beers","og_description":"La Brasserie Artisanale de St Saud doit recueillir et utiliser certains informations concernant les individus. Ces individus comprennent nos clients, nos fournisseurs, nos contacts professionnels, nos employ\u00e9s et toute autre personne avec qui avons un rapport, ou qui nous aurions peut-\u00eatre besoin de contacter.","og_url":"https:\/\/perigordbeers.com\/fr\/politique-de-confidentialite\/","og_site_name":"P\u00e9rigord Beers","article_modified_time":"2018-06-19T15:18:07+00:00","twitter_card":"summary_large_image","twitter_misc":{"Dur\u00e9e de lecture estim\u00e9e":"4 minutes"},"schema":{"@context":"https:\/\/schema.org","@graph":[{"@type":"WebPage","@id":"https:\/\/perigordbeers.com\/fr\/politique-de-confidentialite\/","url":"https:\/\/perigordbeers.com\/fr\/politique-de-confidentialite\/","name":"La Politique de Confidentialit\u00e9 de P\u00e9rigord Beers","isPartOf":{"@id":"https:\/\/perigordbeers.com\/#website"},"datePublished":"2018-06-06T14:21:34+00:00","dateModified":"2018-06-19T15:18:07+00:00","description":"La Brasserie Artisanale de St Saud doit recueillir et utiliser certains informations concernant les individus. Ces individus comprennent nos clients, nos fournisseurs, nos contacts professionnels, nos employ\u00e9s et toute autre personne avec qui avons un rapport, ou qui nous aurions peut-\u00eatre besoin de contacter.","breadcrumb":{"@id":"https:\/\/perigordbeers.com\/fr\/politique-de-confidentialite\/#breadcrumb"},"inLanguage":"fr-FR","potentialAction":[{"@type":"ReadAction","target":["https:\/\/perigordbeers.com\/fr\/politique-de-confidentialite\/"]}]},{"@type":"BreadcrumbList","@id":"https:\/\/perigordbeers.com\/fr\/politique-de-confidentialite\/#breadcrumb","itemListElement":[{"@type":"ListItem","position":1,"name":"Home","item":"https:\/\/perigordbeers.com\/fr\/"},{"@type":"ListItem","position":2,"name":"Politique de Confidentialit\u00e9"}]},{"@type":"WebSite","@id":"https:\/\/perigordbeers.com\/#website","url":"https:\/\/perigordbeers.com\/","name":"P\u00e9rigord Beers","description":"Des bi\u00e8res artisanales britanniques, brass\u00e9es en P\u00e9igord Vert","publisher":{"@id":"https:\/\/perigordbeers.com\/#organization"},"potentialAction":[{"@type":"SearchAction","target":{"@type":"EntryPoint","urlTemplate":"https:\/\/perigordbeers.com\/?s={search_term_string}"},"query-input":{"@type":"PropertyValueSpecification","valueRequired":true,"valueName":"search_term_string"}}],"inLanguage":"fr-FR"},{"@type":"Organization","@id":"https:\/\/perigordbeers.com\/#organization","name":"P\u00e9rigord Beers","url":"https:\/\/perigordbeers.com\/","logo":{"@type":"ImageObject","inLanguage":"fr-FR","@id":"https:\/\/perigordbeers.com\/#\/schema\/logo\/image\/","url":"https:\/\/perigordbeers.com\/wp-content\/uploads\/2018\/01\/perigord-beers-dordogne.png","contentUrl":"https:\/\/perigordbeers.com\/wp-content\/uploads\/2018\/01\/perigord-beers-dordogne.png","width":507,"height":252,"caption":"P\u00e9rigord Beers"},"image":{"@id":"https:\/\/perigordbeers.com\/#\/schema\/logo\/image\/"}}]}},"_links":{"self":[{"href":"https:\/\/perigordbeers.com\/fr\/wp-json\/wp\/v2\/pages\/692","targetHints":{"allow":["GET"]}}],"collection":[{"href":"https:\/\/perigordbeers.com\/fr\/wp-json\/wp\/v2\/pages"}],"about":[{"href":"https:\/\/perigordbeers.com\/fr\/wp-json\/wp\/v2\/types\/page"}],"author":[{"embeddable":true,"href":"https:\/\/perigordbeers.com\/fr\/wp-json\/wp\/v2\/users\/1"}],"replies":[{"embeddable":true,"href":"https:\/\/perigordbeers.com\/fr\/wp-json\/wp\/v2\/comments?post=692"}],"version-history":[{"count":3,"href":"https:\/\/perigordbeers.com\/fr\/wp-json\/wp\/v2\/pages\/692\/revisions"}],"predecessor-version":[{"id":870,"href":"https:\/\/perigordbeers.com\/fr\/wp-json\/wp\/v2\/pages\/692\/revisions\/870"}],"wp:attachment":[{"href":"https:\/\/perigordbeers.com\/fr\/wp-json\/wp\/v2\/media?parent=692"}],"curies":[{"name":"wp","href":"https:\/\/api.w.org\/{rel}","templated":true}]}}