{"id":970,"date":"2018-07-16T12:40:59","date_gmt":"2018-07-16T10:40:59","guid":{"rendered":"https:\/\/perigordbeers.com\/location-de-futs-de-bieres-artisanales-pour-evenements\/"},"modified":"2018-07-16T17:30:31","modified_gmt":"2018-07-16T15:30:31","slug":"location-futs","status":"publish","type":"page","link":"https:\/\/perigordbeers.com\/fr\/location-futs\/","title":{"rendered":"Location de F\u00fbts de Bi\u00e8res Artisanales Pour \u00c9v\u00e9nements"},"content":{"rendered":"<p>\u00c7a va de soi de dire que nous aimons tous parfois prendre un petit moment pour se d\u00e9tendre avec une bonne bi\u00e8re. Que vous organisez une f\u00eate, un mariage ou simplement une soir\u00e9e soir\u00e9e \u00e0 La Bonne Franquette au bord d\u2019un \u00e9tang avec des amis, compl\u00e9tez votre \u00e9v\u00e9nement avec un f\u00fbt de bi\u00e8re artisanale.<\/p>\n<p>Nos f\u00fbts de bi\u00e8re de 30L, ainsi que nos tireuses, sont faciles \u00e0 transporter et \u00e0 mettre en place, et ne n\u00e9cessitent aucune bouteille de CO<sup>2<\/sup>. Nous pouvons \u00e9galement fournir des refroidisseurs et des distributeurs pour les grands \u00e9v\u00e9nements. Nos f\u00fbts sont la solution parfaite pour votre f\u00eate. Pour plus d&rsquo;informations et pour nos tarifs, veuillez <a href=\"\/pb\/fr\/nous-contacter\">nous contacter<\/a>.<\/p>\n<h2> Proposer \u00e0 vos clients le go\u00fbt incomparable de la bi\u00e8re artisanale <\/h2>\n<p>Si vous \u00eates propri\u00e9taire d&rsquo;un bar ou d&rsquo;une cave et vous souhaitez offrir \u00e0 vos clients le go\u00fbt authentique de la bi\u00e8re artisanale, <a href=\"\/pb\/fr\/nous-contacter\/\">contactez-nous<\/a> pour discuter de vos besoins. Nous pouvons vous fournir de la bi\u00e8re en pression comme en bouteille, et nous sommes toujours disponibles pour vous conseiller. <\/p>\n","protected":false},"excerpt":{"rendered":"<p>\u00c7a va de soi de dire que nous aimons tous parfois prendre un petit moment pour se d\u00e9tendre avec une bonne bi\u00e8re. Que vous organisez une f\u00eate, un mariage ou simplement une soir\u00e9e soir\u00e9e \u00e0 La Bonne Franquette au bord d\u2019un \u00e9tang avec des amis, compl\u00e9tez votre \u00e9v\u00e9nement avec un [&hellip;]<\/p>\n","protected":false},"author":1,"featured_media":953,"parent":0,"menu_order":0,"comment_status":"closed","ping_status":"closed","template":"","meta":{"footnotes":""},"class_list":["post-970","page","type-page","status-publish","has-post-thumbnail","hentry"],"yoast_head":"<!-- This site is optimized with the Yoast SEO plugin v27.3 - https:\/\/yoast.com\/product\/yoast-seo-wordpress\/ -->\n<title>Location de f\u00fbts de bi\u00e8re artisanale pour \u00e9v\u00e9nements : P\u00e9rigord Beers<\/title>\n<meta name=\"description\" content=\"Nos f\u00fbts de bi\u00e8re de 30L, ainsi que nos tireuses, sont faciles \u00e0 transporter et \u00e0 mettre en place, et ne n\u00e9cessitent aucune bouteille de CO2. Nous pouvons \u00e9galement fournir des refroidisseurs et des distributeurs pour les grands \u00e9v\u00e9nements.\" \/>\n<meta name=\"robots\" content=\"index, follow, max-snippet:-1, max-image-preview:large, max-video-preview:-1\" \/>\n<link rel=\"canonical\" href=\"https:\/\/perigordbeers.com\/fr\/location-futs\/\" \/>\n<meta property=\"og:locale\" content=\"fr_FR\" \/>\n<meta property=\"og:type\" content=\"article\" \/>\n<meta property=\"og:title\" content=\"Location de f\u00fbts de bi\u00e8re artisanale pour \u00e9v\u00e9nements : P\u00e9rigord Beers\" \/>\n<meta property=\"og:description\" content=\"Nos f\u00fbts de bi\u00e8re de 30L, ainsi que nos tireuses, sont faciles \u00e0 transporter et \u00e0 mettre en place, et ne n\u00e9cessitent aucune bouteille de CO2. Nous pouvons \u00e9galement fournir des refroidisseurs et des distributeurs pour les grands \u00e9v\u00e9nements.\" \/>\n<meta property=\"og:url\" content=\"https:\/\/perigordbeers.com\/fr\/location-futs\/\" \/>\n<meta property=\"og:site_name\" content=\"P\u00e9rigord Beers\" \/>\n<meta property=\"article:modified_time\" content=\"2018-07-16T15:30:31+00:00\" \/>\n<meta property=\"og:image\" content=\"https:\/\/perigordbeers.com\/wp-content\/uploads\/2018\/07\/keg-hire.jpg\" \/>\n\t<meta property=\"og:image:width\" content=\"1600\" \/>\n\t<meta property=\"og:image:height\" content=\"850\" \/>\n\t<meta property=\"og:image:type\" content=\"image\/jpeg\" \/>\n<meta name=\"twitter:card\" content=\"summary_large_image\" \/>\n<meta name=\"twitter:label1\" content=\"Dur\u00e9e de lecture estim\u00e9e\" \/>\n\t<meta name=\"twitter:data1\" content=\"1 minute\" \/>\n<script type=\"application\/ld+json\" class=\"yoast-schema-graph\">{\"@context\":\"https:\\\/\\\/schema.org\",\"@graph\":[{\"@type\":\"WebPage\",\"@id\":\"https:\\\/\\\/perigordbeers.com\\\/fr\\\/location-futs\\\/\",\"url\":\"https:\\\/\\\/perigordbeers.com\\\/fr\\\/location-futs\\\/\",\"name\":\"Location de f\u00fbts de bi\u00e8re artisanale pour \u00e9v\u00e9nements : P\u00e9rigord Beers\",\"isPartOf\":{\"@id\":\"https:\\\/\\\/perigordbeers.com\\\/#website\"},\"primaryImageOfPage\":{\"@id\":\"https:\\\/\\\/perigordbeers.com\\\/fr\\\/location-futs\\\/#primaryimage\"},\"image\":{\"@id\":\"https:\\\/\\\/perigordbeers.com\\\/fr\\\/location-futs\\\/#primaryimage\"},\"thumbnailUrl\":\"https:\\\/\\\/perigordbeers.com\\\/wp-content\\\/uploads\\\/2018\\\/07\\\/keg-hire.jpg\",\"datePublished\":\"2018-07-16T10:40:59+00:00\",\"dateModified\":\"2018-07-16T15:30:31+00:00\",\"description\":\"Nos f\u00fbts de bi\u00e8re de 30L, ainsi que nos tireuses, sont faciles \u00e0 transporter et \u00e0 mettre en place, et ne n\u00e9cessitent aucune bouteille de CO2. Nous pouvons \u00e9galement fournir des refroidisseurs et des distributeurs pour les grands \u00e9v\u00e9nements.\",\"breadcrumb\":{\"@id\":\"https:\\\/\\\/perigordbeers.com\\\/fr\\\/location-futs\\\/#breadcrumb\"},\"inLanguage\":\"fr-FR\",\"potentialAction\":[{\"@type\":\"ReadAction\",\"target\":[\"https:\\\/\\\/perigordbeers.com\\\/fr\\\/location-futs\\\/\"]}]},{\"@type\":\"ImageObject\",\"inLanguage\":\"fr-FR\",\"@id\":\"https:\\\/\\\/perigordbeers.com\\\/fr\\\/location-futs\\\/#primaryimage\",\"url\":\"https:\\\/\\\/perigordbeers.com\\\/wp-content\\\/uploads\\\/2018\\\/07\\\/keg-hire.jpg\",\"contentUrl\":\"https:\\\/\\\/perigordbeers.com\\\/wp-content\\\/uploads\\\/2018\\\/07\\\/keg-hire.jpg\",\"width\":1600,\"height\":850,\"caption\":\"Beer keg hire from P\u00e9rigord Beers\"},{\"@type\":\"BreadcrumbList\",\"@id\":\"https:\\\/\\\/perigordbeers.com\\\/fr\\\/location-futs\\\/#breadcrumb\",\"itemListElement\":[{\"@type\":\"ListItem\",\"position\":1,\"name\":\"Home\",\"item\":\"https:\\\/\\\/perigordbeers.com\\\/fr\\\/\"},{\"@type\":\"ListItem\",\"position\":2,\"name\":\"Location de F\u00fbts de Bi\u00e8res Artisanales Pour \u00c9v\u00e9nements\"}]},{\"@type\":\"WebSite\",\"@id\":\"https:\\\/\\\/perigordbeers.com\\\/#website\",\"url\":\"https:\\\/\\\/perigordbeers.com\\\/\",\"name\":\"P\u00e9rigord Beers\",\"description\":\"Des bi\u00e8res artisanales britanniques, brass\u00e9es en P\u00e9igord Vert\",\"publisher\":{\"@id\":\"https:\\\/\\\/perigordbeers.com\\\/#organization\"},\"potentialAction\":[{\"@type\":\"SearchAction\",\"target\":{\"@type\":\"EntryPoint\",\"urlTemplate\":\"https:\\\/\\\/perigordbeers.com\\\/?s={search_term_string}\"},\"query-input\":{\"@type\":\"PropertyValueSpecification\",\"valueRequired\":true,\"valueName\":\"search_term_string\"}}],\"inLanguage\":\"fr-FR\"},{\"@type\":\"Organization\",\"@id\":\"https:\\\/\\\/perigordbeers.com\\\/#organization\",\"name\":\"P\u00e9rigord Beers\",\"url\":\"https:\\\/\\\/perigordbeers.com\\\/\",\"logo\":{\"@type\":\"ImageObject\",\"inLanguage\":\"fr-FR\",\"@id\":\"https:\\\/\\\/perigordbeers.com\\\/#\\\/schema\\\/logo\\\/image\\\/\",\"url\":\"https:\\\/\\\/perigordbeers.com\\\/wp-content\\\/uploads\\\/2018\\\/01\\\/perigord-beers-dordogne.png\",\"contentUrl\":\"https:\\\/\\\/perigordbeers.com\\\/wp-content\\\/uploads\\\/2018\\\/01\\\/perigord-beers-dordogne.png\",\"width\":507,\"height\":252,\"caption\":\"P\u00e9rigord Beers\"},\"image\":{\"@id\":\"https:\\\/\\\/perigordbeers.com\\\/#\\\/schema\\\/logo\\\/image\\\/\"}}]}<\/script>\n<!-- \/ Yoast SEO plugin. -->","yoast_head_json":{"title":"Location de f\u00fbts de bi\u00e8re artisanale pour \u00e9v\u00e9nements : P\u00e9rigord Beers","description":"Nos f\u00fbts de bi\u00e8re de 30L, ainsi que nos tireuses, sont faciles \u00e0 transporter et \u00e0 mettre en place, et ne n\u00e9cessitent aucune bouteille de CO2. Nous pouvons \u00e9galement fournir des refroidisseurs et des distributeurs pour les grands \u00e9v\u00e9nements.","robots":{"index":"index","follow":"follow","max-snippet":"max-snippet:-1","max-image-preview":"max-image-preview:large","max-video-preview":"max-video-preview:-1"},"canonical":"https:\/\/perigordbeers.com\/fr\/location-futs\/","og_locale":"fr_FR","og_type":"article","og_title":"Location de f\u00fbts de bi\u00e8re artisanale pour \u00e9v\u00e9nements : P\u00e9rigord Beers","og_description":"Nos f\u00fbts de bi\u00e8re de 30L, ainsi que nos tireuses, sont faciles \u00e0 transporter et \u00e0 mettre en place, et ne n\u00e9cessitent aucune bouteille de CO2. Nous pouvons \u00e9galement fournir des refroidisseurs et des distributeurs pour les grands \u00e9v\u00e9nements.","og_url":"https:\/\/perigordbeers.com\/fr\/location-futs\/","og_site_name":"P\u00e9rigord Beers","article_modified_time":"2018-07-16T15:30:31+00:00","og_image":[{"width":1600,"height":850,"url":"https:\/\/perigordbeers.com\/wp-content\/uploads\/2018\/07\/keg-hire.jpg","type":"image\/jpeg"}],"twitter_card":"summary_large_image","twitter_misc":{"Dur\u00e9e de lecture estim\u00e9e":"1 minute"},"schema":{"@context":"https:\/\/schema.org","@graph":[{"@type":"WebPage","@id":"https:\/\/perigordbeers.com\/fr\/location-futs\/","url":"https:\/\/perigordbeers.com\/fr\/location-futs\/","name":"Location de f\u00fbts de bi\u00e8re artisanale pour \u00e9v\u00e9nements : P\u00e9rigord Beers","isPartOf":{"@id":"https:\/\/perigordbeers.com\/#website"},"primaryImageOfPage":{"@id":"https:\/\/perigordbeers.com\/fr\/location-futs\/#primaryimage"},"image":{"@id":"https:\/\/perigordbeers.com\/fr\/location-futs\/#primaryimage"},"thumbnailUrl":"https:\/\/perigordbeers.com\/wp-content\/uploads\/2018\/07\/keg-hire.jpg","datePublished":"2018-07-16T10:40:59+00:00","dateModified":"2018-07-16T15:30:31+00:00","description":"Nos f\u00fbts de bi\u00e8re de 30L, ainsi que nos tireuses, sont faciles \u00e0 transporter et \u00e0 mettre en place, et ne n\u00e9cessitent aucune bouteille de CO2. Nous pouvons \u00e9galement fournir des refroidisseurs et des distributeurs pour les grands \u00e9v\u00e9nements.","breadcrumb":{"@id":"https:\/\/perigordbeers.com\/fr\/location-futs\/#breadcrumb"},"inLanguage":"fr-FR","potentialAction":[{"@type":"ReadAction","target":["https:\/\/perigordbeers.com\/fr\/location-futs\/"]}]},{"@type":"ImageObject","inLanguage":"fr-FR","@id":"https:\/\/perigordbeers.com\/fr\/location-futs\/#primaryimage","url":"https:\/\/perigordbeers.com\/wp-content\/uploads\/2018\/07\/keg-hire.jpg","contentUrl":"https:\/\/perigordbeers.com\/wp-content\/uploads\/2018\/07\/keg-hire.jpg","width":1600,"height":850,"caption":"Beer keg hire from P\u00e9rigord Beers"},{"@type":"BreadcrumbList","@id":"https:\/\/perigordbeers.com\/fr\/location-futs\/#breadcrumb","itemListElement":[{"@type":"ListItem","position":1,"name":"Home","item":"https:\/\/perigordbeers.com\/fr\/"},{"@type":"ListItem","position":2,"name":"Location de F\u00fbts de Bi\u00e8res Artisanales Pour \u00c9v\u00e9nements"}]},{"@type":"WebSite","@id":"https:\/\/perigordbeers.com\/#website","url":"https:\/\/perigordbeers.com\/","name":"P\u00e9rigord Beers","description":"Des bi\u00e8res artisanales britanniques, brass\u00e9es en P\u00e9igord Vert","publisher":{"@id":"https:\/\/perigordbeers.com\/#organization"},"potentialAction":[{"@type":"SearchAction","target":{"@type":"EntryPoint","urlTemplate":"https:\/\/perigordbeers.com\/?s={search_term_string}"},"query-input":{"@type":"PropertyValueSpecification","valueRequired":true,"valueName":"search_term_string"}}],"inLanguage":"fr-FR"},{"@type":"Organization","@id":"https:\/\/perigordbeers.com\/#organization","name":"P\u00e9rigord Beers","url":"https:\/\/perigordbeers.com\/","logo":{"@type":"ImageObject","inLanguage":"fr-FR","@id":"https:\/\/perigordbeers.com\/#\/schema\/logo\/image\/","url":"https:\/\/perigordbeers.com\/wp-content\/uploads\/2018\/01\/perigord-beers-dordogne.png","contentUrl":"https:\/\/perigordbeers.com\/wp-content\/uploads\/2018\/01\/perigord-beers-dordogne.png","width":507,"height":252,"caption":"P\u00e9rigord Beers"},"image":{"@id":"https:\/\/perigordbeers.com\/#\/schema\/logo\/image\/"}}]}},"_links":{"self":[{"href":"https:\/\/perigordbeers.com\/fr\/wp-json\/wp\/v2\/pages\/970","targetHints":{"allow":["GET"]}}],"collection":[{"href":"https:\/\/perigordbeers.com\/fr\/wp-json\/wp\/v2\/pages"}],"about":[{"href":"https:\/\/perigordbeers.com\/fr\/wp-json\/wp\/v2\/types\/page"}],"author":[{"embeddable":true,"href":"https:\/\/perigordbeers.com\/fr\/wp-json\/wp\/v2\/users\/1"}],"replies":[{"embeddable":true,"href":"https:\/\/perigordbeers.com\/fr\/wp-json\/wp\/v2\/comments?post=970"}],"version-history":[{"count":8,"href":"https:\/\/perigordbeers.com\/fr\/wp-json\/wp\/v2\/pages\/970\/revisions"}],"predecessor-version":[{"id":1000,"href":"https:\/\/perigordbeers.com\/fr\/wp-json\/wp\/v2\/pages\/970\/revisions\/1000"}],"wp:featuredmedia":[{"embeddable":true,"href":"https:\/\/perigordbeers.com\/fr\/wp-json\/wp\/v2\/media\/953"}],"wp:attachment":[{"href":"https:\/\/perigordbeers.com\/fr\/wp-json\/wp\/v2\/media?parent=970"}],"curies":[{"name":"wp","href":"https:\/\/api.w.org\/{rel}","templated":true}]}}