{"id":578,"date":"2018-01-12T11:12:58","date_gmt":"2018-01-12T10:12:58","guid":{"rendered":"https:\/\/perigordbeers.com\/our-beers\/summer-ale\/"},"modified":"2025-06-16T08:19:06","modified_gmt":"2025-06-16T06:19:06","slug":"summer-ale","status":"publish","type":"product","link":"https:\/\/perigordbeers.com\/fr\/nos-bieres\/summer-ale\/","title":{"rendered":"Summer Ale"},"content":{"rendered":"<p>La bi\u00e8re Summer Ale de P\u00e9rigord Beers est une bi\u00e8re claire, leg\u00e8re et dor\u00e9e, faite avec beaucoup de houblon pour donner un go\u00fbt fruit\u00e9. Des fleurs de sureau, cueillies dans le jardin de la brasserie, sont ajout\u00e9es pour produire une bi\u00e8re qui est id\u00e9ale pour la saison estivale. Disponible en packs de 3, 6, ou 12.<\/p>\n","protected":false},"excerpt":{"rendered":"<p>La bi\u00e8re Summer Ale est claire, leg\u00e8re et dor\u00e9e, faite avec beaucoup de houblon pour donner un go\u00fbt fruit\u00e9. Des fleurs de sureau, cueillies dans notre jardin, sont ajout\u00e9es pour produire une bi\u00e8re qui est id\u00e9ale pour la saison estivale.<\/p>\n","protected":false},"featured_media":525,"comment_status":"open","ping_status":"closed","template":"","meta":[],"product_brand":[],"product_cat":[72],"product_tag":[],"class_list":{"0":"post-578","1":"product","2":"type-product","3":"status-publish","4":"has-post-thumbnail","6":"product_cat-perigord-beers-fr","8":"first","9":"instock","10":"shipping-taxable","11":"purchasable","12":"product-type-variable"},"yoast_head":"<!-- This site is optimized with the Yoast SEO plugin v27.3 - https:\/\/yoast.com\/product\/yoast-seo-wordpress\/ -->\n<title>La bi\u00e8re Summer Ale de P\u00e9rigord Beers : claire, leg\u00e8re et dor\u00e9e<\/title>\n<meta name=\"description\" content=\"La bi\u00e8re Summer Ale est claire, leg\u00e8re et dor\u00e9e, faite avec beaucoup de houblon pour donner un go\u00fbt fruit\u00e9. Des fleurs de sureau, cueillies dans notre jardin, sont ajout\u00e9es pour produire une bi\u00e8re qui est id\u00e9ale pour la saison estivale.\" \/>\n<meta name=\"robots\" content=\"index, follow, max-snippet:-1, max-image-preview:large, max-video-preview:-1\" \/>\n<link rel=\"canonical\" href=\"https:\/\/perigordbeers.com\/fr\/nos-bieres\/summer-ale\/\" \/>\n<meta property=\"og:locale\" content=\"fr_FR\" \/>\n<meta property=\"og:type\" content=\"article\" \/>\n<meta property=\"og:title\" content=\"La bi\u00e8re Summer Ale de P\u00e9rigord Beers : claire, leg\u00e8re et dor\u00e9e\" \/>\n<meta property=\"og:description\" content=\"La bi\u00e8re Summer Ale est claire, leg\u00e8re et dor\u00e9e, faite avec beaucoup de houblon pour donner un go\u00fbt fruit\u00e9. Des fleurs de sureau, cueillies dans notre jardin, sont ajout\u00e9es pour produire une bi\u00e8re qui est id\u00e9ale pour la saison estivale.\" \/>\n<meta property=\"og:url\" content=\"https:\/\/perigordbeers.com\/fr\/nos-bieres\/summer-ale\/\" \/>\n<meta property=\"og:site_name\" content=\"P\u00e9rigord Beers\" \/>\n<meta property=\"article:modified_time\" content=\"2025-06-16T06:19:06+00:00\" \/>\n<meta property=\"og:image\" content=\"https:\/\/perigordbeers.com\/wp-content\/uploads\/2018\/01\/perigord-beers-summer-ale.png\" \/>\n\t<meta property=\"og:image:width\" content=\"775\" \/>\n\t<meta property=\"og:image:height\" content=\"775\" \/>\n\t<meta property=\"og:image:type\" content=\"image\/png\" \/>\n<meta name=\"twitter:card\" content=\"summary_large_image\" \/>\n<script type=\"application\/ld+json\" class=\"yoast-schema-graph\">{\"@context\":\"https:\\\/\\\/schema.org\",\"@graph\":[{\"@type\":\"WebPage\",\"@id\":\"https:\\\/\\\/perigordbeers.com\\\/fr\\\/nos-bieres\\\/summer-ale\\\/\",\"url\":\"https:\\\/\\\/perigordbeers.com\\\/fr\\\/nos-bieres\\\/summer-ale\\\/\",\"name\":\"La bi\u00e8re Summer Ale de P\u00e9rigord Beers : claire, leg\u00e8re et dor\u00e9e\",\"isPartOf\":{\"@id\":\"https:\\\/\\\/perigordbeers.com\\\/#website\"},\"primaryImageOfPage\":{\"@id\":\"https:\\\/\\\/perigordbeers.com\\\/fr\\\/nos-bieres\\\/summer-ale\\\/#primaryimage\"},\"image\":{\"@id\":\"https:\\\/\\\/perigordbeers.com\\\/fr\\\/nos-bieres\\\/summer-ale\\\/#primaryimage\"},\"thumbnailUrl\":\"https:\\\/\\\/perigordbeers.com\\\/wp-content\\\/uploads\\\/2018\\\/01\\\/perigord-beers-summer-ale.png\",\"datePublished\":\"2018-01-12T10:12:58+00:00\",\"dateModified\":\"2025-06-16T06:19:06+00:00\",\"description\":\"La bi\u00e8re Summer Ale est claire, leg\u00e8re et dor\u00e9e, faite avec beaucoup de houblon pour donner un go\u00fbt fruit\u00e9. Des fleurs de sureau, cueillies dans notre jardin, sont ajout\u00e9es pour produire une bi\u00e8re qui est id\u00e9ale pour la saison estivale.\",\"breadcrumb\":{\"@id\":\"https:\\\/\\\/perigordbeers.com\\\/fr\\\/nos-bieres\\\/summer-ale\\\/#breadcrumb\"},\"inLanguage\":\"fr-FR\",\"potentialAction\":[{\"@type\":\"ReadAction\",\"target\":[\"https:\\\/\\\/perigordbeers.com\\\/fr\\\/nos-bieres\\\/summer-ale\\\/\"]}]},{\"@type\":\"ImageObject\",\"inLanguage\":\"fr-FR\",\"@id\":\"https:\\\/\\\/perigordbeers.com\\\/fr\\\/nos-bieres\\\/summer-ale\\\/#primaryimage\",\"url\":\"https:\\\/\\\/perigordbeers.com\\\/wp-content\\\/uploads\\\/2018\\\/01\\\/perigord-beers-summer-ale.png\",\"contentUrl\":\"https:\\\/\\\/perigordbeers.com\\\/wp-content\\\/uploads\\\/2018\\\/01\\\/perigord-beers-summer-ale.png\",\"width\":775,\"height\":775,\"caption\":\"P\u00e9rigord Beers Summer Ale\"},{\"@type\":\"BreadcrumbList\",\"@id\":\"https:\\\/\\\/perigordbeers.com\\\/fr\\\/nos-bieres\\\/summer-ale\\\/#breadcrumb\",\"itemListElement\":[{\"@type\":\"ListItem\",\"position\":1,\"name\":\"Home\",\"item\":\"https:\\\/\\\/perigordbeers.com\\\/fr\\\/\"},{\"@type\":\"ListItem\",\"position\":2,\"name\":\"Notre Gamme de Bi\u00e8res Traditionnelles\",\"item\":\"https:\\\/\\\/perigordbeers.com\\\/fr\\\/nos-bieres\\\/\"},{\"@type\":\"ListItem\",\"position\":3,\"name\":\"Summer Ale\"}]},{\"@type\":\"WebSite\",\"@id\":\"https:\\\/\\\/perigordbeers.com\\\/#website\",\"url\":\"https:\\\/\\\/perigordbeers.com\\\/\",\"name\":\"P\u00e9rigord Beers\",\"description\":\"Des bi\u00e8res artisanales britanniques, brass\u00e9es en P\u00e9igord Vert\",\"publisher\":{\"@id\":\"https:\\\/\\\/perigordbeers.com\\\/#organization\"},\"potentialAction\":[{\"@type\":\"SearchAction\",\"target\":{\"@type\":\"EntryPoint\",\"urlTemplate\":\"https:\\\/\\\/perigordbeers.com\\\/?s={search_term_string}\"},\"query-input\":{\"@type\":\"PropertyValueSpecification\",\"valueRequired\":true,\"valueName\":\"search_term_string\"}}],\"inLanguage\":\"fr-FR\"},{\"@type\":\"Organization\",\"@id\":\"https:\\\/\\\/perigordbeers.com\\\/#organization\",\"name\":\"P\u00e9rigord Beers\",\"url\":\"https:\\\/\\\/perigordbeers.com\\\/\",\"logo\":{\"@type\":\"ImageObject\",\"inLanguage\":\"fr-FR\",\"@id\":\"https:\\\/\\\/perigordbeers.com\\\/#\\\/schema\\\/logo\\\/image\\\/\",\"url\":\"https:\\\/\\\/perigordbeers.com\\\/wp-content\\\/uploads\\\/2018\\\/01\\\/perigord-beers-dordogne.png\",\"contentUrl\":\"https:\\\/\\\/perigordbeers.com\\\/wp-content\\\/uploads\\\/2018\\\/01\\\/perigord-beers-dordogne.png\",\"width\":507,\"height\":252,\"caption\":\"P\u00e9rigord Beers\"},\"image\":{\"@id\":\"https:\\\/\\\/perigordbeers.com\\\/#\\\/schema\\\/logo\\\/image\\\/\"}}]}<\/script>\n<!-- \/ Yoast SEO plugin. -->","yoast_head_json":{"title":"La bi\u00e8re Summer Ale de P\u00e9rigord Beers : claire, leg\u00e8re et dor\u00e9e","description":"La bi\u00e8re Summer Ale est claire, leg\u00e8re et dor\u00e9e, faite avec beaucoup de houblon pour donner un go\u00fbt fruit\u00e9. Des fleurs de sureau, cueillies dans notre jardin, sont ajout\u00e9es pour produire une bi\u00e8re qui est id\u00e9ale pour la saison estivale.","robots":{"index":"index","follow":"follow","max-snippet":"max-snippet:-1","max-image-preview":"max-image-preview:large","max-video-preview":"max-video-preview:-1"},"canonical":"https:\/\/perigordbeers.com\/fr\/nos-bieres\/summer-ale\/","og_locale":"fr_FR","og_type":"article","og_title":"La bi\u00e8re Summer Ale de P\u00e9rigord Beers : claire, leg\u00e8re et dor\u00e9e","og_description":"La bi\u00e8re Summer Ale est claire, leg\u00e8re et dor\u00e9e, faite avec beaucoup de houblon pour donner un go\u00fbt fruit\u00e9. Des fleurs de sureau, cueillies dans notre jardin, sont ajout\u00e9es pour produire une bi\u00e8re qui est id\u00e9ale pour la saison estivale.","og_url":"https:\/\/perigordbeers.com\/fr\/nos-bieres\/summer-ale\/","og_site_name":"P\u00e9rigord Beers","article_modified_time":"2025-06-16T06:19:06+00:00","og_image":[{"width":775,"height":775,"url":"https:\/\/perigordbeers.com\/wp-content\/uploads\/2018\/01\/perigord-beers-summer-ale.png","type":"image\/png"}],"twitter_card":"summary_large_image","schema":{"@context":"https:\/\/schema.org","@graph":[{"@type":"WebPage","@id":"https:\/\/perigordbeers.com\/fr\/nos-bieres\/summer-ale\/","url":"https:\/\/perigordbeers.com\/fr\/nos-bieres\/summer-ale\/","name":"La bi\u00e8re Summer Ale de P\u00e9rigord Beers : claire, leg\u00e8re et dor\u00e9e","isPartOf":{"@id":"https:\/\/perigordbeers.com\/#website"},"primaryImageOfPage":{"@id":"https:\/\/perigordbeers.com\/fr\/nos-bieres\/summer-ale\/#primaryimage"},"image":{"@id":"https:\/\/perigordbeers.com\/fr\/nos-bieres\/summer-ale\/#primaryimage"},"thumbnailUrl":"https:\/\/perigordbeers.com\/wp-content\/uploads\/2018\/01\/perigord-beers-summer-ale.png","datePublished":"2018-01-12T10:12:58+00:00","dateModified":"2025-06-16T06:19:06+00:00","description":"La bi\u00e8re Summer Ale est claire, leg\u00e8re et dor\u00e9e, faite avec beaucoup de houblon pour donner un go\u00fbt fruit\u00e9. Des fleurs de sureau, cueillies dans notre jardin, sont ajout\u00e9es pour produire une bi\u00e8re qui est id\u00e9ale pour la saison estivale.","breadcrumb":{"@id":"https:\/\/perigordbeers.com\/fr\/nos-bieres\/summer-ale\/#breadcrumb"},"inLanguage":"fr-FR","potentialAction":[{"@type":"ReadAction","target":["https:\/\/perigordbeers.com\/fr\/nos-bieres\/summer-ale\/"]}]},{"@type":"ImageObject","inLanguage":"fr-FR","@id":"https:\/\/perigordbeers.com\/fr\/nos-bieres\/summer-ale\/#primaryimage","url":"https:\/\/perigordbeers.com\/wp-content\/uploads\/2018\/01\/perigord-beers-summer-ale.png","contentUrl":"https:\/\/perigordbeers.com\/wp-content\/uploads\/2018\/01\/perigord-beers-summer-ale.png","width":775,"height":775,"caption":"P\u00e9rigord Beers Summer Ale"},{"@type":"BreadcrumbList","@id":"https:\/\/perigordbeers.com\/fr\/nos-bieres\/summer-ale\/#breadcrumb","itemListElement":[{"@type":"ListItem","position":1,"name":"Home","item":"https:\/\/perigordbeers.com\/fr\/"},{"@type":"ListItem","position":2,"name":"Notre Gamme de Bi\u00e8res Traditionnelles","item":"https:\/\/perigordbeers.com\/fr\/nos-bieres\/"},{"@type":"ListItem","position":3,"name":"Summer Ale"}]},{"@type":"WebSite","@id":"https:\/\/perigordbeers.com\/#website","url":"https:\/\/perigordbeers.com\/","name":"P\u00e9rigord Beers","description":"Des bi\u00e8res artisanales britanniques, brass\u00e9es en P\u00e9igord Vert","publisher":{"@id":"https:\/\/perigordbeers.com\/#organization"},"potentialAction":[{"@type":"SearchAction","target":{"@type":"EntryPoint","urlTemplate":"https:\/\/perigordbeers.com\/?s={search_term_string}"},"query-input":{"@type":"PropertyValueSpecification","valueRequired":true,"valueName":"search_term_string"}}],"inLanguage":"fr-FR"},{"@type":"Organization","@id":"https:\/\/perigordbeers.com\/#organization","name":"P\u00e9rigord Beers","url":"https:\/\/perigordbeers.com\/","logo":{"@type":"ImageObject","inLanguage":"fr-FR","@id":"https:\/\/perigordbeers.com\/#\/schema\/logo\/image\/","url":"https:\/\/perigordbeers.com\/wp-content\/uploads\/2018\/01\/perigord-beers-dordogne.png","contentUrl":"https:\/\/perigordbeers.com\/wp-content\/uploads\/2018\/01\/perigord-beers-dordogne.png","width":507,"height":252,"caption":"P\u00e9rigord Beers"},"image":{"@id":"https:\/\/perigordbeers.com\/#\/schema\/logo\/image\/"}}]}},"_links":{"self":[{"href":"https:\/\/perigordbeers.com\/fr\/wp-json\/wp\/v2\/product\/578","targetHints":{"allow":["GET"]}}],"collection":[{"href":"https:\/\/perigordbeers.com\/fr\/wp-json\/wp\/v2\/product"}],"about":[{"href":"https:\/\/perigordbeers.com\/fr\/wp-json\/wp\/v2\/types\/product"}],"replies":[{"embeddable":true,"href":"https:\/\/perigordbeers.com\/fr\/wp-json\/wp\/v2\/comments?post=578"}],"wp:featuredmedia":[{"embeddable":true,"href":"https:\/\/perigordbeers.com\/fr\/wp-json\/wp\/v2\/media\/525"}],"wp:attachment":[{"href":"https:\/\/perigordbeers.com\/fr\/wp-json\/wp\/v2\/media?parent=578"}],"wp:term":[{"taxonomy":"product_brand","embeddable":true,"href":"https:\/\/perigordbeers.com\/fr\/wp-json\/wp\/v2\/product_brand?post=578"},{"taxonomy":"product_cat","embeddable":true,"href":"https:\/\/perigordbeers.com\/fr\/wp-json\/wp\/v2\/product_cat?post=578"},{"taxonomy":"product_tag","embeddable":true,"href":"https:\/\/perigordbeers.com\/fr\/wp-json\/wp\/v2\/product_tag?post=578"}],"curies":[{"name":"wp","href":"https:\/\/api.w.org\/{rel}","templated":true}]}}