{"id":581,"date":"2018-01-11T14:16:19","date_gmt":"2018-01-11T13:16:19","guid":{"rendered":"https:\/\/perigordbeers.com\/our-beers\/original\/"},"modified":"2024-09-26T18:05:22","modified_gmt":"2024-09-26T16:05:22","slug":"original","status":"publish","type":"product","link":"https:\/\/perigordbeers.com\/fr\/nos-bieres\/original\/","title":{"rendered":"Original"},"content":{"rendered":"<p>La bi\u00e8re Original de P\u00e9rigord Beers est une bi\u00e8re anglaise traditionnelle et fonc\u00e9e, de style \u00ab\u00a0English bitter\u00a0\u00bb. Faite avec du malt de cristal pour un go\u00fbt savoureux, et trois vari\u00e9t\u00e9s de houblons pour des saveurs fruit\u00e9es. Disponible en packs de 3, 6 ou 12.<\/p>\n","protected":false},"excerpt":{"rendered":"<p>La bi\u00e8re Original de P\u00e9rigord Beers est une bi\u00e8re anglaise traditionnelle et fonc\u00e9e, de style \u00ab\u00a0English bitter\u00a0\u00bb. Faite avec du malt de cristal pour un go\u00fbt savoureux, et trois vari\u00e9t\u00e9s de houblons pour des saveurs fruit\u00e9es.<\/p>\n","protected":false},"featured_media":528,"comment_status":"open","ping_status":"closed","template":"","meta":[],"product_brand":[],"product_cat":[72],"product_tag":[],"class_list":{"0":"post-581","1":"product","2":"type-product","3":"status-publish","4":"has-post-thumbnail","6":"product_cat-perigord-beers-fr","8":"first","9":"instock","10":"shipping-taxable","11":"purchasable","12":"product-type-variable"},"yoast_head":"<!-- This site is optimized with the Yoast SEO plugin v27.3 - https:\/\/yoast.com\/product\/yoast-seo-wordpress\/ -->\n<title>La Original de P\u00e9rigord Beers : une bi\u00e8re de style \u00abEnglish bitter\u00bb<\/title>\n<meta name=\"description\" content=\"La bi\u00e8re Original de P\u00e9rigord Beers est une bi\u00e8re anglaise traditionnelle et fonc\u00e9e, de style \u00ab English bitter \u00bb. Faite avec du malt de cristal pour un go\u00fbt savoureux, et trois vari\u00e9t\u00e9s de houblons pour des saveurs fruit\u00e9es\" \/>\n<meta name=\"robots\" content=\"index, follow, max-snippet:-1, max-image-preview:large, max-video-preview:-1\" \/>\n<link rel=\"canonical\" href=\"https:\/\/perigordbeers.com\/fr\/nos-bieres\/original\/\" \/>\n<meta property=\"og:locale\" content=\"fr_FR\" \/>\n<meta property=\"og:type\" content=\"article\" \/>\n<meta property=\"og:title\" content=\"La Original de P\u00e9rigord Beers : une bi\u00e8re de style \u00abEnglish bitter\u00bb\" \/>\n<meta property=\"og:description\" content=\"La bi\u00e8re Original de P\u00e9rigord Beers est une bi\u00e8re anglaise traditionnelle et fonc\u00e9e, de style \u00ab English bitter \u00bb. Faite avec du malt de cristal pour un go\u00fbt savoureux, et trois vari\u00e9t\u00e9s de houblons pour des saveurs fruit\u00e9es\" \/>\n<meta property=\"og:url\" content=\"https:\/\/perigordbeers.com\/fr\/nos-bieres\/original\/\" \/>\n<meta property=\"og:site_name\" content=\"P\u00e9rigord Beers\" \/>\n<meta property=\"article:modified_time\" content=\"2024-09-26T16:05:22+00:00\" \/>\n<meta property=\"og:image\" content=\"https:\/\/perigordbeers.com\/wp-content\/uploads\/2018\/01\/perigord-beers-the-original.png\" \/>\n\t<meta property=\"og:image:width\" content=\"775\" \/>\n\t<meta property=\"og:image:height\" content=\"775\" \/>\n\t<meta property=\"og:image:type\" content=\"image\/png\" \/>\n<meta name=\"twitter:card\" content=\"summary_large_image\" \/>\n<script type=\"application\/ld+json\" class=\"yoast-schema-graph\">{\"@context\":\"https:\\\/\\\/schema.org\",\"@graph\":[{\"@type\":\"WebPage\",\"@id\":\"https:\\\/\\\/perigordbeers.com\\\/fr\\\/nos-bieres\\\/original\\\/\",\"url\":\"https:\\\/\\\/perigordbeers.com\\\/fr\\\/nos-bieres\\\/original\\\/\",\"name\":\"La Original de P\u00e9rigord Beers : une bi\u00e8re de style \u00abEnglish bitter\u00bb\",\"isPartOf\":{\"@id\":\"https:\\\/\\\/perigordbeers.com\\\/#website\"},\"primaryImageOfPage\":{\"@id\":\"https:\\\/\\\/perigordbeers.com\\\/fr\\\/nos-bieres\\\/original\\\/#primaryimage\"},\"image\":{\"@id\":\"https:\\\/\\\/perigordbeers.com\\\/fr\\\/nos-bieres\\\/original\\\/#primaryimage\"},\"thumbnailUrl\":\"https:\\\/\\\/perigordbeers.com\\\/wp-content\\\/uploads\\\/2018\\\/01\\\/perigord-beers-the-original.png\",\"datePublished\":\"2018-01-11T13:16:19+00:00\",\"dateModified\":\"2024-09-26T16:05:22+00:00\",\"description\":\"La bi\u00e8re Original de P\u00e9rigord Beers est une bi\u00e8re anglaise traditionnelle et fonc\u00e9e, de style \u00ab English bitter \u00bb. Faite avec du malt de cristal pour un go\u00fbt savoureux, et trois vari\u00e9t\u00e9s de houblons pour des saveurs fruit\u00e9es\",\"breadcrumb\":{\"@id\":\"https:\\\/\\\/perigordbeers.com\\\/fr\\\/nos-bieres\\\/original\\\/#breadcrumb\"},\"inLanguage\":\"fr-FR\",\"potentialAction\":[{\"@type\":\"ReadAction\",\"target\":[\"https:\\\/\\\/perigordbeers.com\\\/fr\\\/nos-bieres\\\/original\\\/\"]}]},{\"@type\":\"ImageObject\",\"inLanguage\":\"fr-FR\",\"@id\":\"https:\\\/\\\/perigordbeers.com\\\/fr\\\/nos-bieres\\\/original\\\/#primaryimage\",\"url\":\"https:\\\/\\\/perigordbeers.com\\\/wp-content\\\/uploads\\\/2018\\\/01\\\/perigord-beers-the-original.png\",\"contentUrl\":\"https:\\\/\\\/perigordbeers.com\\\/wp-content\\\/uploads\\\/2018\\\/01\\\/perigord-beers-the-original.png\",\"width\":775,\"height\":775,\"caption\":\"P\u00e9rigord Beers The Original\"},{\"@type\":\"BreadcrumbList\",\"@id\":\"https:\\\/\\\/perigordbeers.com\\\/fr\\\/nos-bieres\\\/original\\\/#breadcrumb\",\"itemListElement\":[{\"@type\":\"ListItem\",\"position\":1,\"name\":\"Home\",\"item\":\"https:\\\/\\\/perigordbeers.com\\\/fr\\\/\"},{\"@type\":\"ListItem\",\"position\":2,\"name\":\"Notre Gamme de Bi\u00e8res Traditionnelles\",\"item\":\"https:\\\/\\\/perigordbeers.com\\\/fr\\\/nos-bieres\\\/\"},{\"@type\":\"ListItem\",\"position\":3,\"name\":\"Original\"}]},{\"@type\":\"WebSite\",\"@id\":\"https:\\\/\\\/perigordbeers.com\\\/#website\",\"url\":\"https:\\\/\\\/perigordbeers.com\\\/\",\"name\":\"P\u00e9rigord Beers\",\"description\":\"Des bi\u00e8res artisanales britanniques, brass\u00e9es en P\u00e9igord Vert\",\"publisher\":{\"@id\":\"https:\\\/\\\/perigordbeers.com\\\/#organization\"},\"potentialAction\":[{\"@type\":\"SearchAction\",\"target\":{\"@type\":\"EntryPoint\",\"urlTemplate\":\"https:\\\/\\\/perigordbeers.com\\\/?s={search_term_string}\"},\"query-input\":{\"@type\":\"PropertyValueSpecification\",\"valueRequired\":true,\"valueName\":\"search_term_string\"}}],\"inLanguage\":\"fr-FR\"},{\"@type\":\"Organization\",\"@id\":\"https:\\\/\\\/perigordbeers.com\\\/#organization\",\"name\":\"P\u00e9rigord Beers\",\"url\":\"https:\\\/\\\/perigordbeers.com\\\/\",\"logo\":{\"@type\":\"ImageObject\",\"inLanguage\":\"fr-FR\",\"@id\":\"https:\\\/\\\/perigordbeers.com\\\/#\\\/schema\\\/logo\\\/image\\\/\",\"url\":\"https:\\\/\\\/perigordbeers.com\\\/wp-content\\\/uploads\\\/2018\\\/01\\\/perigord-beers-dordogne.png\",\"contentUrl\":\"https:\\\/\\\/perigordbeers.com\\\/wp-content\\\/uploads\\\/2018\\\/01\\\/perigord-beers-dordogne.png\",\"width\":507,\"height\":252,\"caption\":\"P\u00e9rigord Beers\"},\"image\":{\"@id\":\"https:\\\/\\\/perigordbeers.com\\\/#\\\/schema\\\/logo\\\/image\\\/\"}}]}<\/script>\n<!-- \/ Yoast SEO plugin. -->","yoast_head_json":{"title":"La Original de P\u00e9rigord Beers : une bi\u00e8re de style \u00abEnglish bitter\u00bb","description":"La bi\u00e8re Original de P\u00e9rigord Beers est une bi\u00e8re anglaise traditionnelle et fonc\u00e9e, de style \u00ab English bitter \u00bb. Faite avec du malt de cristal pour un go\u00fbt savoureux, et trois vari\u00e9t\u00e9s de houblons pour des saveurs fruit\u00e9es","robots":{"index":"index","follow":"follow","max-snippet":"max-snippet:-1","max-image-preview":"max-image-preview:large","max-video-preview":"max-video-preview:-1"},"canonical":"https:\/\/perigordbeers.com\/fr\/nos-bieres\/original\/","og_locale":"fr_FR","og_type":"article","og_title":"La Original de P\u00e9rigord Beers : une bi\u00e8re de style \u00abEnglish bitter\u00bb","og_description":"La bi\u00e8re Original de P\u00e9rigord Beers est une bi\u00e8re anglaise traditionnelle et fonc\u00e9e, de style \u00ab English bitter \u00bb. Faite avec du malt de cristal pour un go\u00fbt savoureux, et trois vari\u00e9t\u00e9s de houblons pour des saveurs fruit\u00e9es","og_url":"https:\/\/perigordbeers.com\/fr\/nos-bieres\/original\/","og_site_name":"P\u00e9rigord Beers","article_modified_time":"2024-09-26T16:05:22+00:00","og_image":[{"width":775,"height":775,"url":"https:\/\/perigordbeers.com\/wp-content\/uploads\/2018\/01\/perigord-beers-the-original.png","type":"image\/png"}],"twitter_card":"summary_large_image","schema":{"@context":"https:\/\/schema.org","@graph":[{"@type":"WebPage","@id":"https:\/\/perigordbeers.com\/fr\/nos-bieres\/original\/","url":"https:\/\/perigordbeers.com\/fr\/nos-bieres\/original\/","name":"La Original de P\u00e9rigord Beers : une bi\u00e8re de style \u00abEnglish bitter\u00bb","isPartOf":{"@id":"https:\/\/perigordbeers.com\/#website"},"primaryImageOfPage":{"@id":"https:\/\/perigordbeers.com\/fr\/nos-bieres\/original\/#primaryimage"},"image":{"@id":"https:\/\/perigordbeers.com\/fr\/nos-bieres\/original\/#primaryimage"},"thumbnailUrl":"https:\/\/perigordbeers.com\/wp-content\/uploads\/2018\/01\/perigord-beers-the-original.png","datePublished":"2018-01-11T13:16:19+00:00","dateModified":"2024-09-26T16:05:22+00:00","description":"La bi\u00e8re Original de P\u00e9rigord Beers est une bi\u00e8re anglaise traditionnelle et fonc\u00e9e, de style \u00ab English bitter \u00bb. Faite avec du malt de cristal pour un go\u00fbt savoureux, et trois vari\u00e9t\u00e9s de houblons pour des saveurs fruit\u00e9es","breadcrumb":{"@id":"https:\/\/perigordbeers.com\/fr\/nos-bieres\/original\/#breadcrumb"},"inLanguage":"fr-FR","potentialAction":[{"@type":"ReadAction","target":["https:\/\/perigordbeers.com\/fr\/nos-bieres\/original\/"]}]},{"@type":"ImageObject","inLanguage":"fr-FR","@id":"https:\/\/perigordbeers.com\/fr\/nos-bieres\/original\/#primaryimage","url":"https:\/\/perigordbeers.com\/wp-content\/uploads\/2018\/01\/perigord-beers-the-original.png","contentUrl":"https:\/\/perigordbeers.com\/wp-content\/uploads\/2018\/01\/perigord-beers-the-original.png","width":775,"height":775,"caption":"P\u00e9rigord Beers The Original"},{"@type":"BreadcrumbList","@id":"https:\/\/perigordbeers.com\/fr\/nos-bieres\/original\/#breadcrumb","itemListElement":[{"@type":"ListItem","position":1,"name":"Home","item":"https:\/\/perigordbeers.com\/fr\/"},{"@type":"ListItem","position":2,"name":"Notre Gamme de Bi\u00e8res Traditionnelles","item":"https:\/\/perigordbeers.com\/fr\/nos-bieres\/"},{"@type":"ListItem","position":3,"name":"Original"}]},{"@type":"WebSite","@id":"https:\/\/perigordbeers.com\/#website","url":"https:\/\/perigordbeers.com\/","name":"P\u00e9rigord Beers","description":"Des bi\u00e8res artisanales britanniques, brass\u00e9es en P\u00e9igord Vert","publisher":{"@id":"https:\/\/perigordbeers.com\/#organization"},"potentialAction":[{"@type":"SearchAction","target":{"@type":"EntryPoint","urlTemplate":"https:\/\/perigordbeers.com\/?s={search_term_string}"},"query-input":{"@type":"PropertyValueSpecification","valueRequired":true,"valueName":"search_term_string"}}],"inLanguage":"fr-FR"},{"@type":"Organization","@id":"https:\/\/perigordbeers.com\/#organization","name":"P\u00e9rigord Beers","url":"https:\/\/perigordbeers.com\/","logo":{"@type":"ImageObject","inLanguage":"fr-FR","@id":"https:\/\/perigordbeers.com\/#\/schema\/logo\/image\/","url":"https:\/\/perigordbeers.com\/wp-content\/uploads\/2018\/01\/perigord-beers-dordogne.png","contentUrl":"https:\/\/perigordbeers.com\/wp-content\/uploads\/2018\/01\/perigord-beers-dordogne.png","width":507,"height":252,"caption":"P\u00e9rigord Beers"},"image":{"@id":"https:\/\/perigordbeers.com\/#\/schema\/logo\/image\/"}}]}},"_links":{"self":[{"href":"https:\/\/perigordbeers.com\/fr\/wp-json\/wp\/v2\/product\/581","targetHints":{"allow":["GET"]}}],"collection":[{"href":"https:\/\/perigordbeers.com\/fr\/wp-json\/wp\/v2\/product"}],"about":[{"href":"https:\/\/perigordbeers.com\/fr\/wp-json\/wp\/v2\/types\/product"}],"replies":[{"embeddable":true,"href":"https:\/\/perigordbeers.com\/fr\/wp-json\/wp\/v2\/comments?post=581"}],"wp:featuredmedia":[{"embeddable":true,"href":"https:\/\/perigordbeers.com\/fr\/wp-json\/wp\/v2\/media\/528"}],"wp:attachment":[{"href":"https:\/\/perigordbeers.com\/fr\/wp-json\/wp\/v2\/media?parent=581"}],"wp:term":[{"taxonomy":"product_brand","embeddable":true,"href":"https:\/\/perigordbeers.com\/fr\/wp-json\/wp\/v2\/product_brand?post=581"},{"taxonomy":"product_cat","embeddable":true,"href":"https:\/\/perigordbeers.com\/fr\/wp-json\/wp\/v2\/product_cat?post=581"},{"taxonomy":"product_tag","embeddable":true,"href":"https:\/\/perigordbeers.com\/fr\/wp-json\/wp\/v2\/product_tag?post=581"}],"curies":[{"name":"wp","href":"https:\/\/api.w.org\/{rel}","templated":true}]}}