{"id":758,"date":"2018-06-07T09:25:33","date_gmt":"2018-06-07T07:25:33","guid":{"rendered":"https:\/\/perigordbeers.com\/our-beers\/saison\/"},"modified":"2025-08-04T14:03:59","modified_gmt":"2025-08-04T12:03:59","slug":"saison","status":"publish","type":"product","link":"https:\/\/perigordbeers.com\/fr\/nos-bieres\/saison\/","title":{"rendered":"Saison"},"content":{"rendered":"<p>La bi\u00e8re \u00ab\u00a0Saison \u00bb de P\u00e9rigord Beers : authentique et artisanale. L\u00e9g\u00e8re et rafra\u00eechissante, c&rsquo;est la bi\u00e8re id\u00e9ale pour l&rsquo;\u00e9t\u00e9. Une bi\u00e8re aux ar\u00f4mes d\u2019agrumes et d&rsquo;\u00e9pices, \u00e0 partager entre amis. Disponible en packs de 3, 6, ou 12.<\/p>\n","protected":false},"excerpt":{"rendered":"<p>La bi\u00e8re \u00ab Saison \u00bb de P\u00e9rigord Beers : authentique et artisanale. L\u00e9g\u00e8re et rafra\u00eechissante, c&rsquo;est la bi\u00e8re id\u00e9ale pour l&rsquo;\u00e9t\u00e9. Une bi\u00e8re aux ar\u00f4mes d\u2019agrumes et d&rsquo;\u00e9pices, \u00e0 partager entre amis.<\/p>\n","protected":false},"featured_media":822,"comment_status":"closed","ping_status":"closed","template":"","meta":[],"product_brand":[],"product_cat":[72],"product_tag":[],"class_list":{"0":"post-758","1":"product","2":"type-product","3":"status-publish","4":"has-post-thumbnail","6":"product_cat-perigord-beers-fr","8":"first","9":"instock","10":"shipping-taxable","11":"purchasable","12":"product-type-variable"},"yoast_head":"<!-- This site is optimized with the Yoast SEO plugin v27.3 - https:\/\/yoast.com\/product\/yoast-seo-wordpress\/ -->\n<title>La bi\u00e8re \u00ab Saison \u00bb de P\u00e9rigord Beers : l\u00e9g\u00e8re et rafra\u00eechissante<\/title>\n<meta name=\"description\" content=\"La bi\u00e8re \u00ab Saison \u00bb de P\u00e9rigord Beers : authentique et artisanale. L\u00e9g\u00e8re et rafra\u00eechissante, c\u2019est la bi\u00e8re id\u00e9ale pour l\u2019\u00e9t\u00e9. Une bi\u00e8re aux ar\u00f4mes d\u2019agrumes et d\u2019\u00e9pices, \u00e0 partager entre amis.\" \/>\n<meta name=\"robots\" content=\"index, follow, max-snippet:-1, max-image-preview:large, max-video-preview:-1\" \/>\n<link rel=\"canonical\" href=\"https:\/\/perigordbeers.com\/fr\/nos-bieres\/saison\/\" \/>\n<meta property=\"og:locale\" content=\"fr_FR\" \/>\n<meta property=\"og:type\" content=\"article\" \/>\n<meta property=\"og:title\" content=\"La bi\u00e8re \u00ab Saison \u00bb de P\u00e9rigord Beers : l\u00e9g\u00e8re et rafra\u00eechissante\" \/>\n<meta property=\"og:description\" content=\"La bi\u00e8re \u00ab Saison \u00bb de P\u00e9rigord Beers : authentique et artisanale. L\u00e9g\u00e8re et rafra\u00eechissante, c\u2019est la bi\u00e8re id\u00e9ale pour l\u2019\u00e9t\u00e9. Une bi\u00e8re aux ar\u00f4mes d\u2019agrumes et d\u2019\u00e9pices, \u00e0 partager entre amis.\" \/>\n<meta property=\"og:url\" content=\"https:\/\/perigordbeers.com\/fr\/nos-bieres\/saison\/\" \/>\n<meta property=\"og:site_name\" content=\"P\u00e9rigord Beers\" \/>\n<meta property=\"article:modified_time\" content=\"2025-08-04T12:03:59+00:00\" \/>\n<meta property=\"og:image\" content=\"https:\/\/perigordbeers.com\/wp-content\/uploads\/2018\/06\/saison-beer-1.png\" \/>\n\t<meta property=\"og:image:width\" content=\"775\" \/>\n\t<meta property=\"og:image:height\" content=\"775\" \/>\n\t<meta property=\"og:image:type\" content=\"image\/png\" \/>\n<meta name=\"twitter:card\" content=\"summary_large_image\" \/>\n<meta name=\"twitter:label1\" content=\"Dur\u00e9e de lecture estim\u00e9e\" \/>\n\t<meta name=\"twitter:data1\" content=\"1 minute\" \/>\n<script type=\"application\/ld+json\" class=\"yoast-schema-graph\">{\"@context\":\"https:\\\/\\\/schema.org\",\"@graph\":[{\"@type\":\"WebPage\",\"@id\":\"https:\\\/\\\/perigordbeers.com\\\/fr\\\/nos-bieres\\\/saison\\\/\",\"url\":\"https:\\\/\\\/perigordbeers.com\\\/fr\\\/nos-bieres\\\/saison\\\/\",\"name\":\"La bi\u00e8re \u00ab Saison \u00bb de P\u00e9rigord Beers : l\u00e9g\u00e8re et rafra\u00eechissante\",\"isPartOf\":{\"@id\":\"https:\\\/\\\/perigordbeers.com\\\/#website\"},\"primaryImageOfPage\":{\"@id\":\"https:\\\/\\\/perigordbeers.com\\\/fr\\\/nos-bieres\\\/saison\\\/#primaryimage\"},\"image\":{\"@id\":\"https:\\\/\\\/perigordbeers.com\\\/fr\\\/nos-bieres\\\/saison\\\/#primaryimage\"},\"thumbnailUrl\":\"https:\\\/\\\/perigordbeers.com\\\/wp-content\\\/uploads\\\/2018\\\/06\\\/saison-beer-1.png\",\"datePublished\":\"2018-06-07T07:25:33+00:00\",\"dateModified\":\"2025-08-04T12:03:59+00:00\",\"description\":\"La bi\u00e8re \u00ab Saison \u00bb de P\u00e9rigord Beers : authentique et artisanale. L\u00e9g\u00e8re et rafra\u00eechissante, c\u2019est la bi\u00e8re id\u00e9ale pour l\u2019\u00e9t\u00e9. Une bi\u00e8re aux ar\u00f4mes d\u2019agrumes et d\u2019\u00e9pices, \u00e0 partager entre amis.\",\"breadcrumb\":{\"@id\":\"https:\\\/\\\/perigordbeers.com\\\/fr\\\/nos-bieres\\\/saison\\\/#breadcrumb\"},\"inLanguage\":\"fr-FR\",\"potentialAction\":[{\"@type\":\"ReadAction\",\"target\":[\"https:\\\/\\\/perigordbeers.com\\\/fr\\\/nos-bieres\\\/saison\\\/\"]}]},{\"@type\":\"ImageObject\",\"inLanguage\":\"fr-FR\",\"@id\":\"https:\\\/\\\/perigordbeers.com\\\/fr\\\/nos-bieres\\\/saison\\\/#primaryimage\",\"url\":\"https:\\\/\\\/perigordbeers.com\\\/wp-content\\\/uploads\\\/2018\\\/06\\\/saison-beer-1.png\",\"contentUrl\":\"https:\\\/\\\/perigordbeers.com\\\/wp-content\\\/uploads\\\/2018\\\/06\\\/saison-beer-1.png\",\"width\":775,\"height\":775,\"caption\":\"Artisanal beer \\\"Saison\\\" from P\u00e9rigord Beers\"},{\"@type\":\"BreadcrumbList\",\"@id\":\"https:\\\/\\\/perigordbeers.com\\\/fr\\\/nos-bieres\\\/saison\\\/#breadcrumb\",\"itemListElement\":[{\"@type\":\"ListItem\",\"position\":1,\"name\":\"Home\",\"item\":\"https:\\\/\\\/perigordbeers.com\\\/fr\\\/\"},{\"@type\":\"ListItem\",\"position\":2,\"name\":\"Notre Gamme de Bi\u00e8res Traditionnelles\",\"item\":\"https:\\\/\\\/perigordbeers.com\\\/fr\\\/nos-bieres\\\/\"},{\"@type\":\"ListItem\",\"position\":3,\"name\":\"Saison\"}]},{\"@type\":\"WebSite\",\"@id\":\"https:\\\/\\\/perigordbeers.com\\\/#website\",\"url\":\"https:\\\/\\\/perigordbeers.com\\\/\",\"name\":\"P\u00e9rigord Beers\",\"description\":\"Des bi\u00e8res artisanales britanniques, brass\u00e9es en P\u00e9igord Vert\",\"publisher\":{\"@id\":\"https:\\\/\\\/perigordbeers.com\\\/#organization\"},\"potentialAction\":[{\"@type\":\"SearchAction\",\"target\":{\"@type\":\"EntryPoint\",\"urlTemplate\":\"https:\\\/\\\/perigordbeers.com\\\/?s={search_term_string}\"},\"query-input\":{\"@type\":\"PropertyValueSpecification\",\"valueRequired\":true,\"valueName\":\"search_term_string\"}}],\"inLanguage\":\"fr-FR\"},{\"@type\":\"Organization\",\"@id\":\"https:\\\/\\\/perigordbeers.com\\\/#organization\",\"name\":\"P\u00e9rigord Beers\",\"url\":\"https:\\\/\\\/perigordbeers.com\\\/\",\"logo\":{\"@type\":\"ImageObject\",\"inLanguage\":\"fr-FR\",\"@id\":\"https:\\\/\\\/perigordbeers.com\\\/#\\\/schema\\\/logo\\\/image\\\/\",\"url\":\"https:\\\/\\\/perigordbeers.com\\\/wp-content\\\/uploads\\\/2018\\\/01\\\/perigord-beers-dordogne.png\",\"contentUrl\":\"https:\\\/\\\/perigordbeers.com\\\/wp-content\\\/uploads\\\/2018\\\/01\\\/perigord-beers-dordogne.png\",\"width\":507,\"height\":252,\"caption\":\"P\u00e9rigord Beers\"},\"image\":{\"@id\":\"https:\\\/\\\/perigordbeers.com\\\/#\\\/schema\\\/logo\\\/image\\\/\"}}]}<\/script>\n<!-- \/ Yoast SEO plugin. -->","yoast_head_json":{"title":"La bi\u00e8re \u00ab Saison \u00bb de P\u00e9rigord Beers : l\u00e9g\u00e8re et rafra\u00eechissante","description":"La bi\u00e8re \u00ab Saison \u00bb de P\u00e9rigord Beers : authentique et artisanale. L\u00e9g\u00e8re et rafra\u00eechissante, c\u2019est la bi\u00e8re id\u00e9ale pour l\u2019\u00e9t\u00e9. Une bi\u00e8re aux ar\u00f4mes d\u2019agrumes et d\u2019\u00e9pices, \u00e0 partager entre amis.","robots":{"index":"index","follow":"follow","max-snippet":"max-snippet:-1","max-image-preview":"max-image-preview:large","max-video-preview":"max-video-preview:-1"},"canonical":"https:\/\/perigordbeers.com\/fr\/nos-bieres\/saison\/","og_locale":"fr_FR","og_type":"article","og_title":"La bi\u00e8re \u00ab Saison \u00bb de P\u00e9rigord Beers : l\u00e9g\u00e8re et rafra\u00eechissante","og_description":"La bi\u00e8re \u00ab Saison \u00bb de P\u00e9rigord Beers : authentique et artisanale. L\u00e9g\u00e8re et rafra\u00eechissante, c\u2019est la bi\u00e8re id\u00e9ale pour l\u2019\u00e9t\u00e9. Une bi\u00e8re aux ar\u00f4mes d\u2019agrumes et d\u2019\u00e9pices, \u00e0 partager entre amis.","og_url":"https:\/\/perigordbeers.com\/fr\/nos-bieres\/saison\/","og_site_name":"P\u00e9rigord Beers","article_modified_time":"2025-08-04T12:03:59+00:00","og_image":[{"width":775,"height":775,"url":"https:\/\/perigordbeers.com\/wp-content\/uploads\/2018\/06\/saison-beer-1.png","type":"image\/png"}],"twitter_card":"summary_large_image","twitter_misc":{"Dur\u00e9e de lecture estim\u00e9e":"1 minute"},"schema":{"@context":"https:\/\/schema.org","@graph":[{"@type":"WebPage","@id":"https:\/\/perigordbeers.com\/fr\/nos-bieres\/saison\/","url":"https:\/\/perigordbeers.com\/fr\/nos-bieres\/saison\/","name":"La bi\u00e8re \u00ab Saison \u00bb de P\u00e9rigord Beers : l\u00e9g\u00e8re et rafra\u00eechissante","isPartOf":{"@id":"https:\/\/perigordbeers.com\/#website"},"primaryImageOfPage":{"@id":"https:\/\/perigordbeers.com\/fr\/nos-bieres\/saison\/#primaryimage"},"image":{"@id":"https:\/\/perigordbeers.com\/fr\/nos-bieres\/saison\/#primaryimage"},"thumbnailUrl":"https:\/\/perigordbeers.com\/wp-content\/uploads\/2018\/06\/saison-beer-1.png","datePublished":"2018-06-07T07:25:33+00:00","dateModified":"2025-08-04T12:03:59+00:00","description":"La bi\u00e8re \u00ab Saison \u00bb de P\u00e9rigord Beers : authentique et artisanale. L\u00e9g\u00e8re et rafra\u00eechissante, c\u2019est la bi\u00e8re id\u00e9ale pour l\u2019\u00e9t\u00e9. Une bi\u00e8re aux ar\u00f4mes d\u2019agrumes et d\u2019\u00e9pices, \u00e0 partager entre amis.","breadcrumb":{"@id":"https:\/\/perigordbeers.com\/fr\/nos-bieres\/saison\/#breadcrumb"},"inLanguage":"fr-FR","potentialAction":[{"@type":"ReadAction","target":["https:\/\/perigordbeers.com\/fr\/nos-bieres\/saison\/"]}]},{"@type":"ImageObject","inLanguage":"fr-FR","@id":"https:\/\/perigordbeers.com\/fr\/nos-bieres\/saison\/#primaryimage","url":"https:\/\/perigordbeers.com\/wp-content\/uploads\/2018\/06\/saison-beer-1.png","contentUrl":"https:\/\/perigordbeers.com\/wp-content\/uploads\/2018\/06\/saison-beer-1.png","width":775,"height":775,"caption":"Artisanal beer \"Saison\" from P\u00e9rigord Beers"},{"@type":"BreadcrumbList","@id":"https:\/\/perigordbeers.com\/fr\/nos-bieres\/saison\/#breadcrumb","itemListElement":[{"@type":"ListItem","position":1,"name":"Home","item":"https:\/\/perigordbeers.com\/fr\/"},{"@type":"ListItem","position":2,"name":"Notre Gamme de Bi\u00e8res Traditionnelles","item":"https:\/\/perigordbeers.com\/fr\/nos-bieres\/"},{"@type":"ListItem","position":3,"name":"Saison"}]},{"@type":"WebSite","@id":"https:\/\/perigordbeers.com\/#website","url":"https:\/\/perigordbeers.com\/","name":"P\u00e9rigord Beers","description":"Des bi\u00e8res artisanales britanniques, brass\u00e9es en P\u00e9igord Vert","publisher":{"@id":"https:\/\/perigordbeers.com\/#organization"},"potentialAction":[{"@type":"SearchAction","target":{"@type":"EntryPoint","urlTemplate":"https:\/\/perigordbeers.com\/?s={search_term_string}"},"query-input":{"@type":"PropertyValueSpecification","valueRequired":true,"valueName":"search_term_string"}}],"inLanguage":"fr-FR"},{"@type":"Organization","@id":"https:\/\/perigordbeers.com\/#organization","name":"P\u00e9rigord Beers","url":"https:\/\/perigordbeers.com\/","logo":{"@type":"ImageObject","inLanguage":"fr-FR","@id":"https:\/\/perigordbeers.com\/#\/schema\/logo\/image\/","url":"https:\/\/perigordbeers.com\/wp-content\/uploads\/2018\/01\/perigord-beers-dordogne.png","contentUrl":"https:\/\/perigordbeers.com\/wp-content\/uploads\/2018\/01\/perigord-beers-dordogne.png","width":507,"height":252,"caption":"P\u00e9rigord Beers"},"image":{"@id":"https:\/\/perigordbeers.com\/#\/schema\/logo\/image\/"}}]}},"_links":{"self":[{"href":"https:\/\/perigordbeers.com\/fr\/wp-json\/wp\/v2\/product\/758","targetHints":{"allow":["GET"]}}],"collection":[{"href":"https:\/\/perigordbeers.com\/fr\/wp-json\/wp\/v2\/product"}],"about":[{"href":"https:\/\/perigordbeers.com\/fr\/wp-json\/wp\/v2\/types\/product"}],"replies":[{"embeddable":true,"href":"https:\/\/perigordbeers.com\/fr\/wp-json\/wp\/v2\/comments?post=758"}],"wp:featuredmedia":[{"embeddable":true,"href":"https:\/\/perigordbeers.com\/fr\/wp-json\/wp\/v2\/media\/822"}],"wp:attachment":[{"href":"https:\/\/perigordbeers.com\/fr\/wp-json\/wp\/v2\/media?parent=758"}],"wp:term":[{"taxonomy":"product_brand","embeddable":true,"href":"https:\/\/perigordbeers.com\/fr\/wp-json\/wp\/v2\/product_brand?post=758"},{"taxonomy":"product_cat","embeddable":true,"href":"https:\/\/perigordbeers.com\/fr\/wp-json\/wp\/v2\/product_cat?post=758"},{"taxonomy":"product_tag","embeddable":true,"href":"https:\/\/perigordbeers.com\/fr\/wp-json\/wp\/v2\/product_tag?post=758"}],"curies":[{"name":"wp","href":"https:\/\/api.w.org\/{rel}","templated":true}]}}