{"id":762,"date":"2018-06-07T09:53:12","date_gmt":"2018-06-07T07:53:12","guid":{"rendered":"https:\/\/perigordbeers.com\/our-beers\/extra-ipa\/"},"modified":"2025-11-06T09:07:56","modified_gmt":"2025-11-06T08:07:56","slug":"extra-ipa","status":"publish","type":"product","link":"https:\/\/perigordbeers.com\/fr\/nos-bieres\/extra-ipa\/","title":{"rendered":"Extra IPA &#8211; 75CL STOCK EPUISE"},"content":{"rendered":"<p>La bi\u00e8re Extra IPA de P\u00e9rigord Beers est une bi\u00e8re blonde au houblon. Une v\u00e9ritable explosion de saveurs prononc\u00e9es et fruit\u00e9es. Disponible en packs de 3, 6, ou 12.<\/p>\n","protected":false},"excerpt":{"rendered":"<p>La bi\u00e8re Extra IPA de P\u00e9rigord Beers est une bi\u00e8re blonde au houblon. Une v\u00e9ritable explosion de saveurs prononc\u00e9es et fruit\u00e9es.<\/p>\n","protected":false},"featured_media":823,"comment_status":"closed","ping_status":"closed","template":"","meta":[],"product_brand":[],"product_cat":[72],"product_tag":[],"class_list":{"0":"post-762","1":"product","2":"type-product","3":"status-publish","4":"has-post-thumbnail","6":"product_cat-perigord-beers-fr","8":"first","9":"instock","10":"shipping-taxable","11":"purchasable","12":"product-type-variable"},"yoast_head":"<!-- This site is optimized with the Yoast SEO plugin v27.3 - https:\/\/yoast.com\/product\/yoast-seo-wordpress\/ -->\n<title>Extra IPA by P\u00e9rigord Beers: a golden beer full of fruity flavours<\/title>\n<meta name=\"description\" content=\"Our hoppy, golden P\u00e9rigord Beers Extra IPA offers a magnificent explosion of rich, fruity flavours and aromas\" \/>\n<meta name=\"robots\" content=\"index, follow, max-snippet:-1, max-image-preview:large, max-video-preview:-1\" \/>\n<link rel=\"canonical\" href=\"https:\/\/perigordbeers.com\/fr\/nos-bieres\/extra-ipa\/\" \/>\n<meta property=\"og:locale\" content=\"fr_FR\" \/>\n<meta property=\"og:type\" content=\"article\" \/>\n<meta property=\"og:title\" content=\"Extra IPA by P\u00e9rigord Beers: a golden beer full of fruity flavours\" \/>\n<meta property=\"og:description\" content=\"Our hoppy, golden P\u00e9rigord Beers Extra IPA offers a magnificent explosion of rich, fruity flavours and aromas\" \/>\n<meta property=\"og:url\" content=\"https:\/\/perigordbeers.com\/fr\/nos-bieres\/extra-ipa\/\" \/>\n<meta property=\"og:site_name\" content=\"P\u00e9rigord Beers\" \/>\n<meta property=\"article:modified_time\" content=\"2025-11-06T08:07:56+00:00\" \/>\n<meta property=\"og:image\" content=\"https:\/\/perigordbeers.com\/wp-content\/uploads\/2018\/06\/extra-ipa-1.png\" \/>\n\t<meta property=\"og:image:width\" content=\"775\" \/>\n\t<meta property=\"og:image:height\" content=\"775\" \/>\n\t<meta property=\"og:image:type\" content=\"image\/png\" \/>\n<meta name=\"twitter:card\" content=\"summary_large_image\" \/>\n<meta name=\"twitter:label1\" content=\"Dur\u00e9e de lecture estim\u00e9e\" \/>\n\t<meta name=\"twitter:data1\" content=\"1 minute\" \/>\n<script type=\"application\/ld+json\" class=\"yoast-schema-graph\">{\"@context\":\"https:\\\/\\\/schema.org\",\"@graph\":[{\"@type\":\"WebPage\",\"@id\":\"https:\\\/\\\/perigordbeers.com\\\/fr\\\/nos-bieres\\\/extra-ipa\\\/\",\"url\":\"https:\\\/\\\/perigordbeers.com\\\/fr\\\/nos-bieres\\\/extra-ipa\\\/\",\"name\":\"Extra IPA by P\u00e9rigord Beers: a golden beer full of fruity flavours\",\"isPartOf\":{\"@id\":\"https:\\\/\\\/perigordbeers.com\\\/#website\"},\"primaryImageOfPage\":{\"@id\":\"https:\\\/\\\/perigordbeers.com\\\/fr\\\/nos-bieres\\\/extra-ipa\\\/#primaryimage\"},\"image\":{\"@id\":\"https:\\\/\\\/perigordbeers.com\\\/fr\\\/nos-bieres\\\/extra-ipa\\\/#primaryimage\"},\"thumbnailUrl\":\"https:\\\/\\\/perigordbeers.com\\\/wp-content\\\/uploads\\\/2018\\\/06\\\/extra-ipa-1.png\",\"datePublished\":\"2018-06-07T07:53:12+00:00\",\"dateModified\":\"2025-11-06T08:07:56+00:00\",\"description\":\"Our hoppy, golden P\u00e9rigord Beers Extra IPA offers a magnificent explosion of rich, fruity flavours and aromas\",\"breadcrumb\":{\"@id\":\"https:\\\/\\\/perigordbeers.com\\\/fr\\\/nos-bieres\\\/extra-ipa\\\/#breadcrumb\"},\"inLanguage\":\"fr-FR\",\"potentialAction\":[{\"@type\":\"ReadAction\",\"target\":[\"https:\\\/\\\/perigordbeers.com\\\/fr\\\/nos-bieres\\\/extra-ipa\\\/\"]}]},{\"@type\":\"ImageObject\",\"inLanguage\":\"fr-FR\",\"@id\":\"https:\\\/\\\/perigordbeers.com\\\/fr\\\/nos-bieres\\\/extra-ipa\\\/#primaryimage\",\"url\":\"https:\\\/\\\/perigordbeers.com\\\/wp-content\\\/uploads\\\/2018\\\/06\\\/extra-ipa-1.png\",\"contentUrl\":\"https:\\\/\\\/perigordbeers.com\\\/wp-content\\\/uploads\\\/2018\\\/06\\\/extra-ipa-1.png\",\"width\":775,\"height\":775,\"caption\":\"Artisanal beer \\\"Saison\\\" from P\u00e9rigord Beers\"},{\"@type\":\"BreadcrumbList\",\"@id\":\"https:\\\/\\\/perigordbeers.com\\\/fr\\\/nos-bieres\\\/extra-ipa\\\/#breadcrumb\",\"itemListElement\":[{\"@type\":\"ListItem\",\"position\":1,\"name\":\"Home\",\"item\":\"https:\\\/\\\/perigordbeers.com\\\/fr\\\/\"},{\"@type\":\"ListItem\",\"position\":2,\"name\":\"Notre Gamme de Bi\u00e8res Traditionnelles\",\"item\":\"https:\\\/\\\/perigordbeers.com\\\/fr\\\/nos-bieres\\\/\"},{\"@type\":\"ListItem\",\"position\":3,\"name\":\"Extra IPA &#8211; 75CL STOCK EPUISE\"}]},{\"@type\":\"WebSite\",\"@id\":\"https:\\\/\\\/perigordbeers.com\\\/#website\",\"url\":\"https:\\\/\\\/perigordbeers.com\\\/\",\"name\":\"P\u00e9rigord Beers\",\"description\":\"Des bi\u00e8res artisanales britanniques, brass\u00e9es en P\u00e9igord Vert\",\"publisher\":{\"@id\":\"https:\\\/\\\/perigordbeers.com\\\/#organization\"},\"potentialAction\":[{\"@type\":\"SearchAction\",\"target\":{\"@type\":\"EntryPoint\",\"urlTemplate\":\"https:\\\/\\\/perigordbeers.com\\\/?s={search_term_string}\"},\"query-input\":{\"@type\":\"PropertyValueSpecification\",\"valueRequired\":true,\"valueName\":\"search_term_string\"}}],\"inLanguage\":\"fr-FR\"},{\"@type\":\"Organization\",\"@id\":\"https:\\\/\\\/perigordbeers.com\\\/#organization\",\"name\":\"P\u00e9rigord Beers\",\"url\":\"https:\\\/\\\/perigordbeers.com\\\/\",\"logo\":{\"@type\":\"ImageObject\",\"inLanguage\":\"fr-FR\",\"@id\":\"https:\\\/\\\/perigordbeers.com\\\/#\\\/schema\\\/logo\\\/image\\\/\",\"url\":\"https:\\\/\\\/perigordbeers.com\\\/wp-content\\\/uploads\\\/2018\\\/01\\\/perigord-beers-dordogne.png\",\"contentUrl\":\"https:\\\/\\\/perigordbeers.com\\\/wp-content\\\/uploads\\\/2018\\\/01\\\/perigord-beers-dordogne.png\",\"width\":507,\"height\":252,\"caption\":\"P\u00e9rigord Beers\"},\"image\":{\"@id\":\"https:\\\/\\\/perigordbeers.com\\\/#\\\/schema\\\/logo\\\/image\\\/\"}}]}<\/script>\n<!-- \/ Yoast SEO plugin. -->","yoast_head_json":{"title":"Extra IPA by P\u00e9rigord Beers: a golden beer full of fruity flavours","description":"Our hoppy, golden P\u00e9rigord Beers Extra IPA offers a magnificent explosion of rich, fruity flavours and aromas","robots":{"index":"index","follow":"follow","max-snippet":"max-snippet:-1","max-image-preview":"max-image-preview:large","max-video-preview":"max-video-preview:-1"},"canonical":"https:\/\/perigordbeers.com\/fr\/nos-bieres\/extra-ipa\/","og_locale":"fr_FR","og_type":"article","og_title":"Extra IPA by P\u00e9rigord Beers: a golden beer full of fruity flavours","og_description":"Our hoppy, golden P\u00e9rigord Beers Extra IPA offers a magnificent explosion of rich, fruity flavours and aromas","og_url":"https:\/\/perigordbeers.com\/fr\/nos-bieres\/extra-ipa\/","og_site_name":"P\u00e9rigord Beers","article_modified_time":"2025-11-06T08:07:56+00:00","og_image":[{"width":775,"height":775,"url":"https:\/\/perigordbeers.com\/wp-content\/uploads\/2018\/06\/extra-ipa-1.png","type":"image\/png"}],"twitter_card":"summary_large_image","twitter_misc":{"Dur\u00e9e de lecture estim\u00e9e":"1 minute"},"schema":{"@context":"https:\/\/schema.org","@graph":[{"@type":"WebPage","@id":"https:\/\/perigordbeers.com\/fr\/nos-bieres\/extra-ipa\/","url":"https:\/\/perigordbeers.com\/fr\/nos-bieres\/extra-ipa\/","name":"Extra IPA by P\u00e9rigord Beers: a golden beer full of fruity flavours","isPartOf":{"@id":"https:\/\/perigordbeers.com\/#website"},"primaryImageOfPage":{"@id":"https:\/\/perigordbeers.com\/fr\/nos-bieres\/extra-ipa\/#primaryimage"},"image":{"@id":"https:\/\/perigordbeers.com\/fr\/nos-bieres\/extra-ipa\/#primaryimage"},"thumbnailUrl":"https:\/\/perigordbeers.com\/wp-content\/uploads\/2018\/06\/extra-ipa-1.png","datePublished":"2018-06-07T07:53:12+00:00","dateModified":"2025-11-06T08:07:56+00:00","description":"Our hoppy, golden P\u00e9rigord Beers Extra IPA offers a magnificent explosion of rich, fruity flavours and aromas","breadcrumb":{"@id":"https:\/\/perigordbeers.com\/fr\/nos-bieres\/extra-ipa\/#breadcrumb"},"inLanguage":"fr-FR","potentialAction":[{"@type":"ReadAction","target":["https:\/\/perigordbeers.com\/fr\/nos-bieres\/extra-ipa\/"]}]},{"@type":"ImageObject","inLanguage":"fr-FR","@id":"https:\/\/perigordbeers.com\/fr\/nos-bieres\/extra-ipa\/#primaryimage","url":"https:\/\/perigordbeers.com\/wp-content\/uploads\/2018\/06\/extra-ipa-1.png","contentUrl":"https:\/\/perigordbeers.com\/wp-content\/uploads\/2018\/06\/extra-ipa-1.png","width":775,"height":775,"caption":"Artisanal beer \"Saison\" from P\u00e9rigord Beers"},{"@type":"BreadcrumbList","@id":"https:\/\/perigordbeers.com\/fr\/nos-bieres\/extra-ipa\/#breadcrumb","itemListElement":[{"@type":"ListItem","position":1,"name":"Home","item":"https:\/\/perigordbeers.com\/fr\/"},{"@type":"ListItem","position":2,"name":"Notre Gamme de Bi\u00e8res Traditionnelles","item":"https:\/\/perigordbeers.com\/fr\/nos-bieres\/"},{"@type":"ListItem","position":3,"name":"Extra IPA &#8211; 75CL STOCK EPUISE"}]},{"@type":"WebSite","@id":"https:\/\/perigordbeers.com\/#website","url":"https:\/\/perigordbeers.com\/","name":"P\u00e9rigord Beers","description":"Des bi\u00e8res artisanales britanniques, brass\u00e9es en P\u00e9igord Vert","publisher":{"@id":"https:\/\/perigordbeers.com\/#organization"},"potentialAction":[{"@type":"SearchAction","target":{"@type":"EntryPoint","urlTemplate":"https:\/\/perigordbeers.com\/?s={search_term_string}"},"query-input":{"@type":"PropertyValueSpecification","valueRequired":true,"valueName":"search_term_string"}}],"inLanguage":"fr-FR"},{"@type":"Organization","@id":"https:\/\/perigordbeers.com\/#organization","name":"P\u00e9rigord Beers","url":"https:\/\/perigordbeers.com\/","logo":{"@type":"ImageObject","inLanguage":"fr-FR","@id":"https:\/\/perigordbeers.com\/#\/schema\/logo\/image\/","url":"https:\/\/perigordbeers.com\/wp-content\/uploads\/2018\/01\/perigord-beers-dordogne.png","contentUrl":"https:\/\/perigordbeers.com\/wp-content\/uploads\/2018\/01\/perigord-beers-dordogne.png","width":507,"height":252,"caption":"P\u00e9rigord Beers"},"image":{"@id":"https:\/\/perigordbeers.com\/#\/schema\/logo\/image\/"}}]}},"_links":{"self":[{"href":"https:\/\/perigordbeers.com\/fr\/wp-json\/wp\/v2\/product\/762","targetHints":{"allow":["GET"]}}],"collection":[{"href":"https:\/\/perigordbeers.com\/fr\/wp-json\/wp\/v2\/product"}],"about":[{"href":"https:\/\/perigordbeers.com\/fr\/wp-json\/wp\/v2\/types\/product"}],"replies":[{"embeddable":true,"href":"https:\/\/perigordbeers.com\/fr\/wp-json\/wp\/v2\/comments?post=762"}],"wp:featuredmedia":[{"embeddable":true,"href":"https:\/\/perigordbeers.com\/fr\/wp-json\/wp\/v2\/media\/823"}],"wp:attachment":[{"href":"https:\/\/perigordbeers.com\/fr\/wp-json\/wp\/v2\/media?parent=762"}],"wp:term":[{"taxonomy":"product_brand","embeddable":true,"href":"https:\/\/perigordbeers.com\/fr\/wp-json\/wp\/v2\/product_brand?post=762"},{"taxonomy":"product_cat","embeddable":true,"href":"https:\/\/perigordbeers.com\/fr\/wp-json\/wp\/v2\/product_cat?post=762"},{"taxonomy":"product_tag","embeddable":true,"href":"https:\/\/perigordbeers.com\/fr\/wp-json\/wp\/v2\/product_tag?post=762"}],"curies":[{"name":"wp","href":"https:\/\/api.w.org\/{rel}","templated":true}]}}